{"id":297,"date":"2022-12-21T13:26:56","date_gmt":"2022-12-21T13:26:56","guid":{"rendered":"https:\/\/www.minaromgallery.hu\/?page_id=297"},"modified":"2026-03-10T09:41:01","modified_gmt":"2026-03-10T09:41:01","slug":"masazne-sluzby-loccitane","status":"publish","type":"page","link":"https:\/\/www.minaromgallery.hu\/sk\/wellness-spa-2\/masazne-sluzby-loccitane\/","title":{"rendered":"Mas\u00e1\u017ene slu\u017eby L&#8217;OCCITANE"},"content":{"rendered":"<p style=\"text-align: center\" data-start=\"0\" data-end=\"73\">Mas\u00e1\u017eny z\u00e1\u017eitok L\u2019OCCITANE v Minaro Hotel Tokaj \u2013 MGallery Collection<\/p>\n<p style=\"text-align: center\" data-start=\"75\" data-end=\"436\">Spa proced\u00fary L\u2019OCCITANE v Minaro Hotel Tokaj \u2013 MGallery Collection prin\u00e1\u0161aj\u00fa prirodzen\u00fa eleganciu a atmosf\u00e9ru Provence priamo do srdca Tokaja. Starostlivo vybran\u00e9 rastlinn\u00e9 akt\u00edvne zlo\u017eky, podmaniv\u00e9 v\u00f4ne p\u00f4sobiace na zmysly a individu\u00e1lne prisp\u00f4soben\u00e9 mas\u00e1\u017ene techniky spolu vytv\u00e1raj\u00fa ritu\u00e1l, ktor\u00fd nielen uvo\u013e\u0148uje svaly, ale aj hlboko upokojuje myse\u013e.<\/p>\n<p style=\"text-align: center\" data-start=\"438\" data-end=\"675\">\u010ci u\u017e h\u013ead\u00e1te kr\u00e1tke, cielen\u00e9 osvie\u017eenie alebo dlh\u0161\u00ed regenera\u010dn\u00fd z\u00e1\u017eitok, cie\u013eom na\u0161ich proced\u00far je pom\u00f4c\u0165 v\u00e1m znovu n\u00e1js\u0165 vn\u00fatorn\u00fa rovnov\u00e1hu a dopria\u0165 si skuto\u010dn\u00e9, dlhotrvaj\u00face uvo\u013enenie v exkluz\u00edvnej a pokojnej atmosf\u00e9re hotela Minaro.<\/p>\n<p style=\"text-align: center\" data-start=\"677\" data-end=\"825\">\u0160peci\u00e1lna ponuka:<br data-start=\"698\" data-end=\"701\" \/>Ak si svoju mas\u00e1\u017e rezervujete najmenej 48 hod\u00edn pred za\u010diatkom proced\u00fary, z\u00edskate 10 % z\u013eavu z ceny vybranej slu\u017eby.<\/p>\n<p style=\"text-align: center\" data-start=\"827\" data-end=\"902\" data-is-last-node=\"\" data-is-only-node=\"\"><strong>Rezerv\u00e1cia term\u00ednu priamo:<\/strong><br data-start=\"857\" data-end=\"860\" \/>\ud83d\udce7 <a class=\"decorated-link cursor-pointer\" rel=\"noopener\" data-start=\"863\" data-end=\"882\">viki.toth@accor.com<\/a><br data-start=\"882\" data-end=\"885\" \/>\ud83d\udcde +36 47 346 431<\/p>\n","protected":false},"excerpt":{"rendered":"<p>Mas\u00e1\u017eny z\u00e1\u017eitok L\u2019OCCITANE v Minaro Hotel Tokaj \u2013 MGallery Collection Spa proced\u00fary L\u2019OCCITANE v Minaro Hotel Tokaj \u2013 MGallery Collection prin\u00e1\u0161aj\u00fa prirodzen\u00fa eleganciu a atmosf\u00e9ru Provence priamo do srdca Tokaja. Starostlivo vybran\u00e9 rastlinn\u00e9 akt\u00edvne zlo\u017eky, podmaniv\u00e9 v\u00f4ne p\u00f4sobiace na zmysly a individu\u00e1lne prisp\u00f4soben\u00e9 mas\u00e1\u017ene techniky spolu vytv\u00e1raj\u00fa ritu\u00e1l, ktor\u00fd nielen uvo\u013e\u0148uje svaly, ale aj hlboko [&hellip;]<\/p>\n","protected":false},"author":67,"featured_media":0,"parent":295,"menu_order":5,"comment_status":"closed","ping_status":"closed","template":"template-spa.php","meta":{"footnotes":""},"categories":[],"class_list":["post-297","page","type-page","status-publish","hentry"],"acf":[],"yoast_head":"<!-- This site is optimized with the Yoast SEO plugin v26.9 - https:\/\/yoast.com\/product\/yoast-seo-wordpress\/ -->\n<title>Mas\u00e1\u017ene slu\u017eby L&#039;OCCITANE - MGallery Minaro Hotel Tokaj -<\/title>\n<meta name=\"description\" content=\"Mas\u00e1\u017eny z\u00e1\u017eitok L\u2019OCCITANE v Minaro Hotel Tokaj \u2013 MGallery Collection Spa proced\u00fary L\u2019OCCITANE v Minaro Hotel Tokaj \u2013 MGallery Collection prin\u00e1\u0161aj\u00fa prirodzen\u00fa eleganciu a atmosf\u00e9ru Provence priamo do srdca Tokaja. Starostlivo vybran\u00e9 rastlinn\u00e9 akt\u00edvne zlo\u017eky, podmaniv\u00e9 v\u00f4ne p\u00f4sobiace na zmysly a individu\u00e1lne prisp\u00f4soben\u00e9 mas\u00e1\u017ene techniky spolu vytv\u00e1raj\u00fa ritu\u00e1l, ktor\u00fd nielen uvo\u013e\u0148uje svaly, ale aj hlboko upokojuje myse\u013e. \u010ci u\u017e h\u013ead\u00e1te kr\u00e1tke, cielen\u00e9 osvie\u017eenie alebo dlh\u0161\u00ed regenera\u010dn\u00fd z\u00e1\u017eitok, cie\u013eom na\u0161ich proced\u00far je pom\u00f4c\u0165 v\u00e1m znovu n\u00e1js\u0165 vn\u00fatorn\u00fa rovnov\u00e1hu a dopria\u0165 si skuto\u010dn\u00e9, dlhotrvaj\u00face uvo\u013enenie v exkluz\u00edvnej a pokojnej atmosf\u00e9re hotela Minaro. \u0160peci\u00e1lna ponuka:Ak si svoju mas\u00e1\u017e rezervujete najmenej 48 hod\u00edn pred za\u010diatkom proced\u00fary, z\u00edskate 10 % z\u013eavu z ceny vybranej slu\u017eby. Rezerv\u00e1cia term\u00ednu priamo:\ud83d\udce7 viki.toth@accor.com\ud83d\udcde +36 47 346 431\" \/>\n<meta name=\"robots\" content=\"index, follow, max-snippet:-1, max-image-preview:large, max-video-preview:-1\" \/>\n<link rel=\"canonical\" href=\"https:\/\/www.minaromgallery.hu\/sk\/wellness-spa-2\/masazne-sluzby-loccitane\/\" \/>\n<meta property=\"og:locale\" content=\"sk_SK\" \/>\n<meta property=\"og:type\" content=\"article\" \/>\n<meta property=\"og:title\" content=\"Mas\u00e1\u017ene slu\u017eby L&#039;OCCITANE - MGallery Minaro Hotel Tokaj -\" \/>\n<meta property=\"og:description\" content=\"Mas\u00e1\u017eny z\u00e1\u017eitok L\u2019OCCITANE v Minaro Hotel Tokaj \u2013 MGallery Collection Spa proced\u00fary L\u2019OCCITANE v Minaro Hotel Tokaj \u2013 MGallery Collection prin\u00e1\u0161aj\u00fa prirodzen\u00fa eleganciu a atmosf\u00e9ru Provence priamo do srdca Tokaja. Starostlivo vybran\u00e9 rastlinn\u00e9 akt\u00edvne zlo\u017eky, podmaniv\u00e9 v\u00f4ne p\u00f4sobiace na zmysly a individu\u00e1lne prisp\u00f4soben\u00e9 mas\u00e1\u017ene techniky spolu vytv\u00e1raj\u00fa ritu\u00e1l, ktor\u00fd nielen uvo\u013e\u0148uje svaly, ale aj hlboko upokojuje myse\u013e. \u010ci u\u017e h\u013ead\u00e1te kr\u00e1tke, cielen\u00e9 osvie\u017eenie alebo dlh\u0161\u00ed regenera\u010dn\u00fd z\u00e1\u017eitok, cie\u013eom na\u0161ich proced\u00far je pom\u00f4c\u0165 v\u00e1m znovu n\u00e1js\u0165 vn\u00fatorn\u00fa rovnov\u00e1hu a dopria\u0165 si skuto\u010dn\u00e9, dlhotrvaj\u00face uvo\u013enenie v exkluz\u00edvnej a pokojnej atmosf\u00e9re hotela Minaro. \u0160peci\u00e1lna ponuka:Ak si svoju mas\u00e1\u017e rezervujete najmenej 48 hod\u00edn pred za\u010diatkom proced\u00fary, z\u00edskate 10 % z\u013eavu z ceny vybranej slu\u017eby. Rezerv\u00e1cia term\u00ednu priamo:\ud83d\udce7 viki.toth@accor.com\ud83d\udcde +36 47 346 431\" \/>\n<meta property=\"og:url\" content=\"https:\/\/www.minaromgallery.hu\/sk\/wellness-spa-2\/masazne-sluzby-loccitane\/\" \/>\n<meta property=\"og:site_name\" content=\"MGallery Minaro Hotel Tokaj\" \/>\n<meta property=\"article:modified_time\" content=\"2026-03-10T09:41:01+00:00\" \/>\n<meta property=\"og:image\" content=\"https:\/\/www.minaromgallery.hu\/wp-content\/uploads\/sites\/31\/2022\/12\/MGallery_Minaro_homepage_slide01.jpg\" \/>\n\t<meta property=\"og:image:width\" content=\"2200\" \/>\n\t<meta property=\"og:image:height\" content=\"1200\" \/>\n\t<meta property=\"og:image:type\" content=\"image\/jpeg\" \/>\n<meta name=\"twitter:card\" content=\"summary_large_image\" \/>\n<meta name=\"twitter:label1\" content=\"Predpokladan\u00fd \u010das \u010d\u00edtania\" \/>\n\t<meta name=\"twitter:data1\" content=\"1 min\u00fata\" \/>\n<script type=\"application\/ld+json\" class=\"yoast-schema-graph\">{\"@context\":\"https:\/\/schema.org\",\"@graph\":[{\"@type\":\"WebPage\",\"@id\":\"https:\/\/www.minaromgallery.hu\/sk\/wellness-spa-2\/masazne-sluzby-loccitane\/\",\"url\":\"https:\/\/www.minaromgallery.hu\/sk\/wellness-spa-2\/masazne-sluzby-loccitane\/\",\"name\":\"Mas\u00e1\u017ene slu\u017eby L'OCCITANE - MGallery Minaro Hotel Tokaj -\",\"isPartOf\":{\"@id\":\"https:\/\/www.minaromgallery.hu\/#website\"},\"datePublished\":\"2022-12-21T13:26:56+00:00\",\"dateModified\":\"2026-03-10T09:41:01+00:00\",\"description\":\"Mas\u00e1\u017eny z\u00e1\u017eitok L\u2019OCCITANE v Minaro Hotel Tokaj \u2013 MGallery Collection Spa proced\u00fary L\u2019OCCITANE v Minaro Hotel Tokaj \u2013 MGallery Collection prin\u00e1\u0161aj\u00fa prirodzen\u00fa eleganciu a atmosf\u00e9ru Provence priamo do srdca Tokaja. Starostlivo vybran\u00e9 rastlinn\u00e9 akt\u00edvne zlo\u017eky, podmaniv\u00e9 v\u00f4ne p\u00f4sobiace na zmysly a individu\u00e1lne prisp\u00f4soben\u00e9 mas\u00e1\u017ene techniky spolu vytv\u00e1raj\u00fa ritu\u00e1l, ktor\u00fd nielen uvo\u013e\u0148uje svaly, ale aj hlboko upokojuje myse\u013e. \u010ci u\u017e h\u013ead\u00e1te kr\u00e1tke, cielen\u00e9 osvie\u017eenie alebo dlh\u0161\u00ed regenera\u010dn\u00fd z\u00e1\u017eitok, cie\u013eom na\u0161ich proced\u00far je pom\u00f4c\u0165 v\u00e1m znovu n\u00e1js\u0165 vn\u00fatorn\u00fa rovnov\u00e1hu a dopria\u0165 si skuto\u010dn\u00e9, dlhotrvaj\u00face uvo\u013enenie v exkluz\u00edvnej a pokojnej atmosf\u00e9re hotela Minaro. \u0160peci\u00e1lna ponuka:Ak si svoju mas\u00e1\u017e rezervujete najmenej 48 hod\u00edn pred za\u010diatkom proced\u00fary, z\u00edskate 10 % z\u013eavu z ceny vybranej slu\u017eby. Rezerv\u00e1cia term\u00ednu priamo:\ud83d\udce7 viki.toth@accor.com\ud83d\udcde +36 47 346 431\",\"breadcrumb\":{\"@id\":\"https:\/\/www.minaromgallery.hu\/sk\/wellness-spa-2\/masazne-sluzby-loccitane\/#breadcrumb\"},\"inLanguage\":\"sk-SK\",\"potentialAction\":[{\"@type\":\"ReadAction\",\"target\":[\"https:\/\/www.minaromgallery.hu\/sk\/wellness-spa-2\/masazne-sluzby-loccitane\/\"]}]},{\"@type\":\"BreadcrumbList\",\"@id\":\"https:\/\/www.minaromgallery.hu\/sk\/wellness-spa-2\/masazne-sluzby-loccitane\/#breadcrumb\",\"itemListElement\":[{\"@type\":\"ListItem\",\"position\":1,\"name\":\"Home\",\"item\":\"https:\/\/www.minaromgallery.hu\/sk\/\"},{\"@type\":\"ListItem\",\"position\":2,\"name\":\"Wellness &amp; Spa\",\"item\":\"https:\/\/www.minaromgallery.hu\/sk\/wellness-spa-2\/\"},{\"@type\":\"ListItem\",\"position\":3,\"name\":\"Mas\u00e1\u017ene slu\u017eby L&#8217;OCCITANE\"}]},{\"@type\":\"WebSite\",\"@id\":\"https:\/\/www.minaromgallery.hu\/#website\",\"url\":\"https:\/\/www.minaromgallery.hu\/\",\"name\":\"MGallery Minaro Hotel Tokaj\",\"description\":\"\",\"potentialAction\":[{\"@type\":\"SearchAction\",\"target\":{\"@type\":\"EntryPoint\",\"urlTemplate\":\"https:\/\/www.minaromgallery.hu\/?s={search_term_string}\"},\"query-input\":{\"@type\":\"PropertyValueSpecification\",\"valueRequired\":true,\"valueName\":\"search_term_string\"}}],\"inLanguage\":\"sk-SK\"}]}<\/script>\n<!-- \/ Yoast SEO plugin. -->","yoast_head_json":{"title":"Mas\u00e1\u017ene slu\u017eby L'OCCITANE - MGallery Minaro Hotel Tokaj -","description":"Mas\u00e1\u017eny z\u00e1\u017eitok L\u2019OCCITANE v Minaro Hotel Tokaj \u2013 MGallery Collection Spa proced\u00fary L\u2019OCCITANE v Minaro Hotel Tokaj \u2013 MGallery Collection prin\u00e1\u0161aj\u00fa prirodzen\u00fa eleganciu a atmosf\u00e9ru Provence priamo do srdca Tokaja. Starostlivo vybran\u00e9 rastlinn\u00e9 akt\u00edvne zlo\u017eky, podmaniv\u00e9 v\u00f4ne p\u00f4sobiace na zmysly a individu\u00e1lne prisp\u00f4soben\u00e9 mas\u00e1\u017ene techniky spolu vytv\u00e1raj\u00fa ritu\u00e1l, ktor\u00fd nielen uvo\u013e\u0148uje svaly, ale aj hlboko upokojuje myse\u013e. \u010ci u\u017e h\u013ead\u00e1te kr\u00e1tke, cielen\u00e9 osvie\u017eenie alebo dlh\u0161\u00ed regenera\u010dn\u00fd z\u00e1\u017eitok, cie\u013eom na\u0161ich proced\u00far je pom\u00f4c\u0165 v\u00e1m znovu n\u00e1js\u0165 vn\u00fatorn\u00fa rovnov\u00e1hu a dopria\u0165 si skuto\u010dn\u00e9, dlhotrvaj\u00face uvo\u013enenie v exkluz\u00edvnej a pokojnej atmosf\u00e9re hotela Minaro. \u0160peci\u00e1lna ponuka:Ak si svoju mas\u00e1\u017e rezervujete najmenej 48 hod\u00edn pred za\u010diatkom proced\u00fary, z\u00edskate 10 % z\u013eavu z ceny vybranej slu\u017eby. Rezerv\u00e1cia term\u00ednu priamo:\ud83d\udce7 viki.toth@accor.com\ud83d\udcde +36 47 346 431","robots":{"index":"index","follow":"follow","max-snippet":"max-snippet:-1","max-image-preview":"max-image-preview:large","max-video-preview":"max-video-preview:-1"},"canonical":"https:\/\/www.minaromgallery.hu\/sk\/wellness-spa-2\/masazne-sluzby-loccitane\/","og_locale":"sk_SK","og_type":"article","og_title":"Mas\u00e1\u017ene slu\u017eby L'OCCITANE - MGallery Minaro Hotel Tokaj -","og_description":"Mas\u00e1\u017eny z\u00e1\u017eitok L\u2019OCCITANE v Minaro Hotel Tokaj \u2013 MGallery Collection Spa proced\u00fary L\u2019OCCITANE v Minaro Hotel Tokaj \u2013 MGallery Collection prin\u00e1\u0161aj\u00fa prirodzen\u00fa eleganciu a atmosf\u00e9ru Provence priamo do srdca Tokaja. Starostlivo vybran\u00e9 rastlinn\u00e9 akt\u00edvne zlo\u017eky, podmaniv\u00e9 v\u00f4ne p\u00f4sobiace na zmysly a individu\u00e1lne prisp\u00f4soben\u00e9 mas\u00e1\u017ene techniky spolu vytv\u00e1raj\u00fa ritu\u00e1l, ktor\u00fd nielen uvo\u013e\u0148uje svaly, ale aj hlboko upokojuje myse\u013e. \u010ci u\u017e h\u013ead\u00e1te kr\u00e1tke, cielen\u00e9 osvie\u017eenie alebo dlh\u0161\u00ed regenera\u010dn\u00fd z\u00e1\u017eitok, cie\u013eom na\u0161ich proced\u00far je pom\u00f4c\u0165 v\u00e1m znovu n\u00e1js\u0165 vn\u00fatorn\u00fa rovnov\u00e1hu a dopria\u0165 si skuto\u010dn\u00e9, dlhotrvaj\u00face uvo\u013enenie v exkluz\u00edvnej a pokojnej atmosf\u00e9re hotela Minaro. \u0160peci\u00e1lna ponuka:Ak si svoju mas\u00e1\u017e rezervujete najmenej 48 hod\u00edn pred za\u010diatkom proced\u00fary, z\u00edskate 10 % z\u013eavu z ceny vybranej slu\u017eby. Rezerv\u00e1cia term\u00ednu priamo:\ud83d\udce7 viki.toth@accor.com\ud83d\udcde +36 47 346 431","og_url":"https:\/\/www.minaromgallery.hu\/sk\/wellness-spa-2\/masazne-sluzby-loccitane\/","og_site_name":"MGallery Minaro Hotel Tokaj","article_modified_time":"2026-03-10T09:41:01+00:00","og_image":[{"width":2200,"height":1200,"url":"https:\/\/www.minaromgallery.hu\/wp-content\/uploads\/sites\/31\/2022\/12\/MGallery_Minaro_homepage_slide01.jpg","type":"image\/jpeg"}],"twitter_card":"summary_large_image","twitter_misc":{"Predpokladan\u00fd \u010das \u010d\u00edtania":"1 min\u00fata"},"schema":{"@context":"https:\/\/schema.org","@graph":[{"@type":"WebPage","@id":"https:\/\/www.minaromgallery.hu\/sk\/wellness-spa-2\/masazne-sluzby-loccitane\/","url":"https:\/\/www.minaromgallery.hu\/sk\/wellness-spa-2\/masazne-sluzby-loccitane\/","name":"Mas\u00e1\u017ene slu\u017eby L'OCCITANE - MGallery Minaro Hotel Tokaj -","isPartOf":{"@id":"https:\/\/www.minaromgallery.hu\/#website"},"datePublished":"2022-12-21T13:26:56+00:00","dateModified":"2026-03-10T09:41:01+00:00","description":"Mas\u00e1\u017eny z\u00e1\u017eitok L\u2019OCCITANE v Minaro Hotel Tokaj \u2013 MGallery Collection Spa proced\u00fary L\u2019OCCITANE v Minaro Hotel Tokaj \u2013 MGallery Collection prin\u00e1\u0161aj\u00fa prirodzen\u00fa eleganciu a atmosf\u00e9ru Provence priamo do srdca Tokaja. Starostlivo vybran\u00e9 rastlinn\u00e9 akt\u00edvne zlo\u017eky, podmaniv\u00e9 v\u00f4ne p\u00f4sobiace na zmysly a individu\u00e1lne prisp\u00f4soben\u00e9 mas\u00e1\u017ene techniky spolu vytv\u00e1raj\u00fa ritu\u00e1l, ktor\u00fd nielen uvo\u013e\u0148uje svaly, ale aj hlboko upokojuje myse\u013e. \u010ci u\u017e h\u013ead\u00e1te kr\u00e1tke, cielen\u00e9 osvie\u017eenie alebo dlh\u0161\u00ed regenera\u010dn\u00fd z\u00e1\u017eitok, cie\u013eom na\u0161ich proced\u00far je pom\u00f4c\u0165 v\u00e1m znovu n\u00e1js\u0165 vn\u00fatorn\u00fa rovnov\u00e1hu a dopria\u0165 si skuto\u010dn\u00e9, dlhotrvaj\u00face uvo\u013enenie v exkluz\u00edvnej a pokojnej atmosf\u00e9re hotela Minaro. \u0160peci\u00e1lna ponuka:Ak si svoju mas\u00e1\u017e rezervujete najmenej 48 hod\u00edn pred za\u010diatkom proced\u00fary, z\u00edskate 10 % z\u013eavu z ceny vybranej slu\u017eby. Rezerv\u00e1cia term\u00ednu priamo:\ud83d\udce7 viki.toth@accor.com\ud83d\udcde +36 47 346 431","breadcrumb":{"@id":"https:\/\/www.minaromgallery.hu\/sk\/wellness-spa-2\/masazne-sluzby-loccitane\/#breadcrumb"},"inLanguage":"sk-SK","potentialAction":[{"@type":"ReadAction","target":["https:\/\/www.minaromgallery.hu\/sk\/wellness-spa-2\/masazne-sluzby-loccitane\/"]}]},{"@type":"BreadcrumbList","@id":"https:\/\/www.minaromgallery.hu\/sk\/wellness-spa-2\/masazne-sluzby-loccitane\/#breadcrumb","itemListElement":[{"@type":"ListItem","position":1,"name":"Home","item":"https:\/\/www.minaromgallery.hu\/sk\/"},{"@type":"ListItem","position":2,"name":"Wellness &amp; Spa","item":"https:\/\/www.minaromgallery.hu\/sk\/wellness-spa-2\/"},{"@type":"ListItem","position":3,"name":"Mas\u00e1\u017ene slu\u017eby L&#8217;OCCITANE"}]},{"@type":"WebSite","@id":"https:\/\/www.minaromgallery.hu\/#website","url":"https:\/\/www.minaromgallery.hu\/","name":"MGallery Minaro Hotel Tokaj","description":"","potentialAction":[{"@type":"SearchAction","target":{"@type":"EntryPoint","urlTemplate":"https:\/\/www.minaromgallery.hu\/?s={search_term_string}"},"query-input":{"@type":"PropertyValueSpecification","valueRequired":true,"valueName":"search_term_string"}}],"inLanguage":"sk-SK"}]}},"_links":{"self":[{"href":"https:\/\/www.minaromgallery.hu\/sk\/wp-json\/wp\/v2\/pages\/297","targetHints":{"allow":["GET"]}}],"collection":[{"href":"https:\/\/www.minaromgallery.hu\/sk\/wp-json\/wp\/v2\/pages"}],"about":[{"href":"https:\/\/www.minaromgallery.hu\/sk\/wp-json\/wp\/v2\/types\/page"}],"author":[{"embeddable":true,"href":"https:\/\/www.minaromgallery.hu\/sk\/wp-json\/wp\/v2\/users\/67"}],"replies":[{"embeddable":true,"href":"https:\/\/www.minaromgallery.hu\/sk\/wp-json\/wp\/v2\/comments?post=297"}],"version-history":[{"count":3,"href":"https:\/\/www.minaromgallery.hu\/sk\/wp-json\/wp\/v2\/pages\/297\/revisions"}],"predecessor-version":[{"id":1578,"href":"https:\/\/www.minaromgallery.hu\/sk\/wp-json\/wp\/v2\/pages\/297\/revisions\/1578"}],"up":[{"embeddable":true,"href":"https:\/\/www.minaromgallery.hu\/sk\/wp-json\/wp\/v2\/pages\/295"}],"wp:attachment":[{"href":"https:\/\/www.minaromgallery.hu\/sk\/wp-json\/wp\/v2\/media?parent=297"}],"wp:term":[{"taxonomy":"category","embeddable":true,"href":"https:\/\/www.minaromgallery.hu\/sk\/wp-json\/wp\/v2\/categories?post=297"}],"curies":[{"name":"wp","href":"https:\/\/api.w.org\/{rel}","templated":true}]}}