{"id":296,"date":"2023-01-10T10:22:32","date_gmt":"2023-01-10T10:22:32","guid":{"rendered":"https:\/\/www.minaromgallery.hu\/?page_id=296"},"modified":"2026-03-09T13:40:19","modified_gmt":"2026-03-09T13:40:19","slug":"296-2","status":"publish","type":"page","link":"https:\/\/www.minaromgallery.hu\/sk\/wellness-spa-2\/296-2\/","title":{"rendered":"Wellness"},"content":{"rendered":"<p style=\"text-align: center\" data-start=\"0\" data-end=\"306\">Medzi na\u0161e wellness slu\u017eby patr\u00ed vyhrievan\u00fd kryt\u00fd baz\u00e9n, vonkaj\u0161\u00ed z\u00e1\u017eitkov\u00fd baz\u00e9n a celoro\u010dne dostupn\u00e1 vonkaj\u0161ia v\u00edrivka. V na\u0161ich relaxa\u010dn\u00fdch z\u00f3nach n\u00e1jdete so\u013en\u00fa miestnos\u0165, saunu a parn\u00fd k\u00fape\u013e, pri\u010dom profesion\u00e1lne mas\u00e1\u017ee a spa proced\u00fary pom\u00e1haj\u00fa obnovi\u0165 fyzick\u00fa aj du\u0161evn\u00fa rovnov\u00e1hu.<\/p>\n<p style=\"text-align: center\" data-start=\"308\" data-end=\"392\">Str\u00e1vte v\u00fdnimo\u010dn\u00fd wellness v\u00edkend v Tokaji v prostred\u00ed p\u00e4\u0165hviezdi\u010dkov\u00e9ho luxusu!<\/p>\n<p style=\"text-align: center\" data-start=\"394\" data-end=\"414\"><strong data-start=\"394\" data-end=\"414\">Otv\u00e1racie hodiny<\/strong><\/p>\n<p style=\"text-align: center\" data-start=\"416\" data-end=\"517\" data-is-last-node=\"\" data-is-only-node=\"\">Pondelok \u2013 \u0160tvrtok: 9:00 \u2013 20:00<br data-start=\"448\" data-end=\"451\" \/>Piatok: 9:00 \u2013 22:00<br data-start=\"471\" data-end=\"474\" \/>Sobota: 8:00 \u2013 22:00<br data-start=\"494\" data-end=\"497\" \/>Nede\u013ea: 8:00 \u2013 20:00<\/p>\n","protected":false},"excerpt":{"rendered":"<p>Medzi na\u0161e wellness slu\u017eby patr\u00ed vyhrievan\u00fd kryt\u00fd baz\u00e9n, vonkaj\u0161\u00ed z\u00e1\u017eitkov\u00fd baz\u00e9n a celoro\u010dne dostupn\u00e1 vonkaj\u0161ia v\u00edrivka. V na\u0161ich relaxa\u010dn\u00fdch z\u00f3nach n\u00e1jdete so\u013en\u00fa miestnos\u0165, saunu a parn\u00fd k\u00fape\u013e, pri\u010dom profesion\u00e1lne mas\u00e1\u017ee a spa proced\u00fary pom\u00e1haj\u00fa obnovi\u0165 fyzick\u00fa aj du\u0161evn\u00fa rovnov\u00e1hu. Str\u00e1vte v\u00fdnimo\u010dn\u00fd wellness v\u00edkend v Tokaji v prostred\u00ed p\u00e4\u0165hviezdi\u010dkov\u00e9ho luxusu! Otv\u00e1racie hodiny Pondelok \u2013 \u0160tvrtok: 9:00 [&hellip;]<\/p>\n","protected":false},"author":67,"featured_media":0,"parent":295,"menu_order":1,"comment_status":"closed","ping_status":"closed","template":"template-spa.php","meta":{"footnotes":""},"categories":[],"class_list":["post-296","page","type-page","status-publish","hentry"],"acf":[],"yoast_head":"<!-- This site is optimized with the Yoast SEO plugin v26.9 - https:\/\/yoast.com\/product\/yoast-seo-wordpress\/ -->\n<title>Wellness - MGallery Minaro Hotel Tokaj -<\/title>\n<meta name=\"description\" content=\"Medzi na\u0161e wellness slu\u017eby patr\u00ed vyhrievan\u00fd kryt\u00fd baz\u00e9n, vonkaj\u0161\u00ed z\u00e1\u017eitkov\u00fd baz\u00e9n a celoro\u010dne dostupn\u00e1 vonkaj\u0161ia v\u00edrivka. V na\u0161ich relaxa\u010dn\u00fdch z\u00f3nach n\u00e1jdete so\u013en\u00fa miestnos\u0165, saunu a parn\u00fd k\u00fape\u013e, pri\u010dom profesion\u00e1lne mas\u00e1\u017ee a spa proced\u00fary pom\u00e1haj\u00fa obnovi\u0165 fyzick\u00fa aj du\u0161evn\u00fa rovnov\u00e1hu. Str\u00e1vte v\u00fdnimo\u010dn\u00fd wellness v\u00edkend v Tokaji v prostred\u00ed p\u00e4\u0165hviezdi\u010dkov\u00e9ho luxusu! Otv\u00e1racie hodiny Pondelok \u2013 \u0160tvrtok: 9:00 \u2013 20:00Piatok: 9:00 \u2013 22:00Sobota: 8:00 \u2013 22:00Nede\u013ea: 8:00 \u2013 20:00\" \/>\n<meta name=\"robots\" content=\"index, follow, max-snippet:-1, max-image-preview:large, max-video-preview:-1\" \/>\n<link rel=\"canonical\" href=\"https:\/\/www.minaromgallery.hu\/sk\/wellness-spa-2\/296-2\/\" \/>\n<meta property=\"og:locale\" content=\"sk_SK\" \/>\n<meta property=\"og:type\" content=\"article\" \/>\n<meta property=\"og:title\" content=\"Wellness - MGallery Minaro Hotel Tokaj -\" \/>\n<meta property=\"og:description\" content=\"Medzi na\u0161e wellness slu\u017eby patr\u00ed vyhrievan\u00fd kryt\u00fd baz\u00e9n, vonkaj\u0161\u00ed z\u00e1\u017eitkov\u00fd baz\u00e9n a celoro\u010dne dostupn\u00e1 vonkaj\u0161ia v\u00edrivka. V na\u0161ich relaxa\u010dn\u00fdch z\u00f3nach n\u00e1jdete so\u013en\u00fa miestnos\u0165, saunu a parn\u00fd k\u00fape\u013e, pri\u010dom profesion\u00e1lne mas\u00e1\u017ee a spa proced\u00fary pom\u00e1haj\u00fa obnovi\u0165 fyzick\u00fa aj du\u0161evn\u00fa rovnov\u00e1hu. Str\u00e1vte v\u00fdnimo\u010dn\u00fd wellness v\u00edkend v Tokaji v prostred\u00ed p\u00e4\u0165hviezdi\u010dkov\u00e9ho luxusu! Otv\u00e1racie hodiny Pondelok \u2013 \u0160tvrtok: 9:00 \u2013 20:00Piatok: 9:00 \u2013 22:00Sobota: 8:00 \u2013 22:00Nede\u013ea: 8:00 \u2013 20:00\" \/>\n<meta property=\"og:url\" content=\"https:\/\/www.minaromgallery.hu\/sk\/wellness-spa-2\/296-2\/\" \/>\n<meta property=\"og:site_name\" content=\"MGallery Minaro Hotel Tokaj\" \/>\n<meta property=\"article:modified_time\" content=\"2026-03-09T13:40:19+00:00\" \/>\n<meta property=\"og:image\" content=\"https:\/\/www.minaromgallery.hu\/wp-content\/uploads\/sites\/31\/2022\/12\/MGallery_Minaro_homepage_slide01.jpg\" \/>\n\t<meta property=\"og:image:width\" content=\"2200\" \/>\n\t<meta property=\"og:image:height\" content=\"1200\" \/>\n\t<meta property=\"og:image:type\" content=\"image\/jpeg\" \/>\n<meta name=\"twitter:card\" content=\"summary_large_image\" \/>\n<meta name=\"twitter:label1\" content=\"Predpokladan\u00fd \u010das \u010d\u00edtania\" \/>\n\t<meta name=\"twitter:data1\" content=\"1 min\u00fata\" \/>\n<script type=\"application\/ld+json\" class=\"yoast-schema-graph\">{\"@context\":\"https:\/\/schema.org\",\"@graph\":[{\"@type\":\"WebPage\",\"@id\":\"https:\/\/www.minaromgallery.hu\/sk\/wellness-spa-2\/296-2\/\",\"url\":\"https:\/\/www.minaromgallery.hu\/sk\/wellness-spa-2\/296-2\/\",\"name\":\"Wellness - MGallery Minaro Hotel Tokaj -\",\"isPartOf\":{\"@id\":\"https:\/\/www.minaromgallery.hu\/#website\"},\"datePublished\":\"2023-01-10T10:22:32+00:00\",\"dateModified\":\"2026-03-09T13:40:19+00:00\",\"description\":\"Medzi na\u0161e wellness slu\u017eby patr\u00ed vyhrievan\u00fd kryt\u00fd baz\u00e9n, vonkaj\u0161\u00ed z\u00e1\u017eitkov\u00fd baz\u00e9n a celoro\u010dne dostupn\u00e1 vonkaj\u0161ia v\u00edrivka. V na\u0161ich relaxa\u010dn\u00fdch z\u00f3nach n\u00e1jdete so\u013en\u00fa miestnos\u0165, saunu a parn\u00fd k\u00fape\u013e, pri\u010dom profesion\u00e1lne mas\u00e1\u017ee a spa proced\u00fary pom\u00e1haj\u00fa obnovi\u0165 fyzick\u00fa aj du\u0161evn\u00fa rovnov\u00e1hu. Str\u00e1vte v\u00fdnimo\u010dn\u00fd wellness v\u00edkend v Tokaji v prostred\u00ed p\u00e4\u0165hviezdi\u010dkov\u00e9ho luxusu! Otv\u00e1racie hodiny Pondelok \u2013 \u0160tvrtok: 9:00 \u2013 20:00Piatok: 9:00 \u2013 22:00Sobota: 8:00 \u2013 22:00Nede\u013ea: 8:00 \u2013 20:00\",\"breadcrumb\":{\"@id\":\"https:\/\/www.minaromgallery.hu\/sk\/wellness-spa-2\/296-2\/#breadcrumb\"},\"inLanguage\":\"sk-SK\",\"potentialAction\":[{\"@type\":\"ReadAction\",\"target\":[\"https:\/\/www.minaromgallery.hu\/sk\/wellness-spa-2\/296-2\/\"]}]},{\"@type\":\"BreadcrumbList\",\"@id\":\"https:\/\/www.minaromgallery.hu\/sk\/wellness-spa-2\/296-2\/#breadcrumb\",\"itemListElement\":[{\"@type\":\"ListItem\",\"position\":1,\"name\":\"Home\",\"item\":\"https:\/\/www.minaromgallery.hu\/sk\/\"},{\"@type\":\"ListItem\",\"position\":2,\"name\":\"Wellness &amp; Spa\",\"item\":\"https:\/\/www.minaromgallery.hu\/sk\/wellness-spa-2\/\"},{\"@type\":\"ListItem\",\"position\":3,\"name\":\"Wellness\"}]},{\"@type\":\"WebSite\",\"@id\":\"https:\/\/www.minaromgallery.hu\/#website\",\"url\":\"https:\/\/www.minaromgallery.hu\/\",\"name\":\"MGallery Minaro Hotel Tokaj\",\"description\":\"\",\"potentialAction\":[{\"@type\":\"SearchAction\",\"target\":{\"@type\":\"EntryPoint\",\"urlTemplate\":\"https:\/\/www.minaromgallery.hu\/?s={search_term_string}\"},\"query-input\":{\"@type\":\"PropertyValueSpecification\",\"valueRequired\":true,\"valueName\":\"search_term_string\"}}],\"inLanguage\":\"sk-SK\"}]}<\/script>\n<!-- \/ Yoast SEO plugin. -->","yoast_head_json":{"title":"Wellness - MGallery Minaro Hotel Tokaj -","description":"Medzi na\u0161e wellness slu\u017eby patr\u00ed vyhrievan\u00fd kryt\u00fd baz\u00e9n, vonkaj\u0161\u00ed z\u00e1\u017eitkov\u00fd baz\u00e9n a celoro\u010dne dostupn\u00e1 vonkaj\u0161ia v\u00edrivka. V na\u0161ich relaxa\u010dn\u00fdch z\u00f3nach n\u00e1jdete so\u013en\u00fa miestnos\u0165, saunu a parn\u00fd k\u00fape\u013e, pri\u010dom profesion\u00e1lne mas\u00e1\u017ee a spa proced\u00fary pom\u00e1haj\u00fa obnovi\u0165 fyzick\u00fa aj du\u0161evn\u00fa rovnov\u00e1hu. Str\u00e1vte v\u00fdnimo\u010dn\u00fd wellness v\u00edkend v Tokaji v prostred\u00ed p\u00e4\u0165hviezdi\u010dkov\u00e9ho luxusu! Otv\u00e1racie hodiny Pondelok \u2013 \u0160tvrtok: 9:00 \u2013 20:00Piatok: 9:00 \u2013 22:00Sobota: 8:00 \u2013 22:00Nede\u013ea: 8:00 \u2013 20:00","robots":{"index":"index","follow":"follow","max-snippet":"max-snippet:-1","max-image-preview":"max-image-preview:large","max-video-preview":"max-video-preview:-1"},"canonical":"https:\/\/www.minaromgallery.hu\/sk\/wellness-spa-2\/296-2\/","og_locale":"sk_SK","og_type":"article","og_title":"Wellness - MGallery Minaro Hotel Tokaj -","og_description":"Medzi na\u0161e wellness slu\u017eby patr\u00ed vyhrievan\u00fd kryt\u00fd baz\u00e9n, vonkaj\u0161\u00ed z\u00e1\u017eitkov\u00fd baz\u00e9n a celoro\u010dne dostupn\u00e1 vonkaj\u0161ia v\u00edrivka. V na\u0161ich relaxa\u010dn\u00fdch z\u00f3nach n\u00e1jdete so\u013en\u00fa miestnos\u0165, saunu a parn\u00fd k\u00fape\u013e, pri\u010dom profesion\u00e1lne mas\u00e1\u017ee a spa proced\u00fary pom\u00e1haj\u00fa obnovi\u0165 fyzick\u00fa aj du\u0161evn\u00fa rovnov\u00e1hu. Str\u00e1vte v\u00fdnimo\u010dn\u00fd wellness v\u00edkend v Tokaji v prostred\u00ed p\u00e4\u0165hviezdi\u010dkov\u00e9ho luxusu! Otv\u00e1racie hodiny Pondelok \u2013 \u0160tvrtok: 9:00 \u2013 20:00Piatok: 9:00 \u2013 22:00Sobota: 8:00 \u2013 22:00Nede\u013ea: 8:00 \u2013 20:00","og_url":"https:\/\/www.minaromgallery.hu\/sk\/wellness-spa-2\/296-2\/","og_site_name":"MGallery Minaro Hotel Tokaj","article_modified_time":"2026-03-09T13:40:19+00:00","og_image":[{"width":2200,"height":1200,"url":"https:\/\/www.minaromgallery.hu\/wp-content\/uploads\/sites\/31\/2022\/12\/MGallery_Minaro_homepage_slide01.jpg","type":"image\/jpeg"}],"twitter_card":"summary_large_image","twitter_misc":{"Predpokladan\u00fd \u010das \u010d\u00edtania":"1 min\u00fata"},"schema":{"@context":"https:\/\/schema.org","@graph":[{"@type":"WebPage","@id":"https:\/\/www.minaromgallery.hu\/sk\/wellness-spa-2\/296-2\/","url":"https:\/\/www.minaromgallery.hu\/sk\/wellness-spa-2\/296-2\/","name":"Wellness - MGallery Minaro Hotel Tokaj -","isPartOf":{"@id":"https:\/\/www.minaromgallery.hu\/#website"},"datePublished":"2023-01-10T10:22:32+00:00","dateModified":"2026-03-09T13:40:19+00:00","description":"Medzi na\u0161e wellness slu\u017eby patr\u00ed vyhrievan\u00fd kryt\u00fd baz\u00e9n, vonkaj\u0161\u00ed z\u00e1\u017eitkov\u00fd baz\u00e9n a celoro\u010dne dostupn\u00e1 vonkaj\u0161ia v\u00edrivka. V na\u0161ich relaxa\u010dn\u00fdch z\u00f3nach n\u00e1jdete so\u013en\u00fa miestnos\u0165, saunu a parn\u00fd k\u00fape\u013e, pri\u010dom profesion\u00e1lne mas\u00e1\u017ee a spa proced\u00fary pom\u00e1haj\u00fa obnovi\u0165 fyzick\u00fa aj du\u0161evn\u00fa rovnov\u00e1hu. Str\u00e1vte v\u00fdnimo\u010dn\u00fd wellness v\u00edkend v Tokaji v prostred\u00ed p\u00e4\u0165hviezdi\u010dkov\u00e9ho luxusu! Otv\u00e1racie hodiny Pondelok \u2013 \u0160tvrtok: 9:00 \u2013 20:00Piatok: 9:00 \u2013 22:00Sobota: 8:00 \u2013 22:00Nede\u013ea: 8:00 \u2013 20:00","breadcrumb":{"@id":"https:\/\/www.minaromgallery.hu\/sk\/wellness-spa-2\/296-2\/#breadcrumb"},"inLanguage":"sk-SK","potentialAction":[{"@type":"ReadAction","target":["https:\/\/www.minaromgallery.hu\/sk\/wellness-spa-2\/296-2\/"]}]},{"@type":"BreadcrumbList","@id":"https:\/\/www.minaromgallery.hu\/sk\/wellness-spa-2\/296-2\/#breadcrumb","itemListElement":[{"@type":"ListItem","position":1,"name":"Home","item":"https:\/\/www.minaromgallery.hu\/sk\/"},{"@type":"ListItem","position":2,"name":"Wellness &amp; Spa","item":"https:\/\/www.minaromgallery.hu\/sk\/wellness-spa-2\/"},{"@type":"ListItem","position":3,"name":"Wellness"}]},{"@type":"WebSite","@id":"https:\/\/www.minaromgallery.hu\/#website","url":"https:\/\/www.minaromgallery.hu\/","name":"MGallery Minaro Hotel Tokaj","description":"","potentialAction":[{"@type":"SearchAction","target":{"@type":"EntryPoint","urlTemplate":"https:\/\/www.minaromgallery.hu\/?s={search_term_string}"},"query-input":{"@type":"PropertyValueSpecification","valueRequired":true,"valueName":"search_term_string"}}],"inLanguage":"sk-SK"}]}},"_links":{"self":[{"href":"https:\/\/www.minaromgallery.hu\/sk\/wp-json\/wp\/v2\/pages\/296","targetHints":{"allow":["GET"]}}],"collection":[{"href":"https:\/\/www.minaromgallery.hu\/sk\/wp-json\/wp\/v2\/pages"}],"about":[{"href":"https:\/\/www.minaromgallery.hu\/sk\/wp-json\/wp\/v2\/types\/page"}],"author":[{"embeddable":true,"href":"https:\/\/www.minaromgallery.hu\/sk\/wp-json\/wp\/v2\/users\/67"}],"replies":[{"embeddable":true,"href":"https:\/\/www.minaromgallery.hu\/sk\/wp-json\/wp\/v2\/comments?post=296"}],"version-history":[{"count":3,"href":"https:\/\/www.minaromgallery.hu\/sk\/wp-json\/wp\/v2\/pages\/296\/revisions"}],"predecessor-version":[{"id":1521,"href":"https:\/\/www.minaromgallery.hu\/sk\/wp-json\/wp\/v2\/pages\/296\/revisions\/1521"}],"up":[{"embeddable":true,"href":"https:\/\/www.minaromgallery.hu\/sk\/wp-json\/wp\/v2\/pages\/295"}],"wp:attachment":[{"href":"https:\/\/www.minaromgallery.hu\/sk\/wp-json\/wp\/v2\/media?parent=296"}],"wp:term":[{"taxonomy":"category","embeddable":true,"href":"https:\/\/www.minaromgallery.hu\/sk\/wp-json\/wp\/v2\/categories?post=296"}],"curies":[{"name":"wp","href":"https:\/\/api.w.org\/{rel}","templated":true}]}}