{"id":295,"date":"2022-12-19T15:40:20","date_gmt":"2022-12-19T15:40:20","guid":{"rendered":"https:\/\/www.minaromgallery.hu\/?page_id=295"},"modified":"2026-04-06T17:03:38","modified_gmt":"2026-04-06T17:03:38","slug":"wellness-spa-2","status":"publish","type":"page","link":"https:\/\/www.minaromgallery.hu\/sk\/wellness-spa-2\/","title":{"rendered":"Wellness &amp; Spa"},"content":{"rendered":"<div id=\"tw-container\" class=\"\" data-cp=\"1\" data-is-ver=\"false\" data-nnttsvi=\"1\" data-sbsl=\"ru,uk\" data-sm=\"1\" data-ssbp=\"false\" data-sugg-time=\"500\" data-sugg-url=\"https:\/\/clients1.google.com\/complete\/search\" data-uilc=\"hu\" data-vil=\",af,af-ZA,am,am-ET,ar-EG,ar-AE,ar-KW,ar-QA,ar,ar-IL,ar-JO,ar-LB,ar-PS,az,az-AZ,bg,bg-BG,bn,bn-BD,bn-IN,ca,ca-es,cs,cs-CZ,de,de-DE,de-CH,de-AT,de-LI,en,en-US,en-CA,en-AU,en-NZ,en-GB,en-IN,en-KE,en-TZ,en-NG,en-GH,en-PH,en-ZA,es,es-ES,es-AR,es-UY,es-419,es-BO,es-CL,es-CR,es-CO,es-DO,es-EC,es-GT,es-HN,es-NI,es-PA,es-PE,es-PR,es-PY,es-SV,es-VE,es-MX,es-US,eu,eu-ES,fi,fi-FI,fr,fr-FR,fr-CH,fr-BE,gl,gl-ES,gu,gu-IN,he,he-IL,iw,iw-IL,hu,hu-HU,hy,hy-AM,id,id-ID,is,is-IS,it,it-IT,it-CH,ja,ja-JP,jv,jv-ID,ka,ka-GE,km,km-KH,kn,kn-IN,ko,ko-KR,la,lo,lo-LA,lv,lv-LV,ml,ml-IN,mr,mr-IN,ms,ms-MY,nl,nl-NL,nb,nb-NO,ne,ne-NP,pl,pl-PL,pt,pt-BR,pt-PT,ro,ro-RO,ru,ru-RU,si-LK,sk,sk-SK,sr,sr-RS,su,su-ID,sv,sv-SE,sw,sw-TZ,sw-KE,ta,ta-IN,ta-SG,ta-LK,ta-MY,te,te-IN,tr,tr-TR,ur,ur-PK,ur-IN,yue,yue-HK,yue-Hant-HK,zh-HK,zh,zh-CN,zh-cmn,zh-cmn-CN,zh-Hans,zh-Hans-CN,zh-cmn-Hans,zh-cmn-Hans-CN,cmn-CN,cmn-Hans,cmn-Hans-CN,zh-TW,zh-Hant-TW,cmn-TW,cmn-Hant-TW,zh-cmn-TW,zh-cmn-Hant-TW,zu,zu-ZA\">\n<div id=\"tw-ob\" class=\"tw-src-ltr\">\n<div class=\"oSioSc\">\n<div id=\"tw-target\">\n<div id=\"kAz1tf\" class=\"g9WsWb\">\n<div id=\"tw-target-text-container\" class=\"tw-ta-container F0azHf tw-nfl\">\n<p style=\"text-align: center\" data-start=\"0\" data-end=\"204\">Medzi na\u0161e wellness slu\u017eby patr\u00ed vyhrievan\u00fd kryt\u00fd baz\u00e9n, vonkaj\u0161\u00ed z\u00e1\u017eitkov\u00fd baz\u00e9n a celoro\u010dne dostupn\u00e1 vonkaj\u0161ia v\u00edrivka, kde si m\u00f4\u017eete vychutna\u0165 chv\u00edle relaxu v jedine\u010dnom prostred\u00ed Tokaja.<\/p>\n<p style=\"text-align: center\" data-start=\"206\" data-end=\"482\">V na\u0161ich relaxa\u010dn\u00fdch z\u00f3nach n\u00e1jdete so\u013en\u00fa miestnos\u0165, saunu a parn\u00fd k\u00fape\u013e, ktor\u00e9 pom\u00e1haj\u00fa uvo\u013eni\u0165 telo aj myse\u013e. O dokonal\u00fa regener\u00e1ciu sa postaraj\u00fa aj profesion\u00e1lne mas\u00e1\u017ee a spa proced\u00fary, ktor\u00e9 podporuj\u00fa fyzick\u00fa aj du\u0161evn\u00fa rovnov\u00e1hu a prin\u00e1\u0161aj\u00fa skuto\u010dn\u00fd pocit obnovy.<\/p>\n<p style=\"text-align: center\" data-start=\"484\" data-end=\"627\">Doprajte si v\u00fdnimo\u010dn\u00fd wellness v\u00edkend v Tokaji v prostred\u00ed p\u00e4\u0165hviezdi\u010dkov\u00e9ho luxusu a nechajte sa rozmazn\u00e1va\u0165 atmosf\u00e9rou pokoja a harm\u00f3nie.<\/p>\n<p style=\"text-align: center\" data-start=\"629\" data-end=\"649\"><strong>Otv\u00e1racie hodiny<\/strong><\/p>\n<p style=\"text-align: center\" data-start=\"651\" data-end=\"752\" data-is-last-node=\"\" data-is-only-node=\"\">Pondelok \u2013 Nede\u013ea: 9:00 \u2013 21:00<\/p>\n<\/div>\n<div class=\"iYB33c\" style=\"text-align: center\">\n<div class=\"dlJLJe\">\n<div data-cviv=\"false\" data-ved=\"2ahUKEwjK6anX3f79AhXmTaQEHYudADIQz_AEegQIBRAP\">\n<div class=\"U9URNb\"><\/div>\n<\/div>\n<\/div>\n<div id=\"tw-tmenu\" class=\"tw-menu\"><\/div>\n<\/div>\n<\/div>\n<\/div>\n<\/div>\n<\/div>\n<div id=\"tw-images\" style=\"text-align: center\"><\/div>\n<div class=\"dURPtb\" style=\"text-align: center\"><\/div>\n<div style=\"text-align: center\">\n<div><\/div>\n<\/div>\n<\/div>\n<div class=\"KFFQ0c xKf9F\" style=\"text-align: center\"><\/div>\n","protected":false},"excerpt":{"rendered":"<p>Medzi na\u0161e wellness slu\u017eby patr\u00ed vyhrievan\u00fd kryt\u00fd baz\u00e9n, vonkaj\u0161\u00ed z\u00e1\u017eitkov\u00fd baz\u00e9n a celoro\u010dne dostupn\u00e1 vonkaj\u0161ia v\u00edrivka, kde si m\u00f4\u017eete vychutna\u0165 chv\u00edle relaxu v jedine\u010dnom prostred\u00ed Tokaja. V na\u0161ich relaxa\u010dn\u00fdch z\u00f3nach n\u00e1jdete so\u013en\u00fa miestnos\u0165, saunu a parn\u00fd k\u00fape\u013e, ktor\u00e9 pom\u00e1haj\u00fa uvo\u013eni\u0165 telo aj myse\u013e. O dokonal\u00fa regener\u00e1ciu sa postaraj\u00fa aj profesion\u00e1lne mas\u00e1\u017ee a spa proced\u00fary, ktor\u00e9 [&hellip;]<\/p>\n","protected":false},"author":67,"featured_media":0,"parent":0,"menu_order":30,"comment_status":"closed","ping_status":"closed","template":"template-spa.php","meta":{"footnotes":""},"categories":[],"class_list":["post-295","page","type-page","status-publish","hentry"],"acf":[],"yoast_head":"<!-- This site is optimized with the Yoast SEO plugin v26.9 - https:\/\/yoast.com\/product\/yoast-seo-wordpress\/ -->\n<title>Wellness &amp; Spa - MGallery Minaro Hotel Tokaj -<\/title>\n<meta name=\"description\" content=\"Medzi na\u0161e wellness slu\u017eby patr\u00ed vyhrievan\u00fd kryt\u00fd baz\u00e9n, vonkaj\u0161\u00ed z\u00e1\u017eitkov\u00fd baz\u00e9n a celoro\u010dne dostupn\u00e1 vonkaj\u0161ia v\u00edrivka, kde si m\u00f4\u017eete vychutna\u0165 chv\u00edle relaxu v jedine\u010dnom prostred\u00ed Tokaja. V na\u0161ich relaxa\u010dn\u00fdch z\u00f3nach n\u00e1jdete so\u013en\u00fa miestnos\u0165, saunu a parn\u00fd k\u00fape\u013e, ktor\u00e9 pom\u00e1haj\u00fa uvo\u013eni\u0165 telo aj myse\u013e. O dokonal\u00fa regener\u00e1ciu sa postaraj\u00fa aj profesion\u00e1lne mas\u00e1\u017ee a spa proced\u00fary, ktor\u00e9 podporuj\u00fa fyzick\u00fa aj du\u0161evn\u00fa rovnov\u00e1hu a prin\u00e1\u0161aj\u00fa skuto\u010dn\u00fd pocit obnovy. Doprajte si v\u00fdnimo\u010dn\u00fd wellness v\u00edkend v Tokaji v prostred\u00ed p\u00e4\u0165hviezdi\u010dkov\u00e9ho luxusu a nechajte sa rozmazn\u00e1va\u0165 atmosf\u00e9rou pokoja a harm\u00f3nie. Otv\u00e1racie hodiny Pondelok \u2013 Nede\u013ea: 9:00 \u2013 21:00\" \/>\n<meta name=\"robots\" content=\"index, follow, max-snippet:-1, max-image-preview:large, max-video-preview:-1\" \/>\n<link rel=\"canonical\" href=\"https:\/\/www.minaromgallery.hu\/sk\/wellness-spa-2\/\" \/>\n<meta property=\"og:locale\" content=\"sk_SK\" \/>\n<meta property=\"og:type\" content=\"article\" \/>\n<meta property=\"og:title\" content=\"Wellness &amp; Spa - MGallery Minaro Hotel Tokaj -\" \/>\n<meta property=\"og:description\" content=\"Medzi na\u0161e wellness slu\u017eby patr\u00ed vyhrievan\u00fd kryt\u00fd baz\u00e9n, vonkaj\u0161\u00ed z\u00e1\u017eitkov\u00fd baz\u00e9n a celoro\u010dne dostupn\u00e1 vonkaj\u0161ia v\u00edrivka, kde si m\u00f4\u017eete vychutna\u0165 chv\u00edle relaxu v jedine\u010dnom prostred\u00ed Tokaja. V na\u0161ich relaxa\u010dn\u00fdch z\u00f3nach n\u00e1jdete so\u013en\u00fa miestnos\u0165, saunu a parn\u00fd k\u00fape\u013e, ktor\u00e9 pom\u00e1haj\u00fa uvo\u013eni\u0165 telo aj myse\u013e. O dokonal\u00fa regener\u00e1ciu sa postaraj\u00fa aj profesion\u00e1lne mas\u00e1\u017ee a spa proced\u00fary, ktor\u00e9 podporuj\u00fa fyzick\u00fa aj du\u0161evn\u00fa rovnov\u00e1hu a prin\u00e1\u0161aj\u00fa skuto\u010dn\u00fd pocit obnovy. Doprajte si v\u00fdnimo\u010dn\u00fd wellness v\u00edkend v Tokaji v prostred\u00ed p\u00e4\u0165hviezdi\u010dkov\u00e9ho luxusu a nechajte sa rozmazn\u00e1va\u0165 atmosf\u00e9rou pokoja a harm\u00f3nie. Otv\u00e1racie hodiny Pondelok \u2013 Nede\u013ea: 9:00 \u2013 21:00\" \/>\n<meta property=\"og:url\" content=\"https:\/\/www.minaromgallery.hu\/sk\/wellness-spa-2\/\" \/>\n<meta property=\"og:site_name\" content=\"MGallery Minaro Hotel Tokaj\" \/>\n<meta property=\"article:modified_time\" content=\"2026-04-06T17:03:38+00:00\" \/>\n<meta property=\"og:image\" content=\"https:\/\/www.minaromgallery.hu\/wp-content\/uploads\/sites\/31\/2022\/12\/MGallery_Minaro_homepage_slide01.jpg\" \/>\n\t<meta property=\"og:image:width\" content=\"2200\" \/>\n\t<meta property=\"og:image:height\" content=\"1200\" \/>\n\t<meta property=\"og:image:type\" content=\"image\/jpeg\" \/>\n<meta name=\"twitter:card\" content=\"summary_large_image\" \/>\n<meta name=\"twitter:label1\" content=\"Predpokladan\u00fd \u010das \u010d\u00edtania\" \/>\n\t<meta name=\"twitter:data1\" content=\"1 min\u00fata\" \/>\n<script type=\"application\/ld+json\" class=\"yoast-schema-graph\">{\"@context\":\"https:\/\/schema.org\",\"@graph\":[{\"@type\":\"WebPage\",\"@id\":\"https:\/\/www.minaromgallery.hu\/sk\/wellness-spa-2\/\",\"url\":\"https:\/\/www.minaromgallery.hu\/sk\/wellness-spa-2\/\",\"name\":\"Wellness &amp; Spa - MGallery Minaro Hotel Tokaj -\",\"isPartOf\":{\"@id\":\"https:\/\/www.minaromgallery.hu\/#website\"},\"datePublished\":\"2022-12-19T15:40:20+00:00\",\"dateModified\":\"2026-04-06T17:03:38+00:00\",\"description\":\"Medzi na\u0161e wellness slu\u017eby patr\u00ed vyhrievan\u00fd kryt\u00fd baz\u00e9n, vonkaj\u0161\u00ed z\u00e1\u017eitkov\u00fd baz\u00e9n a celoro\u010dne dostupn\u00e1 vonkaj\u0161ia v\u00edrivka, kde si m\u00f4\u017eete vychutna\u0165 chv\u00edle relaxu v jedine\u010dnom prostred\u00ed Tokaja. V na\u0161ich relaxa\u010dn\u00fdch z\u00f3nach n\u00e1jdete so\u013en\u00fa miestnos\u0165, saunu a parn\u00fd k\u00fape\u013e, ktor\u00e9 pom\u00e1haj\u00fa uvo\u013eni\u0165 telo aj myse\u013e. O dokonal\u00fa regener\u00e1ciu sa postaraj\u00fa aj profesion\u00e1lne mas\u00e1\u017ee a spa proced\u00fary, ktor\u00e9 podporuj\u00fa fyzick\u00fa aj du\u0161evn\u00fa rovnov\u00e1hu a prin\u00e1\u0161aj\u00fa skuto\u010dn\u00fd pocit obnovy. Doprajte si v\u00fdnimo\u010dn\u00fd wellness v\u00edkend v Tokaji v prostred\u00ed p\u00e4\u0165hviezdi\u010dkov\u00e9ho luxusu a nechajte sa rozmazn\u00e1va\u0165 atmosf\u00e9rou pokoja a harm\u00f3nie. Otv\u00e1racie hodiny Pondelok \u2013 Nede\u013ea: 9:00 \u2013 21:00\",\"breadcrumb\":{\"@id\":\"https:\/\/www.minaromgallery.hu\/sk\/wellness-spa-2\/#breadcrumb\"},\"inLanguage\":\"sk-SK\",\"potentialAction\":[{\"@type\":\"ReadAction\",\"target\":[\"https:\/\/www.minaromgallery.hu\/sk\/wellness-spa-2\/\"]}]},{\"@type\":\"BreadcrumbList\",\"@id\":\"https:\/\/www.minaromgallery.hu\/sk\/wellness-spa-2\/#breadcrumb\",\"itemListElement\":[{\"@type\":\"ListItem\",\"position\":1,\"name\":\"Home\",\"item\":\"https:\/\/www.minaromgallery.hu\/sk\/\"},{\"@type\":\"ListItem\",\"position\":2,\"name\":\"Wellness &amp; Spa\"}]},{\"@type\":\"WebSite\",\"@id\":\"https:\/\/www.minaromgallery.hu\/#website\",\"url\":\"https:\/\/www.minaromgallery.hu\/\",\"name\":\"MGallery Minaro Hotel Tokaj\",\"description\":\"\",\"potentialAction\":[{\"@type\":\"SearchAction\",\"target\":{\"@type\":\"EntryPoint\",\"urlTemplate\":\"https:\/\/www.minaromgallery.hu\/?s={search_term_string}\"},\"query-input\":{\"@type\":\"PropertyValueSpecification\",\"valueRequired\":true,\"valueName\":\"search_term_string\"}}],\"inLanguage\":\"sk-SK\"}]}<\/script>\n<!-- \/ Yoast SEO plugin. -->","yoast_head_json":{"title":"Wellness &amp; Spa - MGallery Minaro Hotel Tokaj -","description":"Medzi na\u0161e wellness slu\u017eby patr\u00ed vyhrievan\u00fd kryt\u00fd baz\u00e9n, vonkaj\u0161\u00ed z\u00e1\u017eitkov\u00fd baz\u00e9n a celoro\u010dne dostupn\u00e1 vonkaj\u0161ia v\u00edrivka, kde si m\u00f4\u017eete vychutna\u0165 chv\u00edle relaxu v jedine\u010dnom prostred\u00ed Tokaja. V na\u0161ich relaxa\u010dn\u00fdch z\u00f3nach n\u00e1jdete so\u013en\u00fa miestnos\u0165, saunu a parn\u00fd k\u00fape\u013e, ktor\u00e9 pom\u00e1haj\u00fa uvo\u013eni\u0165 telo aj myse\u013e. O dokonal\u00fa regener\u00e1ciu sa postaraj\u00fa aj profesion\u00e1lne mas\u00e1\u017ee a spa proced\u00fary, ktor\u00e9 podporuj\u00fa fyzick\u00fa aj du\u0161evn\u00fa rovnov\u00e1hu a prin\u00e1\u0161aj\u00fa skuto\u010dn\u00fd pocit obnovy. Doprajte si v\u00fdnimo\u010dn\u00fd wellness v\u00edkend v Tokaji v prostred\u00ed p\u00e4\u0165hviezdi\u010dkov\u00e9ho luxusu a nechajte sa rozmazn\u00e1va\u0165 atmosf\u00e9rou pokoja a harm\u00f3nie. Otv\u00e1racie hodiny Pondelok \u2013 Nede\u013ea: 9:00 \u2013 21:00","robots":{"index":"index","follow":"follow","max-snippet":"max-snippet:-1","max-image-preview":"max-image-preview:large","max-video-preview":"max-video-preview:-1"},"canonical":"https:\/\/www.minaromgallery.hu\/sk\/wellness-spa-2\/","og_locale":"sk_SK","og_type":"article","og_title":"Wellness &amp; Spa - MGallery Minaro Hotel Tokaj -","og_description":"Medzi na\u0161e wellness slu\u017eby patr\u00ed vyhrievan\u00fd kryt\u00fd baz\u00e9n, vonkaj\u0161\u00ed z\u00e1\u017eitkov\u00fd baz\u00e9n a celoro\u010dne dostupn\u00e1 vonkaj\u0161ia v\u00edrivka, kde si m\u00f4\u017eete vychutna\u0165 chv\u00edle relaxu v jedine\u010dnom prostred\u00ed Tokaja. V na\u0161ich relaxa\u010dn\u00fdch z\u00f3nach n\u00e1jdete so\u013en\u00fa miestnos\u0165, saunu a parn\u00fd k\u00fape\u013e, ktor\u00e9 pom\u00e1haj\u00fa uvo\u013eni\u0165 telo aj myse\u013e. O dokonal\u00fa regener\u00e1ciu sa postaraj\u00fa aj profesion\u00e1lne mas\u00e1\u017ee a spa proced\u00fary, ktor\u00e9 podporuj\u00fa fyzick\u00fa aj du\u0161evn\u00fa rovnov\u00e1hu a prin\u00e1\u0161aj\u00fa skuto\u010dn\u00fd pocit obnovy. Doprajte si v\u00fdnimo\u010dn\u00fd wellness v\u00edkend v Tokaji v prostred\u00ed p\u00e4\u0165hviezdi\u010dkov\u00e9ho luxusu a nechajte sa rozmazn\u00e1va\u0165 atmosf\u00e9rou pokoja a harm\u00f3nie. Otv\u00e1racie hodiny Pondelok \u2013 Nede\u013ea: 9:00 \u2013 21:00","og_url":"https:\/\/www.minaromgallery.hu\/sk\/wellness-spa-2\/","og_site_name":"MGallery Minaro Hotel Tokaj","article_modified_time":"2026-04-06T17:03:38+00:00","og_image":[{"width":2200,"height":1200,"url":"https:\/\/www.minaromgallery.hu\/wp-content\/uploads\/sites\/31\/2022\/12\/MGallery_Minaro_homepage_slide01.jpg","type":"image\/jpeg"}],"twitter_card":"summary_large_image","twitter_misc":{"Predpokladan\u00fd \u010das \u010d\u00edtania":"1 min\u00fata"},"schema":{"@context":"https:\/\/schema.org","@graph":[{"@type":"WebPage","@id":"https:\/\/www.minaromgallery.hu\/sk\/wellness-spa-2\/","url":"https:\/\/www.minaromgallery.hu\/sk\/wellness-spa-2\/","name":"Wellness &amp; Spa - MGallery Minaro Hotel Tokaj -","isPartOf":{"@id":"https:\/\/www.minaromgallery.hu\/#website"},"datePublished":"2022-12-19T15:40:20+00:00","dateModified":"2026-04-06T17:03:38+00:00","description":"Medzi na\u0161e wellness slu\u017eby patr\u00ed vyhrievan\u00fd kryt\u00fd baz\u00e9n, vonkaj\u0161\u00ed z\u00e1\u017eitkov\u00fd baz\u00e9n a celoro\u010dne dostupn\u00e1 vonkaj\u0161ia v\u00edrivka, kde si m\u00f4\u017eete vychutna\u0165 chv\u00edle relaxu v jedine\u010dnom prostred\u00ed Tokaja. V na\u0161ich relaxa\u010dn\u00fdch z\u00f3nach n\u00e1jdete so\u013en\u00fa miestnos\u0165, saunu a parn\u00fd k\u00fape\u013e, ktor\u00e9 pom\u00e1haj\u00fa uvo\u013eni\u0165 telo aj myse\u013e. O dokonal\u00fa regener\u00e1ciu sa postaraj\u00fa aj profesion\u00e1lne mas\u00e1\u017ee a spa proced\u00fary, ktor\u00e9 podporuj\u00fa fyzick\u00fa aj du\u0161evn\u00fa rovnov\u00e1hu a prin\u00e1\u0161aj\u00fa skuto\u010dn\u00fd pocit obnovy. Doprajte si v\u00fdnimo\u010dn\u00fd wellness v\u00edkend v Tokaji v prostred\u00ed p\u00e4\u0165hviezdi\u010dkov\u00e9ho luxusu a nechajte sa rozmazn\u00e1va\u0165 atmosf\u00e9rou pokoja a harm\u00f3nie. Otv\u00e1racie hodiny Pondelok \u2013 Nede\u013ea: 9:00 \u2013 21:00","breadcrumb":{"@id":"https:\/\/www.minaromgallery.hu\/sk\/wellness-spa-2\/#breadcrumb"},"inLanguage":"sk-SK","potentialAction":[{"@type":"ReadAction","target":["https:\/\/www.minaromgallery.hu\/sk\/wellness-spa-2\/"]}]},{"@type":"BreadcrumbList","@id":"https:\/\/www.minaromgallery.hu\/sk\/wellness-spa-2\/#breadcrumb","itemListElement":[{"@type":"ListItem","position":1,"name":"Home","item":"https:\/\/www.minaromgallery.hu\/sk\/"},{"@type":"ListItem","position":2,"name":"Wellness &amp; Spa"}]},{"@type":"WebSite","@id":"https:\/\/www.minaromgallery.hu\/#website","url":"https:\/\/www.minaromgallery.hu\/","name":"MGallery Minaro Hotel Tokaj","description":"","potentialAction":[{"@type":"SearchAction","target":{"@type":"EntryPoint","urlTemplate":"https:\/\/www.minaromgallery.hu\/?s={search_term_string}"},"query-input":{"@type":"PropertyValueSpecification","valueRequired":true,"valueName":"search_term_string"}}],"inLanguage":"sk-SK"}]}},"_links":{"self":[{"href":"https:\/\/www.minaromgallery.hu\/sk\/wp-json\/wp\/v2\/pages\/295","targetHints":{"allow":["GET"]}}],"collection":[{"href":"https:\/\/www.minaromgallery.hu\/sk\/wp-json\/wp\/v2\/pages"}],"about":[{"href":"https:\/\/www.minaromgallery.hu\/sk\/wp-json\/wp\/v2\/types\/page"}],"author":[{"embeddable":true,"href":"https:\/\/www.minaromgallery.hu\/sk\/wp-json\/wp\/v2\/users\/67"}],"replies":[{"embeddable":true,"href":"https:\/\/www.minaromgallery.hu\/sk\/wp-json\/wp\/v2\/comments?post=295"}],"version-history":[{"count":3,"href":"https:\/\/www.minaromgallery.hu\/sk\/wp-json\/wp\/v2\/pages\/295\/revisions"}],"predecessor-version":[{"id":1852,"href":"https:\/\/www.minaromgallery.hu\/sk\/wp-json\/wp\/v2\/pages\/295\/revisions\/1852"}],"wp:attachment":[{"href":"https:\/\/www.minaromgallery.hu\/sk\/wp-json\/wp\/v2\/media?parent=295"}],"wp:term":[{"taxonomy":"category","embeddable":true,"href":"https:\/\/www.minaromgallery.hu\/sk\/wp-json\/wp\/v2\/categories?post=295"}],"curies":[{"name":"wp","href":"https:\/\/api.w.org\/{rel}","templated":true}]}}