{"id":290,"date":"2022-12-19T15:47:39","date_gmt":"2022-12-19T15:47:39","guid":{"rendered":"https:\/\/www.minaromgallery.hu\/?page_id=290"},"modified":"2026-03-09T13:47:42","modified_gmt":"2026-03-09T13:47:42","slug":"gastronomia","status":"publish","type":"page","link":"https:\/\/www.minaromgallery.hu\/sk\/gastronomia\/","title":{"rendered":"Gastron\u00f3mia"},"content":{"rendered":"<p style=\"text-align: center\" data-start=\"562\" data-end=\"667\">Na\u0161a re\u0161taur\u00e1cia v\u00e1s poz\u00fdva objavi\u0165 bohat\u00e9 chute Tokaja v spojen\u00ed s modernou kulin\u00e1rskou kreativitou.<\/p>\n<p style=\"text-align: center\" data-start=\"669\" data-end=\"797\">Na\u0161a kuchy\u0148a, in\u0161pirovan\u00e1 miestnymi surovinami a region\u00e1lnymi trad\u00edciami, sp\u00e1ja rafinovan\u00e9 techniky s modernou gastron\u00f3miou.<\/p>\n<p style=\"text-align: center\" data-start=\"799\" data-end=\"941\">Vychutnajte si starostlivo vybran\u00e9 tokajsk\u00e9 v\u00edna v elegantnom prostred\u00ed a nechajte ka\u017ed\u00e9 jedlo rozpr\u00e1va\u0165 pr\u00edbeh tohto jedine\u010dn\u00e9ho regi\u00f3nu.<\/p>\n<p style=\"text-align: center\" data-start=\"943\" data-end=\"1088\" data-is-last-node=\"\" data-is-only-node=\"\">Od sez\u00f3nnych \u0161pecial\u00edt a\u017e po inovat\u00edvne kre\u00e1cie je ka\u017ed\u00fd moment pri stole navrhnut\u00fd tak, aby sa stal nezabudnute\u013en\u00fdm gastronomick\u00fdm z\u00e1\u017eitkom.<\/p>\n","protected":false},"excerpt":{"rendered":"<p>Na\u0161a re\u0161taur\u00e1cia v\u00e1s poz\u00fdva objavi\u0165 bohat\u00e9 chute Tokaja v spojen\u00ed s modernou kulin\u00e1rskou kreativitou. Na\u0161a kuchy\u0148a, in\u0161pirovan\u00e1 miestnymi surovinami a region\u00e1lnymi trad\u00edciami, sp\u00e1ja rafinovan\u00e9 techniky s modernou gastron\u00f3miou. Vychutnajte si starostlivo vybran\u00e9 tokajsk\u00e9 v\u00edna v elegantnom prostred\u00ed a nechajte ka\u017ed\u00e9 jedlo rozpr\u00e1va\u0165 pr\u00edbeh tohto jedine\u010dn\u00e9ho regi\u00f3nu. Od sez\u00f3nnych \u0161pecial\u00edt a\u017e po inovat\u00edvne kre\u00e1cie je ka\u017ed\u00fd [&hellip;]<\/p>\n","protected":false},"author":67,"featured_media":0,"parent":0,"menu_order":30,"comment_status":"closed","ping_status":"closed","template":"template-restaurants.php","meta":{"footnotes":""},"categories":[],"class_list":["post-290","page","type-page","status-publish","hentry"],"acf":[],"yoast_head":"<!-- This site is optimized with the Yoast SEO plugin v26.9 - https:\/\/yoast.com\/product\/yoast-seo-wordpress\/ -->\n<title>Gastron\u00f3mia - MGallery Minaro Hotel Tokaj -<\/title>\n<meta name=\"description\" content=\"Na\u0161a re\u0161taur\u00e1cia v\u00e1s poz\u00fdva objavi\u0165 bohat\u00e9 chute Tokaja v spojen\u00ed s modernou kulin\u00e1rskou kreativitou. Na\u0161a kuchy\u0148a, in\u0161pirovan\u00e1 miestnymi surovinami a region\u00e1lnymi trad\u00edciami, sp\u00e1ja rafinovan\u00e9 techniky s modernou gastron\u00f3miou. Vychutnajte si starostlivo vybran\u00e9 tokajsk\u00e9 v\u00edna v elegantnom prostred\u00ed a nechajte ka\u017ed\u00e9 jedlo rozpr\u00e1va\u0165 pr\u00edbeh tohto jedine\u010dn\u00e9ho regi\u00f3nu. Od sez\u00f3nnych \u0161pecial\u00edt a\u017e po inovat\u00edvne kre\u00e1cie je ka\u017ed\u00fd moment pri stole navrhnut\u00fd tak, aby sa stal nezabudnute\u013en\u00fdm gastronomick\u00fdm z\u00e1\u017eitkom..\" \/>\n<meta name=\"robots\" content=\"index, follow, max-snippet:-1, max-image-preview:large, max-video-preview:-1\" \/>\n<link rel=\"canonical\" href=\"https:\/\/www.minaromgallery.hu\/sk\/gastronomia\/\" \/>\n<meta property=\"og:locale\" content=\"sk_SK\" \/>\n<meta property=\"og:type\" content=\"article\" \/>\n<meta property=\"og:title\" content=\"Gastron\u00f3mia - MGallery Minaro Hotel Tokaj -\" \/>\n<meta property=\"og:description\" content=\"Na\u0161a re\u0161taur\u00e1cia v\u00e1s poz\u00fdva objavi\u0165 bohat\u00e9 chute Tokaja v spojen\u00ed s modernou kulin\u00e1rskou kreativitou. Na\u0161a kuchy\u0148a, in\u0161pirovan\u00e1 miestnymi surovinami a region\u00e1lnymi trad\u00edciami, sp\u00e1ja rafinovan\u00e9 techniky s modernou gastron\u00f3miou. Vychutnajte si starostlivo vybran\u00e9 tokajsk\u00e9 v\u00edna v elegantnom prostred\u00ed a nechajte ka\u017ed\u00e9 jedlo rozpr\u00e1va\u0165 pr\u00edbeh tohto jedine\u010dn\u00e9ho regi\u00f3nu. Od sez\u00f3nnych \u0161pecial\u00edt a\u017e po inovat\u00edvne kre\u00e1cie je ka\u017ed\u00fd moment pri stole navrhnut\u00fd tak, aby sa stal nezabudnute\u013en\u00fdm gastronomick\u00fdm z\u00e1\u017eitkom..\" \/>\n<meta property=\"og:url\" content=\"https:\/\/www.minaromgallery.hu\/sk\/gastronomia\/\" \/>\n<meta property=\"og:site_name\" content=\"MGallery Minaro Hotel Tokaj\" \/>\n<meta property=\"article:modified_time\" content=\"2026-03-09T13:47:42+00:00\" \/>\n<meta property=\"og:image\" content=\"https:\/\/www.minaromgallery.hu\/wp-content\/uploads\/sites\/31\/2022\/12\/MGallery_Minaro_homepage_slide01.jpg\" \/>\n\t<meta property=\"og:image:width\" content=\"2200\" \/>\n\t<meta property=\"og:image:height\" content=\"1200\" \/>\n\t<meta property=\"og:image:type\" content=\"image\/jpeg\" \/>\n<meta name=\"twitter:card\" content=\"summary_large_image\" \/>\n<meta name=\"twitter:label1\" content=\"Predpokladan\u00fd \u010das \u010d\u00edtania\" \/>\n\t<meta name=\"twitter:data1\" content=\"1 min\u00fata\" \/>\n<script type=\"application\/ld+json\" class=\"yoast-schema-graph\">{\"@context\":\"https:\/\/schema.org\",\"@graph\":[{\"@type\":\"WebPage\",\"@id\":\"https:\/\/www.minaromgallery.hu\/sk\/gastronomia\/\",\"url\":\"https:\/\/www.minaromgallery.hu\/sk\/gastronomia\/\",\"name\":\"Gastron\u00f3mia - MGallery Minaro Hotel Tokaj -\",\"isPartOf\":{\"@id\":\"https:\/\/www.minaromgallery.hu\/#website\"},\"datePublished\":\"2022-12-19T15:47:39+00:00\",\"dateModified\":\"2026-03-09T13:47:42+00:00\",\"description\":\"Na\u0161a re\u0161taur\u00e1cia v\u00e1s poz\u00fdva objavi\u0165 bohat\u00e9 chute Tokaja v spojen\u00ed s modernou kulin\u00e1rskou kreativitou. Na\u0161a kuchy\u0148a, in\u0161pirovan\u00e1 miestnymi surovinami a region\u00e1lnymi trad\u00edciami, sp\u00e1ja rafinovan\u00e9 techniky s modernou gastron\u00f3miou. Vychutnajte si starostlivo vybran\u00e9 tokajsk\u00e9 v\u00edna v elegantnom prostred\u00ed a nechajte ka\u017ed\u00e9 jedlo rozpr\u00e1va\u0165 pr\u00edbeh tohto jedine\u010dn\u00e9ho regi\u00f3nu. Od sez\u00f3nnych \u0161pecial\u00edt a\u017e po inovat\u00edvne kre\u00e1cie je ka\u017ed\u00fd moment pri stole navrhnut\u00fd tak, aby sa stal nezabudnute\u013en\u00fdm gastronomick\u00fdm z\u00e1\u017eitkom. .\",\"breadcrumb\":{\"@id\":\"https:\/\/www.minaromgallery.hu\/sk\/gastronomia\/#breadcrumb\"},\"inLanguage\":\"sk-SK\",\"potentialAction\":[{\"@type\":\"ReadAction\",\"target\":[\"https:\/\/www.minaromgallery.hu\/sk\/gastronomia\/\"]}]},{\"@type\":\"BreadcrumbList\",\"@id\":\"https:\/\/www.minaromgallery.hu\/sk\/gastronomia\/#breadcrumb\",\"itemListElement\":[{\"@type\":\"ListItem\",\"position\":1,\"name\":\"Home\",\"item\":\"https:\/\/www.minaromgallery.hu\/sk\/\"},{\"@type\":\"ListItem\",\"position\":2,\"name\":\"Gastron\u00f3mia\"}]},{\"@type\":\"WebSite\",\"@id\":\"https:\/\/www.minaromgallery.hu\/#website\",\"url\":\"https:\/\/www.minaromgallery.hu\/\",\"name\":\"MGallery Minaro Hotel Tokaj\",\"description\":\"\",\"potentialAction\":[{\"@type\":\"SearchAction\",\"target\":{\"@type\":\"EntryPoint\",\"urlTemplate\":\"https:\/\/www.minaromgallery.hu\/?s={search_term_string}\"},\"query-input\":{\"@type\":\"PropertyValueSpecification\",\"valueRequired\":true,\"valueName\":\"search_term_string\"}}],\"inLanguage\":\"sk-SK\"}]}<\/script>\n<!-- \/ Yoast SEO plugin. -->","yoast_head_json":{"title":"Gastron\u00f3mia - MGallery Minaro Hotel Tokaj -","description":"Na\u0161a re\u0161taur\u00e1cia v\u00e1s poz\u00fdva objavi\u0165 bohat\u00e9 chute Tokaja v spojen\u00ed s modernou kulin\u00e1rskou kreativitou. Na\u0161a kuchy\u0148a, in\u0161pirovan\u00e1 miestnymi surovinami a region\u00e1lnymi trad\u00edciami, sp\u00e1ja rafinovan\u00e9 techniky s modernou gastron\u00f3miou. Vychutnajte si starostlivo vybran\u00e9 tokajsk\u00e9 v\u00edna v elegantnom prostred\u00ed a nechajte ka\u017ed\u00e9 jedlo rozpr\u00e1va\u0165 pr\u00edbeh tohto jedine\u010dn\u00e9ho regi\u00f3nu. Od sez\u00f3nnych \u0161pecial\u00edt a\u017e po inovat\u00edvne kre\u00e1cie je ka\u017ed\u00fd moment pri stole navrhnut\u00fd tak, aby sa stal nezabudnute\u013en\u00fdm gastronomick\u00fdm z\u00e1\u017eitkom..","robots":{"index":"index","follow":"follow","max-snippet":"max-snippet:-1","max-image-preview":"max-image-preview:large","max-video-preview":"max-video-preview:-1"},"canonical":"https:\/\/www.minaromgallery.hu\/sk\/gastronomia\/","og_locale":"sk_SK","og_type":"article","og_title":"Gastron\u00f3mia - MGallery Minaro Hotel Tokaj -","og_description":"Na\u0161a re\u0161taur\u00e1cia v\u00e1s poz\u00fdva objavi\u0165 bohat\u00e9 chute Tokaja v spojen\u00ed s modernou kulin\u00e1rskou kreativitou. Na\u0161a kuchy\u0148a, in\u0161pirovan\u00e1 miestnymi surovinami a region\u00e1lnymi trad\u00edciami, sp\u00e1ja rafinovan\u00e9 techniky s modernou gastron\u00f3miou. Vychutnajte si starostlivo vybran\u00e9 tokajsk\u00e9 v\u00edna v elegantnom prostred\u00ed a nechajte ka\u017ed\u00e9 jedlo rozpr\u00e1va\u0165 pr\u00edbeh tohto jedine\u010dn\u00e9ho regi\u00f3nu. Od sez\u00f3nnych \u0161pecial\u00edt a\u017e po inovat\u00edvne kre\u00e1cie je ka\u017ed\u00fd moment pri stole navrhnut\u00fd tak, aby sa stal nezabudnute\u013en\u00fdm gastronomick\u00fdm z\u00e1\u017eitkom..","og_url":"https:\/\/www.minaromgallery.hu\/sk\/gastronomia\/","og_site_name":"MGallery Minaro Hotel Tokaj","article_modified_time":"2026-03-09T13:47:42+00:00","og_image":[{"width":2200,"height":1200,"url":"https:\/\/www.minaromgallery.hu\/wp-content\/uploads\/sites\/31\/2022\/12\/MGallery_Minaro_homepage_slide01.jpg","type":"image\/jpeg"}],"twitter_card":"summary_large_image","twitter_misc":{"Predpokladan\u00fd \u010das \u010d\u00edtania":"1 min\u00fata"},"schema":{"@context":"https:\/\/schema.org","@graph":[{"@type":"WebPage","@id":"https:\/\/www.minaromgallery.hu\/sk\/gastronomia\/","url":"https:\/\/www.minaromgallery.hu\/sk\/gastronomia\/","name":"Gastron\u00f3mia - MGallery Minaro Hotel Tokaj -","isPartOf":{"@id":"https:\/\/www.minaromgallery.hu\/#website"},"datePublished":"2022-12-19T15:47:39+00:00","dateModified":"2026-03-09T13:47:42+00:00","description":"Na\u0161a re\u0161taur\u00e1cia v\u00e1s poz\u00fdva objavi\u0165 bohat\u00e9 chute Tokaja v spojen\u00ed s modernou kulin\u00e1rskou kreativitou. Na\u0161a kuchy\u0148a, in\u0161pirovan\u00e1 miestnymi surovinami a region\u00e1lnymi trad\u00edciami, sp\u00e1ja rafinovan\u00e9 techniky s modernou gastron\u00f3miou. Vychutnajte si starostlivo vybran\u00e9 tokajsk\u00e9 v\u00edna v elegantnom prostred\u00ed a nechajte ka\u017ed\u00e9 jedlo rozpr\u00e1va\u0165 pr\u00edbeh tohto jedine\u010dn\u00e9ho regi\u00f3nu. Od sez\u00f3nnych \u0161pecial\u00edt a\u017e po inovat\u00edvne kre\u00e1cie je ka\u017ed\u00fd moment pri stole navrhnut\u00fd tak, aby sa stal nezabudnute\u013en\u00fdm gastronomick\u00fdm z\u00e1\u017eitkom. .","breadcrumb":{"@id":"https:\/\/www.minaromgallery.hu\/sk\/gastronomia\/#breadcrumb"},"inLanguage":"sk-SK","potentialAction":[{"@type":"ReadAction","target":["https:\/\/www.minaromgallery.hu\/sk\/gastronomia\/"]}]},{"@type":"BreadcrumbList","@id":"https:\/\/www.minaromgallery.hu\/sk\/gastronomia\/#breadcrumb","itemListElement":[{"@type":"ListItem","position":1,"name":"Home","item":"https:\/\/www.minaromgallery.hu\/sk\/"},{"@type":"ListItem","position":2,"name":"Gastron\u00f3mia"}]},{"@type":"WebSite","@id":"https:\/\/www.minaromgallery.hu\/#website","url":"https:\/\/www.minaromgallery.hu\/","name":"MGallery Minaro Hotel Tokaj","description":"","potentialAction":[{"@type":"SearchAction","target":{"@type":"EntryPoint","urlTemplate":"https:\/\/www.minaromgallery.hu\/?s={search_term_string}"},"query-input":{"@type":"PropertyValueSpecification","valueRequired":true,"valueName":"search_term_string"}}],"inLanguage":"sk-SK"}]}},"_links":{"self":[{"href":"https:\/\/www.minaromgallery.hu\/sk\/wp-json\/wp\/v2\/pages\/290","targetHints":{"allow":["GET"]}}],"collection":[{"href":"https:\/\/www.minaromgallery.hu\/sk\/wp-json\/wp\/v2\/pages"}],"about":[{"href":"https:\/\/www.minaromgallery.hu\/sk\/wp-json\/wp\/v2\/types\/page"}],"author":[{"embeddable":true,"href":"https:\/\/www.minaromgallery.hu\/sk\/wp-json\/wp\/v2\/users\/67"}],"replies":[{"embeddable":true,"href":"https:\/\/www.minaromgallery.hu\/sk\/wp-json\/wp\/v2\/comments?post=290"}],"version-history":[{"count":1,"href":"https:\/\/www.minaromgallery.hu\/sk\/wp-json\/wp\/v2\/pages\/290\/revisions"}],"predecessor-version":[{"id":1525,"href":"https:\/\/www.minaromgallery.hu\/sk\/wp-json\/wp\/v2\/pages\/290\/revisions\/1525"}],"wp:attachment":[{"href":"https:\/\/www.minaromgallery.hu\/sk\/wp-json\/wp\/v2\/media?parent=290"}],"wp:term":[{"taxonomy":"category","embeddable":true,"href":"https:\/\/www.minaromgallery.hu\/sk\/wp-json\/wp\/v2\/categories?post=290"}],"curies":[{"name":"wp","href":"https:\/\/api.w.org\/{rel}","templated":true}]}}