{"id":285,"date":"2022-12-19T10:50:05","date_gmt":"2022-12-19T10:50:05","guid":{"rendered":"https:\/\/www.minaromgallery.hu\/?page_id=285"},"modified":"2026-03-30T13:49:28","modified_gmt":"2026-03-30T13:49:28","slug":"izba-superior","status":"publish","type":"page","link":"https:\/\/www.minaromgallery.hu\/sk\/izby-a-suity\/izba-superior\/","title":{"rendered":"Izba Superior"},"content":{"rendered":"<p style=\"text-align: center\" data-start=\"609\" data-end=\"903\">\u010ci u\u017e prich\u00e1dzate na rekrea\u010dn\u00fd alebo pracovn\u00fd pobyt, na\u0161e 30 m\u00b2 izby in\u0161pirovan\u00e9 mayskou kult\u00farou v\u00e1m pon\u00faknu pokojn\u00e9 a oddychov\u00e9 noci v priestrann\u00fdch a pohodln\u00fdch posteliach.<\/p>\n<p style=\"text-align: center\" data-start=\"609\" data-end=\"903\">Z izieb s balk\u00f3nom m\u00f4\u017eete obdivova\u0165 jedine\u010dn\u00e9 vinice tokajsk\u00e9ho regi\u00f3nu alebo p\u00f4sobiv\u00fd andezitov\u00fd lom.<\/p>\n<p style=\"text-align: center\" data-start=\"905\" data-end=\"994\">Str\u00e1vte svoj pobyt v pohodlnej Superior izbe in\u0161pirovanej svetom mayskej civiliz\u00e1cie.<\/p>\n<p style=\"text-align: center\" data-start=\"996\" data-end=\"1011\"><strong>Typy izieb:<\/strong><\/p>\n<p style=\"text-align: center\" data-start=\"1015\" data-end=\"1064\">42 izieb s oddelite\u013en\u00fdmi twin poste\u013eami<\/p>\n<p style=\"text-align: center\" data-start=\"1067\" data-end=\"1134\">40 izieb s v\u00fdh\u013eadom na vinice<\/p>\n","protected":false},"excerpt":{"rendered":"<p>\u010ci u\u017e prich\u00e1dzate na rekrea\u010dn\u00fd alebo pracovn\u00fd pobyt, na\u0161e 30 m\u00b2 izby in\u0161pirovan\u00e9 mayskou kult\u00farou v\u00e1m pon\u00faknu pokojn\u00e9 a oddychov\u00e9 noci v priestrann\u00fdch a pohodln\u00fdch posteliach. Z izieb s balk\u00f3nom m\u00f4\u017eete obdivova\u0165 jedine\u010dn\u00e9 vinice tokajsk\u00e9ho regi\u00f3nu alebo p\u00f4sobiv\u00fd andezitov\u00fd lom. Str\u00e1vte svoj pobyt v pohodlnej Superior izbe in\u0161pirovanej svetom mayskej civiliz\u00e1cie. Typy izieb: 42 izieb [&hellip;]<\/p>\n","protected":false},"author":67,"featured_media":0,"parent":279,"menu_order":5,"comment_status":"closed","ping_status":"closed","template":"template-room.php","meta":{"footnotes":""},"categories":[],"class_list":["post-285","page","type-page","status-publish","hentry"],"acf":[],"yoast_head":"<!-- This site is optimized with the Yoast SEO plugin v26.9 - https:\/\/yoast.com\/product\/yoast-seo-wordpress\/ -->\n<title>Izba Superior - MGallery Minaro Hotel Tokaj -<\/title>\n<meta name=\"description\" content=\"\u010ci u\u017e prich\u00e1dzate na rekrea\u010dn\u00fd alebo pracovn\u00fd pobyt, na\u0161e 30 m\u00b2 izby in\u0161pirovan\u00e9 mayskou kult\u00farou v\u00e1m pon\u00faknu pokojn\u00e9 a oddychov\u00e9 noci v priestrann\u00fdch a pohodln\u00fdch posteliach. Z izieb s balk\u00f3nom m\u00f4\u017eete obdivova\u0165 jedine\u010dn\u00e9 vinice tokajsk\u00e9ho regi\u00f3nu alebo p\u00f4sobiv\u00fd andezitov\u00fd lom. Str\u00e1vte svoj pobyt v pohodlnej Superior izbe in\u0161pirovanej svetom mayskej civiliz\u00e1cie. Typy izieb: 42 izieb s oddelite\u013en\u00fdmi twin poste\u013eami 40 izieb s v\u00fdh\u013eadom na vinice.\" \/>\n<meta name=\"robots\" content=\"index, follow, max-snippet:-1, max-image-preview:large, max-video-preview:-1\" \/>\n<link rel=\"canonical\" href=\"https:\/\/www.minaromgallery.hu\/sk\/izby-a-suity\/izba-superior\/\" \/>\n<meta property=\"og:locale\" content=\"sk_SK\" \/>\n<meta property=\"og:type\" content=\"article\" \/>\n<meta property=\"og:title\" content=\"Izba Superior - MGallery Minaro Hotel Tokaj -\" \/>\n<meta property=\"og:description\" content=\"\u010ci u\u017e prich\u00e1dzate na rekrea\u010dn\u00fd alebo pracovn\u00fd pobyt, na\u0161e 30 m\u00b2 izby in\u0161pirovan\u00e9 mayskou kult\u00farou v\u00e1m pon\u00faknu pokojn\u00e9 a oddychov\u00e9 noci v priestrann\u00fdch a pohodln\u00fdch posteliach. Z izieb s balk\u00f3nom m\u00f4\u017eete obdivova\u0165 jedine\u010dn\u00e9 vinice tokajsk\u00e9ho regi\u00f3nu alebo p\u00f4sobiv\u00fd andezitov\u00fd lom. Str\u00e1vte svoj pobyt v pohodlnej Superior izbe in\u0161pirovanej svetom mayskej civiliz\u00e1cie. Typy izieb: 42 izieb s oddelite\u013en\u00fdmi twin poste\u013eami 40 izieb s v\u00fdh\u013eadom na vinice.\" \/>\n<meta property=\"og:url\" content=\"https:\/\/www.minaromgallery.hu\/sk\/izby-a-suity\/izba-superior\/\" \/>\n<meta property=\"og:site_name\" content=\"MGallery Minaro Hotel Tokaj\" \/>\n<meta property=\"article:modified_time\" content=\"2026-03-30T13:49:28+00:00\" \/>\n<meta property=\"og:image\" content=\"https:\/\/www.minaromgallery.hu\/wp-content\/uploads\/sites\/31\/2022\/12\/MGallery_Minaro_homepage_slide01.jpg\" \/>\n\t<meta property=\"og:image:width\" content=\"2200\" \/>\n\t<meta property=\"og:image:height\" content=\"1200\" \/>\n\t<meta property=\"og:image:type\" content=\"image\/jpeg\" \/>\n<meta name=\"twitter:card\" content=\"summary_large_image\" \/>\n<meta name=\"twitter:label1\" content=\"Predpokladan\u00fd \u010das \u010d\u00edtania\" \/>\n\t<meta name=\"twitter:data1\" content=\"1 min\u00fata\" \/>\n<script type=\"application\/ld+json\" class=\"yoast-schema-graph\">{\"@context\":\"https:\/\/schema.org\",\"@graph\":[{\"@type\":\"WebPage\",\"@id\":\"https:\/\/www.minaromgallery.hu\/sk\/izby-a-suity\/izba-superior\/\",\"url\":\"https:\/\/www.minaromgallery.hu\/sk\/izby-a-suity\/izba-superior\/\",\"name\":\"Izba Superior - MGallery Minaro Hotel Tokaj -\",\"isPartOf\":{\"@id\":\"https:\/\/www.minaromgallery.hu\/#website\"},\"datePublished\":\"2022-12-19T10:50:05+00:00\",\"dateModified\":\"2026-03-30T13:49:28+00:00\",\"description\":\"\u010ci u\u017e prich\u00e1dzate na rekrea\u010dn\u00fd alebo pracovn\u00fd pobyt, na\u0161e 30 m\u00b2 izby in\u0161pirovan\u00e9 mayskou kult\u00farou v\u00e1m pon\u00faknu pokojn\u00e9 a oddychov\u00e9 noci v priestrann\u00fdch a pohodln\u00fdch posteliach. Z izieb s balk\u00f3nom m\u00f4\u017eete obdivova\u0165 jedine\u010dn\u00e9 vinice tokajsk\u00e9ho regi\u00f3nu alebo p\u00f4sobiv\u00fd andezitov\u00fd lom. Str\u00e1vte svoj pobyt v pohodlnej Superior izbe in\u0161pirovanej svetom mayskej civiliz\u00e1cie. Typy izieb: 42 izieb s oddelite\u013en\u00fdmi twin poste\u013eami 40 izieb s v\u00fdh\u013eadom na vinice .\",\"breadcrumb\":{\"@id\":\"https:\/\/www.minaromgallery.hu\/sk\/izby-a-suity\/izba-superior\/#breadcrumb\"},\"inLanguage\":\"sk-SK\",\"potentialAction\":[{\"@type\":\"ReadAction\",\"target\":[\"https:\/\/www.minaromgallery.hu\/sk\/izby-a-suity\/izba-superior\/\"]}]},{\"@type\":\"BreadcrumbList\",\"@id\":\"https:\/\/www.minaromgallery.hu\/sk\/izby-a-suity\/izba-superior\/#breadcrumb\",\"itemListElement\":[{\"@type\":\"ListItem\",\"position\":1,\"name\":\"Home\",\"item\":\"https:\/\/www.minaromgallery.hu\/sk\/\"},{\"@type\":\"ListItem\",\"position\":2,\"name\":\"Izby a suity\",\"item\":\"https:\/\/www.minaromgallery.hu\/sk\/izby-a-suity\/\"},{\"@type\":\"ListItem\",\"position\":3,\"name\":\"Izba Superior\"}]},{\"@type\":\"WebSite\",\"@id\":\"https:\/\/www.minaromgallery.hu\/#website\",\"url\":\"https:\/\/www.minaromgallery.hu\/\",\"name\":\"MGallery Minaro Hotel Tokaj\",\"description\":\"\",\"potentialAction\":[{\"@type\":\"SearchAction\",\"target\":{\"@type\":\"EntryPoint\",\"urlTemplate\":\"https:\/\/www.minaromgallery.hu\/?s={search_term_string}\"},\"query-input\":{\"@type\":\"PropertyValueSpecification\",\"valueRequired\":true,\"valueName\":\"search_term_string\"}}],\"inLanguage\":\"sk-SK\"}]}<\/script>\n<!-- \/ Yoast SEO plugin. -->","yoast_head_json":{"title":"Izba Superior - MGallery Minaro Hotel Tokaj -","description":"\u010ci u\u017e prich\u00e1dzate na rekrea\u010dn\u00fd alebo pracovn\u00fd pobyt, na\u0161e 30 m\u00b2 izby in\u0161pirovan\u00e9 mayskou kult\u00farou v\u00e1m pon\u00faknu pokojn\u00e9 a oddychov\u00e9 noci v priestrann\u00fdch a pohodln\u00fdch posteliach. Z izieb s balk\u00f3nom m\u00f4\u017eete obdivova\u0165 jedine\u010dn\u00e9 vinice tokajsk\u00e9ho regi\u00f3nu alebo p\u00f4sobiv\u00fd andezitov\u00fd lom. Str\u00e1vte svoj pobyt v pohodlnej Superior izbe in\u0161pirovanej svetom mayskej civiliz\u00e1cie. Typy izieb: 42 izieb s oddelite\u013en\u00fdmi twin poste\u013eami 40 izieb s v\u00fdh\u013eadom na vinice.","robots":{"index":"index","follow":"follow","max-snippet":"max-snippet:-1","max-image-preview":"max-image-preview:large","max-video-preview":"max-video-preview:-1"},"canonical":"https:\/\/www.minaromgallery.hu\/sk\/izby-a-suity\/izba-superior\/","og_locale":"sk_SK","og_type":"article","og_title":"Izba Superior - MGallery Minaro Hotel Tokaj -","og_description":"\u010ci u\u017e prich\u00e1dzate na rekrea\u010dn\u00fd alebo pracovn\u00fd pobyt, na\u0161e 30 m\u00b2 izby in\u0161pirovan\u00e9 mayskou kult\u00farou v\u00e1m pon\u00faknu pokojn\u00e9 a oddychov\u00e9 noci v priestrann\u00fdch a pohodln\u00fdch posteliach. Z izieb s balk\u00f3nom m\u00f4\u017eete obdivova\u0165 jedine\u010dn\u00e9 vinice tokajsk\u00e9ho regi\u00f3nu alebo p\u00f4sobiv\u00fd andezitov\u00fd lom. Str\u00e1vte svoj pobyt v pohodlnej Superior izbe in\u0161pirovanej svetom mayskej civiliz\u00e1cie. Typy izieb: 42 izieb s oddelite\u013en\u00fdmi twin poste\u013eami 40 izieb s v\u00fdh\u013eadom na vinice.","og_url":"https:\/\/www.minaromgallery.hu\/sk\/izby-a-suity\/izba-superior\/","og_site_name":"MGallery Minaro Hotel Tokaj","article_modified_time":"2026-03-30T13:49:28+00:00","og_image":[{"width":2200,"height":1200,"url":"https:\/\/www.minaromgallery.hu\/wp-content\/uploads\/sites\/31\/2022\/12\/MGallery_Minaro_homepage_slide01.jpg","type":"image\/jpeg"}],"twitter_card":"summary_large_image","twitter_misc":{"Predpokladan\u00fd \u010das \u010d\u00edtania":"1 min\u00fata"},"schema":{"@context":"https:\/\/schema.org","@graph":[{"@type":"WebPage","@id":"https:\/\/www.minaromgallery.hu\/sk\/izby-a-suity\/izba-superior\/","url":"https:\/\/www.minaromgallery.hu\/sk\/izby-a-suity\/izba-superior\/","name":"Izba Superior - MGallery Minaro Hotel Tokaj -","isPartOf":{"@id":"https:\/\/www.minaromgallery.hu\/#website"},"datePublished":"2022-12-19T10:50:05+00:00","dateModified":"2026-03-30T13:49:28+00:00","description":"\u010ci u\u017e prich\u00e1dzate na rekrea\u010dn\u00fd alebo pracovn\u00fd pobyt, na\u0161e 30 m\u00b2 izby in\u0161pirovan\u00e9 mayskou kult\u00farou v\u00e1m pon\u00faknu pokojn\u00e9 a oddychov\u00e9 noci v priestrann\u00fdch a pohodln\u00fdch posteliach. Z izieb s balk\u00f3nom m\u00f4\u017eete obdivova\u0165 jedine\u010dn\u00e9 vinice tokajsk\u00e9ho regi\u00f3nu alebo p\u00f4sobiv\u00fd andezitov\u00fd lom. Str\u00e1vte svoj pobyt v pohodlnej Superior izbe in\u0161pirovanej svetom mayskej civiliz\u00e1cie. Typy izieb: 42 izieb s oddelite\u013en\u00fdmi twin poste\u013eami 40 izieb s v\u00fdh\u013eadom na vinice .","breadcrumb":{"@id":"https:\/\/www.minaromgallery.hu\/sk\/izby-a-suity\/izba-superior\/#breadcrumb"},"inLanguage":"sk-SK","potentialAction":[{"@type":"ReadAction","target":["https:\/\/www.minaromgallery.hu\/sk\/izby-a-suity\/izba-superior\/"]}]},{"@type":"BreadcrumbList","@id":"https:\/\/www.minaromgallery.hu\/sk\/izby-a-suity\/izba-superior\/#breadcrumb","itemListElement":[{"@type":"ListItem","position":1,"name":"Home","item":"https:\/\/www.minaromgallery.hu\/sk\/"},{"@type":"ListItem","position":2,"name":"Izby a suity","item":"https:\/\/www.minaromgallery.hu\/sk\/izby-a-suity\/"},{"@type":"ListItem","position":3,"name":"Izba Superior"}]},{"@type":"WebSite","@id":"https:\/\/www.minaromgallery.hu\/#website","url":"https:\/\/www.minaromgallery.hu\/","name":"MGallery Minaro Hotel Tokaj","description":"","potentialAction":[{"@type":"SearchAction","target":{"@type":"EntryPoint","urlTemplate":"https:\/\/www.minaromgallery.hu\/?s={search_term_string}"},"query-input":{"@type":"PropertyValueSpecification","valueRequired":true,"valueName":"search_term_string"}}],"inLanguage":"sk-SK"}]}},"_links":{"self":[{"href":"https:\/\/www.minaromgallery.hu\/sk\/wp-json\/wp\/v2\/pages\/285","targetHints":{"allow":["GET"]}}],"collection":[{"href":"https:\/\/www.minaromgallery.hu\/sk\/wp-json\/wp\/v2\/pages"}],"about":[{"href":"https:\/\/www.minaromgallery.hu\/sk\/wp-json\/wp\/v2\/types\/page"}],"author":[{"embeddable":true,"href":"https:\/\/www.minaromgallery.hu\/sk\/wp-json\/wp\/v2\/users\/67"}],"replies":[{"embeddable":true,"href":"https:\/\/www.minaromgallery.hu\/sk\/wp-json\/wp\/v2\/comments?post=285"}],"version-history":[{"count":3,"href":"https:\/\/www.minaromgallery.hu\/sk\/wp-json\/wp\/v2\/pages\/285\/revisions"}],"predecessor-version":[{"id":1749,"href":"https:\/\/www.minaromgallery.hu\/sk\/wp-json\/wp\/v2\/pages\/285\/revisions\/1749"}],"up":[{"embeddable":true,"href":"https:\/\/www.minaromgallery.hu\/sk\/wp-json\/wp\/v2\/pages\/279"}],"wp:attachment":[{"href":"https:\/\/www.minaromgallery.hu\/sk\/wp-json\/wp\/v2\/media?parent=285"}],"wp:term":[{"taxonomy":"category","embeddable":true,"href":"https:\/\/www.minaromgallery.hu\/sk\/wp-json\/wp\/v2\/categories?post=285"}],"curies":[{"name":"wp","href":"https:\/\/api.w.org\/{rel}","templated":true}]}}