{"id":279,"date":"2022-12-16T14:40:11","date_gmt":"2022-12-16T14:40:11","guid":{"rendered":"https:\/\/www.minaromgallery.hu\/?page_id=279"},"modified":"2026-03-09T14:04:40","modified_gmt":"2026-03-09T14:04:40","slug":"izby-a-suity","status":"publish","type":"page","link":"https:\/\/www.minaromgallery.hu\/sk\/izby-a-suity\/","title":{"rendered":"Izby a suity"},"content":{"rendered":"<p style=\"text-align: center\" data-start=\"510\" data-end=\"679\">V\u0161etky izby a suity v Hotel Minaro Tokaj MGallery*** pon\u00fakaj\u00fa n\u00e1dhern\u00e9 panoramatick\u00e9 v\u00fdh\u013eady a jedine\u010dn\u00fd dizajn in\u0161pirovan\u00fd mystick\u00fdm svetom mayskej civiliz\u00e1cie.<\/p>\n<p style=\"text-align: center\" data-start=\"681\" data-end=\"793\">O va\u0161e pohodlie a rozmazn\u00e1vanie sa postaraj\u00fa talianske k\u00e1vovary Nespresso a luxusn\u00e9 produkty L\u2019OCCITANE.<\/p>\n<p style=\"text-align: center\" data-start=\"795\" data-end=\"939\" data-is-last-node=\"\" data-is-only-node=\"\">Doprajte si dokonal\u00fd pobyt vyu\u017eit\u00edm slu\u017eieb n\u00e1\u0161ho Wellness &amp; Spa centra a objavte v\u00fdnimo\u010dn\u00e9 gastronomick\u00e9 z\u00e1\u017eitky v re\u0161taur\u00e1cii Tortuga.<\/p>\n","protected":false},"excerpt":{"rendered":"<p>V\u0161etky izby a suity v Hotel Minaro Tokaj MGallery*** pon\u00fakaj\u00fa n\u00e1dhern\u00e9 panoramatick\u00e9 v\u00fdh\u013eady a jedine\u010dn\u00fd dizajn in\u0161pirovan\u00fd mystick\u00fdm svetom mayskej civiliz\u00e1cie. O va\u0161e pohodlie a rozmazn\u00e1vanie sa postaraj\u00fa talianske k\u00e1vovary Nespresso a luxusn\u00e9 produkty L\u2019OCCITANE. Doprajte si dokonal\u00fd pobyt vyu\u017eit\u00edm slu\u017eieb n\u00e1\u0161ho Wellness &amp; Spa centra a objavte v\u00fdnimo\u010dn\u00e9 gastronomick\u00e9 z\u00e1\u017eitky v re\u0161taur\u00e1cii Tortuga.<\/p>\n","protected":false},"author":67,"featured_media":0,"parent":0,"menu_order":5,"comment_status":"closed","ping_status":"closed","template":"template-rooms.php","meta":{"footnotes":""},"categories":[],"class_list":["post-279","page","type-page","status-publish","hentry"],"acf":[],"yoast_head":"<!-- This site is optimized with the Yoast SEO plugin v26.9 - https:\/\/yoast.com\/product\/yoast-seo-wordpress\/ -->\n<title>Izby a suity - MGallery Minaro Hotel Tokaj -<\/title>\n<meta name=\"description\" content=\"V\u0161etky izby a suity Hotela Minaro Tokaj MGallery***** maj\u00fa n\u00e1dhern\u00fa panor\u00e1mu a jedine\u010dn\u00fd, zvl\u00e1\u0161tny vzh\u013ead in\u0161pirovan\u00fd svetom Mayov. Talianske k\u00e1vovary Nespresso a produkty L&#039;OCCITANE sa postaraj\u00fa o rozmazn\u00e1vanie izieb. Dokon\u010dite svoj pobyt tu slu\u017ebami n\u00e1\u0161ho oddelenia Wellness&amp;Spa a kulin\u00e1rskymi \u0161pecialitami v re\u0161taur\u00e1cii Tortuga!\" \/>\n<meta name=\"robots\" content=\"index, follow, max-snippet:-1, max-image-preview:large, max-video-preview:-1\" \/>\n<link rel=\"canonical\" href=\"https:\/\/www.minaromgallery.hu\/sk\/izby-a-suity\/\" \/>\n<meta property=\"og:locale\" content=\"sk_SK\" \/>\n<meta property=\"og:type\" content=\"article\" \/>\n<meta property=\"og:title\" content=\"Izby a suity - MGallery Minaro Hotel Tokaj -\" \/>\n<meta property=\"og:description\" content=\"V\u0161etky izby a suity Hotela Minaro Tokaj MGallery***** maj\u00fa n\u00e1dhern\u00fa panor\u00e1mu a jedine\u010dn\u00fd, zvl\u00e1\u0161tny vzh\u013ead in\u0161pirovan\u00fd svetom Mayov. Talianske k\u00e1vovary Nespresso a produkty L&#039;OCCITANE sa postaraj\u00fa o rozmazn\u00e1vanie izieb. Dokon\u010dite svoj pobyt tu slu\u017ebami n\u00e1\u0161ho oddelenia Wellness&amp;Spa a kulin\u00e1rskymi \u0161pecialitami v re\u0161taur\u00e1cii Tortuga!\" \/>\n<meta property=\"og:url\" content=\"https:\/\/www.minaromgallery.hu\/sk\/izby-a-suity\/\" \/>\n<meta property=\"og:site_name\" content=\"MGallery Minaro Hotel Tokaj\" \/>\n<meta property=\"article:modified_time\" content=\"2026-03-09T14:04:40+00:00\" \/>\n<meta property=\"og:image\" content=\"https:\/\/www.minaromgallery.hu\/wp-content\/uploads\/sites\/31\/2022\/12\/MGallery_Minaro_homepage_slide01.jpg\" \/>\n\t<meta property=\"og:image:width\" content=\"2200\" \/>\n\t<meta property=\"og:image:height\" content=\"1200\" \/>\n\t<meta property=\"og:image:type\" content=\"image\/jpeg\" \/>\n<meta name=\"twitter:card\" content=\"summary_large_image\" \/>\n<meta name=\"twitter:label1\" content=\"Predpokladan\u00fd \u010das \u010d\u00edtania\" \/>\n\t<meta name=\"twitter:data1\" content=\"1 min\u00fata\" \/>\n<script type=\"application\/ld+json\" class=\"yoast-schema-graph\">{\"@context\":\"https:\/\/schema.org\",\"@graph\":[{\"@type\":\"WebPage\",\"@id\":\"https:\/\/www.minaromgallery.hu\/sk\/izby-a-suity\/\",\"url\":\"https:\/\/www.minaromgallery.hu\/sk\/izby-a-suity\/\",\"name\":\"Izby a suity - MGallery Minaro Hotel Tokaj -\",\"isPartOf\":{\"@id\":\"https:\/\/www.minaromgallery.hu\/#website\"},\"datePublished\":\"2022-12-16T14:40:11+00:00\",\"dateModified\":\"2026-03-09T14:04:40+00:00\",\"description\":\"V\u0161etky izby a suity Hotela Minaro Tokaj MGallery***** maj\u00fa n\u00e1dhern\u00fa panor\u00e1mu a jedine\u010dn\u00fd, zvl\u00e1\u0161tny vzh\u013ead in\u0161pirovan\u00fd svetom Mayov. Talianske k\u00e1vovary Nespresso a produkty L'OCCITANE sa postaraj\u00fa o rozmazn\u00e1vanie izieb. Dokon\u010dite svoj pobyt tu slu\u017ebami n\u00e1\u0161ho oddelenia Wellness&Spa a kulin\u00e1rskymi \u0161pecialitami v re\u0161taur\u00e1cii Tortuga!\",\"breadcrumb\":{\"@id\":\"https:\/\/www.minaromgallery.hu\/sk\/izby-a-suity\/#breadcrumb\"},\"inLanguage\":\"sk-SK\",\"potentialAction\":[{\"@type\":\"ReadAction\",\"target\":[\"https:\/\/www.minaromgallery.hu\/sk\/izby-a-suity\/\"]}]},{\"@type\":\"BreadcrumbList\",\"@id\":\"https:\/\/www.minaromgallery.hu\/sk\/izby-a-suity\/#breadcrumb\",\"itemListElement\":[{\"@type\":\"ListItem\",\"position\":1,\"name\":\"Home\",\"item\":\"https:\/\/www.minaromgallery.hu\/sk\/\"},{\"@type\":\"ListItem\",\"position\":2,\"name\":\"Izby a suity\"}]},{\"@type\":\"WebSite\",\"@id\":\"https:\/\/www.minaromgallery.hu\/#website\",\"url\":\"https:\/\/www.minaromgallery.hu\/\",\"name\":\"MGallery Minaro Hotel Tokaj\",\"description\":\"\",\"potentialAction\":[{\"@type\":\"SearchAction\",\"target\":{\"@type\":\"EntryPoint\",\"urlTemplate\":\"https:\/\/www.minaromgallery.hu\/?s={search_term_string}\"},\"query-input\":{\"@type\":\"PropertyValueSpecification\",\"valueRequired\":true,\"valueName\":\"search_term_string\"}}],\"inLanguage\":\"sk-SK\"}]}<\/script>\n<!-- \/ Yoast SEO plugin. -->","yoast_head_json":{"title":"Izby a suity - MGallery Minaro Hotel Tokaj -","description":"V\u0161etky izby a suity Hotela Minaro Tokaj MGallery***** maj\u00fa n\u00e1dhern\u00fa panor\u00e1mu a jedine\u010dn\u00fd, zvl\u00e1\u0161tny vzh\u013ead in\u0161pirovan\u00fd svetom Mayov. Talianske k\u00e1vovary Nespresso a produkty L'OCCITANE sa postaraj\u00fa o rozmazn\u00e1vanie izieb. Dokon\u010dite svoj pobyt tu slu\u017ebami n\u00e1\u0161ho oddelenia Wellness&Spa a kulin\u00e1rskymi \u0161pecialitami v re\u0161taur\u00e1cii Tortuga!","robots":{"index":"index","follow":"follow","max-snippet":"max-snippet:-1","max-image-preview":"max-image-preview:large","max-video-preview":"max-video-preview:-1"},"canonical":"https:\/\/www.minaromgallery.hu\/sk\/izby-a-suity\/","og_locale":"sk_SK","og_type":"article","og_title":"Izby a suity - MGallery Minaro Hotel Tokaj -","og_description":"V\u0161etky izby a suity Hotela Minaro Tokaj MGallery***** maj\u00fa n\u00e1dhern\u00fa panor\u00e1mu a jedine\u010dn\u00fd, zvl\u00e1\u0161tny vzh\u013ead in\u0161pirovan\u00fd svetom Mayov. Talianske k\u00e1vovary Nespresso a produkty L'OCCITANE sa postaraj\u00fa o rozmazn\u00e1vanie izieb. Dokon\u010dite svoj pobyt tu slu\u017ebami n\u00e1\u0161ho oddelenia Wellness&Spa a kulin\u00e1rskymi \u0161pecialitami v re\u0161taur\u00e1cii Tortuga!","og_url":"https:\/\/www.minaromgallery.hu\/sk\/izby-a-suity\/","og_site_name":"MGallery Minaro Hotel Tokaj","article_modified_time":"2026-03-09T14:04:40+00:00","og_image":[{"width":2200,"height":1200,"url":"https:\/\/www.minaromgallery.hu\/wp-content\/uploads\/sites\/31\/2022\/12\/MGallery_Minaro_homepage_slide01.jpg","type":"image\/jpeg"}],"twitter_card":"summary_large_image","twitter_misc":{"Predpokladan\u00fd \u010das \u010d\u00edtania":"1 min\u00fata"},"schema":{"@context":"https:\/\/schema.org","@graph":[{"@type":"WebPage","@id":"https:\/\/www.minaromgallery.hu\/sk\/izby-a-suity\/","url":"https:\/\/www.minaromgallery.hu\/sk\/izby-a-suity\/","name":"Izby a suity - MGallery Minaro Hotel Tokaj -","isPartOf":{"@id":"https:\/\/www.minaromgallery.hu\/#website"},"datePublished":"2022-12-16T14:40:11+00:00","dateModified":"2026-03-09T14:04:40+00:00","description":"V\u0161etky izby a suity Hotela Minaro Tokaj MGallery***** maj\u00fa n\u00e1dhern\u00fa panor\u00e1mu a jedine\u010dn\u00fd, zvl\u00e1\u0161tny vzh\u013ead in\u0161pirovan\u00fd svetom Mayov. Talianske k\u00e1vovary Nespresso a produkty L'OCCITANE sa postaraj\u00fa o rozmazn\u00e1vanie izieb. Dokon\u010dite svoj pobyt tu slu\u017ebami n\u00e1\u0161ho oddelenia Wellness&Spa a kulin\u00e1rskymi \u0161pecialitami v re\u0161taur\u00e1cii Tortuga!","breadcrumb":{"@id":"https:\/\/www.minaromgallery.hu\/sk\/izby-a-suity\/#breadcrumb"},"inLanguage":"sk-SK","potentialAction":[{"@type":"ReadAction","target":["https:\/\/www.minaromgallery.hu\/sk\/izby-a-suity\/"]}]},{"@type":"BreadcrumbList","@id":"https:\/\/www.minaromgallery.hu\/sk\/izby-a-suity\/#breadcrumb","itemListElement":[{"@type":"ListItem","position":1,"name":"Home","item":"https:\/\/www.minaromgallery.hu\/sk\/"},{"@type":"ListItem","position":2,"name":"Izby a suity"}]},{"@type":"WebSite","@id":"https:\/\/www.minaromgallery.hu\/#website","url":"https:\/\/www.minaromgallery.hu\/","name":"MGallery Minaro Hotel Tokaj","description":"","potentialAction":[{"@type":"SearchAction","target":{"@type":"EntryPoint","urlTemplate":"https:\/\/www.minaromgallery.hu\/?s={search_term_string}"},"query-input":{"@type":"PropertyValueSpecification","valueRequired":true,"valueName":"search_term_string"}}],"inLanguage":"sk-SK"}]}},"_links":{"self":[{"href":"https:\/\/www.minaromgallery.hu\/sk\/wp-json\/wp\/v2\/pages\/279","targetHints":{"allow":["GET"]}}],"collection":[{"href":"https:\/\/www.minaromgallery.hu\/sk\/wp-json\/wp\/v2\/pages"}],"about":[{"href":"https:\/\/www.minaromgallery.hu\/sk\/wp-json\/wp\/v2\/types\/page"}],"author":[{"embeddable":true,"href":"https:\/\/www.minaromgallery.hu\/sk\/wp-json\/wp\/v2\/users\/67"}],"replies":[{"embeddable":true,"href":"https:\/\/www.minaromgallery.hu\/sk\/wp-json\/wp\/v2\/comments?post=279"}],"version-history":[{"count":1,"href":"https:\/\/www.minaromgallery.hu\/sk\/wp-json\/wp\/v2\/pages\/279\/revisions"}],"predecessor-version":[{"id":1536,"href":"https:\/\/www.minaromgallery.hu\/sk\/wp-json\/wp\/v2\/pages\/279\/revisions\/1536"}],"wp:attachment":[{"href":"https:\/\/www.minaromgallery.hu\/sk\/wp-json\/wp\/v2\/media?parent=279"}],"wp:term":[{"taxonomy":"category","embeddable":true,"href":"https:\/\/www.minaromgallery.hu\/sk\/wp-json\/wp\/v2\/categories?post=279"}],"curies":[{"name":"wp","href":"https:\/\/api.w.org\/{rel}","templated":true}]}}