{"id":275,"date":"2022-12-16T10:26:16","date_gmt":"2022-12-16T10:26:16","guid":{"rendered":"https:\/\/www.minaromgallery.hu\/?page_id=275"},"modified":"2026-03-09T14:16:12","modified_gmt":"2026-03-09T14:16:12","slug":"domovskej-stranke","status":"publish","type":"page","link":"https:\/\/www.minaromgallery.hu\/sk\/","title":{"rendered":"Domovskej str\u00e1nke"},"content":{"rendered":"<p>N\u00e1\u0161 5-hviezdi\u010dkov\u00fd hotel v Tokaji, ktor\u00fd sa nach\u00e1dza na zozname svetov\u00e9ho dedi\u010dstva UNESCO, na mieste b\u00fdvalej bane na andezit, V\u00e1s zavedie do \u00faplne in\u00e9ho sveta obklopen\u00e9ho autentick\u00fdmi tokajsk\u00fdmi vinicami.<\/p>\n<p>Vzh\u013eadovo kombinuje tekut\u00e9 tokajsk\u00e9 zlato s t\u00e9mou &#8222;eldor\u00e1do&#8220;, navodzuj\u00fac juhoamerick\u00fa atmosf\u00e9ru. N\u00e1\u0161 hotel v\u00edta svojich host\u00ed so 100 izbami a n\u00e1dhern\u00fdm v\u00fdh\u013eadom uprostred panensk\u00e9ho prostredia Vinohradn\u00edckej oblasti Tokaj. Za\u017eite neobmedzen\u00fd luxus v na\u0161ich apartm\u00e1noch, z ktor\u00fdch ka\u017ed\u00fd je skuto\u010dnou \u0161perkovnicou.<\/p>\n<p>&nbsp;<\/p>\n","protected":false},"excerpt":{"rendered":"<p>N\u00e1\u0161 5-hviezdi\u010dkov\u00fd hotel v Tokaji, ktor\u00fd sa nach\u00e1dza na zozname svetov\u00e9ho dedi\u010dstva UNESCO, na mieste b\u00fdvalej bane na andezit, V\u00e1s zavedie do \u00faplne in\u00e9ho sveta obklopen\u00e9ho autentick\u00fdmi tokajsk\u00fdmi vinicami. Vzh\u013eadovo kombinuje tekut\u00e9 tokajsk\u00e9 zlato s t\u00e9mou &#8222;eldor\u00e1do&#8220;, navodzuj\u00fac juhoamerick\u00fa atmosf\u00e9ru. N\u00e1\u0161 hotel v\u00edta svojich host\u00ed so 100 izbami a n\u00e1dhern\u00fdm v\u00fdh\u013eadom uprostred panensk\u00e9ho prostredia Vinohradn\u00edckej [&hellip;]<\/p>\n","protected":false},"author":66,"featured_media":0,"parent":0,"menu_order":0,"comment_status":"closed","ping_status":"closed","template":"","meta":{"footnotes":""},"categories":[],"class_list":["post-275","page","type-page","status-publish","hentry"],"acf":[],"yoast_head":"<!-- This site is optimized with the Yoast SEO plugin v26.9 - https:\/\/yoast.com\/product\/yoast-seo-wordpress\/ -->\n<title>Domovskej str\u00e1nke - MGallery Minaro Hotel Tokaj -<\/title>\n<meta name=\"description\" content=\"N\u00e1\u0161 5-hviezdi\u010dkov\u00fd hotel v Tokaji, ktor\u00fd sa nach\u00e1dza na zozname svetov\u00e9ho dedi\u010dstva UNESCO, na mieste b\u00fdvalej bane na andezit, V\u00e1s zavedie do \u00faplne in\u00e9ho sveta obklopen\u00e9ho autentick\u00fdmi tokajsk\u00fdmi vinicami.  Vzh\u013eadovo kombinuje tekut\u00e9 tokajsk\u00e9 zlato s t\u00e9mou &quot;eldor\u00e1do&quot;, navodzuj\u00fac juhoamerick\u00fa atmosf\u00e9ru. N\u00e1\u0161 hotel v\u00edta svojich host\u00ed so 100 izbami a n\u00e1dhern\u00fdm v\u00fdh\u013eadom uprostred panensk\u00e9ho prostredia Vinohradn\u00edckej oblasti Tokaj\" \/>\n<meta name=\"robots\" content=\"index, follow, max-snippet:-1, max-image-preview:large, max-video-preview:-1\" \/>\n<link rel=\"canonical\" href=\"https:\/\/www.minaromgallery.hu\/sk\/\" \/>\n<meta property=\"og:locale\" content=\"sk_SK\" \/>\n<meta property=\"og:type\" content=\"article\" \/>\n<meta property=\"og:title\" content=\"Domovskej str\u00e1nke - MGallery Minaro Hotel Tokaj -\" \/>\n<meta property=\"og:description\" content=\"N\u00e1\u0161 5-hviezdi\u010dkov\u00fd hotel v Tokaji, ktor\u00fd sa nach\u00e1dza na zozname svetov\u00e9ho dedi\u010dstva UNESCO, na mieste b\u00fdvalej bane na andezit, V\u00e1s zavedie do \u00faplne in\u00e9ho sveta obklopen\u00e9ho autentick\u00fdmi tokajsk\u00fdmi vinicami.  Vzh\u013eadovo kombinuje tekut\u00e9 tokajsk\u00e9 zlato s t\u00e9mou &quot;eldor\u00e1do&quot;, navodzuj\u00fac juhoamerick\u00fa atmosf\u00e9ru. N\u00e1\u0161 hotel v\u00edta svojich host\u00ed so 100 izbami a n\u00e1dhern\u00fdm v\u00fdh\u013eadom uprostred panensk\u00e9ho prostredia Vinohradn\u00edckej oblasti Tokaj\" \/>\n<meta property=\"og:url\" content=\"https:\/\/www.minaromgallery.hu\/sk\/\" \/>\n<meta property=\"og:site_name\" content=\"MGallery Minaro Hotel Tokaj\" \/>\n<meta property=\"article:modified_time\" content=\"2026-03-09T14:16:12+00:00\" \/>\n<meta property=\"og:image\" content=\"https:\/\/www.minaromgallery.hu\/wp-content\/uploads\/sites\/31\/2022\/12\/MGallery_Minaro_homepage_slide01.jpg\" \/>\n\t<meta property=\"og:image:width\" content=\"2200\" \/>\n\t<meta property=\"og:image:height\" content=\"1200\" \/>\n\t<meta property=\"og:image:type\" content=\"image\/jpeg\" \/>\n<meta name=\"twitter:card\" content=\"summary_large_image\" \/>\n<meta name=\"twitter:label1\" content=\"Predpokladan\u00fd \u010das \u010d\u00edtania\" \/>\n\t<meta name=\"twitter:data1\" content=\"1 min\u00fata\" \/>\n<script type=\"application\/ld+json\" class=\"yoast-schema-graph\">{\"@context\":\"https:\/\/schema.org\",\"@graph\":[{\"@type\":\"WebPage\",\"@id\":\"https:\/\/www.minaromgallery.hu\/sk\/\",\"url\":\"https:\/\/www.minaromgallery.hu\/sk\/\",\"name\":\"Domovskej str\u00e1nke - MGallery Minaro Hotel Tokaj -\",\"isPartOf\":{\"@id\":\"https:\/\/www.minaromgallery.hu\/#website\"},\"datePublished\":\"2022-12-16T10:26:16+00:00\",\"dateModified\":\"2026-03-09T14:16:12+00:00\",\"description\":\"N\u00e1\u0161 5-hviezdi\u010dkov\u00fd hotel v Tokaji, ktor\u00fd sa nach\u00e1dza na zozname svetov\u00e9ho dedi\u010dstva UNESCO, na mieste b\u00fdvalej bane na andezit, V\u00e1s zavedie do \u00faplne in\u00e9ho sveta obklopen\u00e9ho autentick\u00fdmi tokajsk\u00fdmi vinicami. Vzh\u013eadovo kombinuje tekut\u00e9 tokajsk\u00e9 zlato s t\u00e9mou \\\"eldor\u00e1do\\\", navodzuj\u00fac juhoamerick\u00fa atmosf\u00e9ru. N\u00e1\u0161 hotel v\u00edta svojich host\u00ed so 100 izbami a n\u00e1dhern\u00fdm v\u00fdh\u013eadom uprostred panensk\u00e9ho prostredia Vinohradn\u00edckej oblasti Tokaj\",\"breadcrumb\":{\"@id\":\"https:\/\/www.minaromgallery.hu\/sk\/#breadcrumb\"},\"inLanguage\":\"sk-SK\",\"potentialAction\":[{\"@type\":\"ReadAction\",\"target\":[\"https:\/\/www.minaromgallery.hu\/sk\/\"]}]},{\"@type\":\"BreadcrumbList\",\"@id\":\"https:\/\/www.minaromgallery.hu\/sk\/#breadcrumb\",\"itemListElement\":[{\"@type\":\"ListItem\",\"position\":1,\"name\":\"Home\",\"item\":\"https:\/\/www.minaromgallery.hu\/sk\/\"},{\"@type\":\"ListItem\",\"position\":2,\"name\":\"Domovskej str\u00e1nke\"}]},{\"@type\":\"WebSite\",\"@id\":\"https:\/\/www.minaromgallery.hu\/#website\",\"url\":\"https:\/\/www.minaromgallery.hu\/\",\"name\":\"MGallery Minaro Hotel Tokaj\",\"description\":\"\",\"potentialAction\":[{\"@type\":\"SearchAction\",\"target\":{\"@type\":\"EntryPoint\",\"urlTemplate\":\"https:\/\/www.minaromgallery.hu\/?s={search_term_string}\"},\"query-input\":{\"@type\":\"PropertyValueSpecification\",\"valueRequired\":true,\"valueName\":\"search_term_string\"}}],\"inLanguage\":\"sk-SK\"}]}<\/script>\n<!-- \/ Yoast SEO plugin. -->","yoast_head_json":{"title":"Domovskej str\u00e1nke - MGallery Minaro Hotel Tokaj -","description":"N\u00e1\u0161 5-hviezdi\u010dkov\u00fd hotel v Tokaji, ktor\u00fd sa nach\u00e1dza na zozname svetov\u00e9ho dedi\u010dstva UNESCO, na mieste b\u00fdvalej bane na andezit, V\u00e1s zavedie do \u00faplne in\u00e9ho sveta obklopen\u00e9ho autentick\u00fdmi tokajsk\u00fdmi vinicami.  Vzh\u013eadovo kombinuje tekut\u00e9 tokajsk\u00e9 zlato s t\u00e9mou \"eldor\u00e1do\", navodzuj\u00fac juhoamerick\u00fa atmosf\u00e9ru. N\u00e1\u0161 hotel v\u00edta svojich host\u00ed so 100 izbami a n\u00e1dhern\u00fdm v\u00fdh\u013eadom uprostred panensk\u00e9ho prostredia Vinohradn\u00edckej oblasti Tokaj","robots":{"index":"index","follow":"follow","max-snippet":"max-snippet:-1","max-image-preview":"max-image-preview:large","max-video-preview":"max-video-preview:-1"},"canonical":"https:\/\/www.minaromgallery.hu\/sk\/","og_locale":"sk_SK","og_type":"article","og_title":"Domovskej str\u00e1nke - MGallery Minaro Hotel Tokaj -","og_description":"N\u00e1\u0161 5-hviezdi\u010dkov\u00fd hotel v Tokaji, ktor\u00fd sa nach\u00e1dza na zozname svetov\u00e9ho dedi\u010dstva UNESCO, na mieste b\u00fdvalej bane na andezit, V\u00e1s zavedie do \u00faplne in\u00e9ho sveta obklopen\u00e9ho autentick\u00fdmi tokajsk\u00fdmi vinicami.  Vzh\u013eadovo kombinuje tekut\u00e9 tokajsk\u00e9 zlato s t\u00e9mou \"eldor\u00e1do\", navodzuj\u00fac juhoamerick\u00fa atmosf\u00e9ru. N\u00e1\u0161 hotel v\u00edta svojich host\u00ed so 100 izbami a n\u00e1dhern\u00fdm v\u00fdh\u013eadom uprostred panensk\u00e9ho prostredia Vinohradn\u00edckej oblasti Tokaj","og_url":"https:\/\/www.minaromgallery.hu\/sk\/","og_site_name":"MGallery Minaro Hotel Tokaj","article_modified_time":"2026-03-09T14:16:12+00:00","og_image":[{"width":2200,"height":1200,"url":"https:\/\/www.minaromgallery.hu\/wp-content\/uploads\/sites\/31\/2022\/12\/MGallery_Minaro_homepage_slide01.jpg","type":"image\/jpeg"}],"twitter_card":"summary_large_image","twitter_misc":{"Predpokladan\u00fd \u010das \u010d\u00edtania":"1 min\u00fata"},"schema":{"@context":"https:\/\/schema.org","@graph":[{"@type":"WebPage","@id":"https:\/\/www.minaromgallery.hu\/sk\/","url":"https:\/\/www.minaromgallery.hu\/sk\/","name":"Domovskej str\u00e1nke - MGallery Minaro Hotel Tokaj -","isPartOf":{"@id":"https:\/\/www.minaromgallery.hu\/#website"},"datePublished":"2022-12-16T10:26:16+00:00","dateModified":"2026-03-09T14:16:12+00:00","description":"N\u00e1\u0161 5-hviezdi\u010dkov\u00fd hotel v Tokaji, ktor\u00fd sa nach\u00e1dza na zozname svetov\u00e9ho dedi\u010dstva UNESCO, na mieste b\u00fdvalej bane na andezit, V\u00e1s zavedie do \u00faplne in\u00e9ho sveta obklopen\u00e9ho autentick\u00fdmi tokajsk\u00fdmi vinicami. Vzh\u013eadovo kombinuje tekut\u00e9 tokajsk\u00e9 zlato s t\u00e9mou \"eldor\u00e1do\", navodzuj\u00fac juhoamerick\u00fa atmosf\u00e9ru. N\u00e1\u0161 hotel v\u00edta svojich host\u00ed so 100 izbami a n\u00e1dhern\u00fdm v\u00fdh\u013eadom uprostred panensk\u00e9ho prostredia Vinohradn\u00edckej oblasti Tokaj","breadcrumb":{"@id":"https:\/\/www.minaromgallery.hu\/sk\/#breadcrumb"},"inLanguage":"sk-SK","potentialAction":[{"@type":"ReadAction","target":["https:\/\/www.minaromgallery.hu\/sk\/"]}]},{"@type":"BreadcrumbList","@id":"https:\/\/www.minaromgallery.hu\/sk\/#breadcrumb","itemListElement":[{"@type":"ListItem","position":1,"name":"Home","item":"https:\/\/www.minaromgallery.hu\/sk\/"},{"@type":"ListItem","position":2,"name":"Domovskej str\u00e1nke"}]},{"@type":"WebSite","@id":"https:\/\/www.minaromgallery.hu\/#website","url":"https:\/\/www.minaromgallery.hu\/","name":"MGallery Minaro Hotel Tokaj","description":"","potentialAction":[{"@type":"SearchAction","target":{"@type":"EntryPoint","urlTemplate":"https:\/\/www.minaromgallery.hu\/?s={search_term_string}"},"query-input":{"@type":"PropertyValueSpecification","valueRequired":true,"valueName":"search_term_string"}}],"inLanguage":"sk-SK"}]}},"_links":{"self":[{"href":"https:\/\/www.minaromgallery.hu\/sk\/wp-json\/wp\/v2\/pages\/275","targetHints":{"allow":["GET"]}}],"collection":[{"href":"https:\/\/www.minaromgallery.hu\/sk\/wp-json\/wp\/v2\/pages"}],"about":[{"href":"https:\/\/www.minaromgallery.hu\/sk\/wp-json\/wp\/v2\/types\/page"}],"author":[{"embeddable":true,"href":"https:\/\/www.minaromgallery.hu\/sk\/wp-json\/wp\/v2\/users\/66"}],"replies":[{"embeddable":true,"href":"https:\/\/www.minaromgallery.hu\/sk\/wp-json\/wp\/v2\/comments?post=275"}],"version-history":[{"count":2,"href":"https:\/\/www.minaromgallery.hu\/sk\/wp-json\/wp\/v2\/pages\/275\/revisions"}],"predecessor-version":[{"id":1544,"href":"https:\/\/www.minaromgallery.hu\/sk\/wp-json\/wp\/v2\/pages\/275\/revisions\/1544"}],"wp:attachment":[{"href":"https:\/\/www.minaromgallery.hu\/sk\/wp-json\/wp\/v2\/media?parent=275"}],"wp:term":[{"taxonomy":"category","embeddable":true,"href":"https:\/\/www.minaromgallery.hu\/sk\/wp-json\/wp\/v2\/categories?post=275"}],"curies":[{"name":"wp","href":"https:\/\/api.w.org\/{rel}","templated":true}]}}