{"id":330,"date":"2022-12-23T10:20:59","date_gmt":"2022-12-23T10:20:59","guid":{"rendered":"https:\/\/www.minaromgallery.hu\/?page_id=330"},"modified":"2023-04-11T12:32:09","modified_gmt":"2023-04-11T12:32:09","slug":"rendezvenyek","status":"publish","type":"page","link":"https:\/\/www.minaromgallery.hu\/pl\/rendezvenyek\/","title":{"rendered":"Wydarzenia"},"content":{"rendered":"<p><strong>Pi\u0119ciogwiazdkowe doznania u podn\u00f3\u017ca G\u00f3r Tokajskich<\/strong><\/p>\n<p>Je\u015bli pragn\u0105 Pa\u0144stwo zorganizowa\u0107 wydarzenie w po\u015br\u00f3d wzg\u00f3rz Tokaju, w towarzystwie wybornych win, le\u017c\u0105cy w blisko\u015bci malowniczych winnic Minaro Hotel Tokaj oferuje eleganck\u0105 i wyj\u0105tkowe miejsce dla organizacji wydarze\u0144 dla maksymalnie 200 os\u00f3b.<\/p>\n<p>Profesjonalna obs\u0142uga naszego Hotelu oraz Restauracji zrobi wszystko, aby Pa\u0144stwo oraz zaproszeni go\u015bcie czuli si\u0119 u nas swobodnie i komfortowo.<\/p>\n<p>Kompleksowe pakiety wy\u017cywienia i napoj\u00f3w najwy\u017cszej jako\u015bci<\/p>\n<p>Restauracja Tortuga gwarantuje doznania kulinarne na najwy\u017cszym poziomie. Oferujemy bogate menu, od tradyjnych smak\u00f3w, poprzez dania gourmet, znakomite wina az po desery.<\/p>\n<p><strong>waterowanie w o<\/strong><strong>toczeniu<\/strong><strong> tokajskich winnic<\/strong><\/p>\n<p>Ze wszystkich pokoi i apartament\u00f3w Minaro Hotel Tokaj MGallery**** rozpo\u015bciera si\u0119 magiczna, zapieraj\u0105ca dech w piersiach panorama za\u015b wystr\u00f3j wn\u0119trz zainspirowany jest staro\u017cytn\u0105 kultur\u0105 Maj\u00f3w.<\/p>\n","protected":false},"excerpt":{"rendered":"<p>Pi\u0119ciogwiazdkowe doznania u podn\u00f3\u017ca G\u00f3r Tokajskich Je\u015bli pragn\u0105 Pa\u0144stwo zorganizowa\u0107 wydarzenie w po\u015br\u00f3d wzg\u00f3rz Tokaju, w towarzystwie wybornych win, le\u017c\u0105cy w blisko\u015bci malowniczych winnic Minaro Hotel Tokaj oferuje eleganck\u0105 i wyj\u0105tkowe miejsce dla organizacji wydarze\u0144 dla maksymalnie 200 os\u00f3b. Profesjonalna obs\u0142uga naszego Hotelu oraz Restauracji zrobi wszystko, aby Pa\u0144stwo oraz zaproszeni go\u015bcie czuli si\u0119 u [&hellip;]<\/p>\n","protected":false},"author":67,"featured_media":0,"parent":0,"menu_order":60,"comment_status":"closed","ping_status":"closed","template":"template-wedding.php","meta":{"footnotes":""},"categories":[],"class_list":["post-330","page","type-page","status-publish","hentry"],"acf":[],"yoast_head":"<!-- This site is optimized with the Yoast SEO plugin v26.9 - https:\/\/yoast.com\/product\/yoast-seo-wordpress\/ -->\n<title>Wydarzenia - MGallery Minaro Hotel Tokaj -<\/title>\n<meta name=\"description\" content=\"Pi\u0119ciogwiazdkowe doznania u podn\u00f3\u017ca G\u00f3r Tokajskich  Je\u015bli pragn\u0105 Pa\u0144stwo zorganizowa\u0107 wydarzenie w po\u015br\u00f3d wzg\u00f3rz Tokaju, w towarzystwie wybornych win, le\u017c\u0105cy w blisko\u015bci malowniczych winnic Minaro Hotel Tokaj oferuje eleganck\u0105 i wyj\u0105tkowe miejsce dla organizacji wydarze\u0144 dla maksymalnie 200 os\u00f3b.  Profesjonalna obs\u0142uga naszego Hotelu oraz Restauracji zrobi wszystko, aby Pa\u0144stwo oraz zaproszeni go\u015bcie czuli si\u0119 u nas swobodnie i komfortowo.  Kompleksowe pakiety wy\u017cywienia i napoj\u00f3w najwy\u017cszej jako\u015bci  Restauracja Tortuga gwarantuje doznania kulinarne na najwy\u017cszym poziomie. Oferujemy bogate menu, od tradyjnych smak\u00f3w, poprzez dania gourmet, znakomite wina az po desery.  waterowanie w otoczeniu tokajskich winnic  Ze wszystkich pokoi i apartament\u00f3w Minaro Hotel Tokaj MGallery**** rozpo\u015bciera si\u0119 magiczna, zapieraj\u0105ca dech w piersiach panorama za\u015b wystr\u00f3j wn\u0119trz zainspirowany jest staro\u017cytn\u0105 kultur\u0105 Maj\u00f3w.\" \/>\n<meta name=\"robots\" content=\"index, follow, max-snippet:-1, max-image-preview:large, max-video-preview:-1\" \/>\n<link rel=\"canonical\" href=\"https:\/\/www.minaromgallery.hu\/pl\/rendezvenyek\/\" \/>\n<meta property=\"og:locale\" content=\"pl_PL\" \/>\n<meta property=\"og:type\" content=\"article\" \/>\n<meta property=\"og:title\" content=\"Wydarzenia - MGallery Minaro Hotel Tokaj -\" \/>\n<meta property=\"og:description\" content=\"Pi\u0119ciogwiazdkowe doznania u podn\u00f3\u017ca G\u00f3r Tokajskich  Je\u015bli pragn\u0105 Pa\u0144stwo zorganizowa\u0107 wydarzenie w po\u015br\u00f3d wzg\u00f3rz Tokaju, w towarzystwie wybornych win, le\u017c\u0105cy w blisko\u015bci malowniczych winnic Minaro Hotel Tokaj oferuje eleganck\u0105 i wyj\u0105tkowe miejsce dla organizacji wydarze\u0144 dla maksymalnie 200 os\u00f3b.  Profesjonalna obs\u0142uga naszego Hotelu oraz Restauracji zrobi wszystko, aby Pa\u0144stwo oraz zaproszeni go\u015bcie czuli si\u0119 u nas swobodnie i komfortowo.  Kompleksowe pakiety wy\u017cywienia i napoj\u00f3w najwy\u017cszej jako\u015bci  Restauracja Tortuga gwarantuje doznania kulinarne na najwy\u017cszym poziomie. Oferujemy bogate menu, od tradyjnych smak\u00f3w, poprzez dania gourmet, znakomite wina az po desery.  waterowanie w otoczeniu tokajskich winnic  Ze wszystkich pokoi i apartament\u00f3w Minaro Hotel Tokaj MGallery**** rozpo\u015bciera si\u0119 magiczna, zapieraj\u0105ca dech w piersiach panorama za\u015b wystr\u00f3j wn\u0119trz zainspirowany jest staro\u017cytn\u0105 kultur\u0105 Maj\u00f3w.\" \/>\n<meta property=\"og:url\" content=\"https:\/\/www.minaromgallery.hu\/pl\/rendezvenyek\/\" \/>\n<meta property=\"og:site_name\" content=\"MGallery Minaro Hotel Tokaj\" \/>\n<meta property=\"article:modified_time\" content=\"2023-04-11T12:32:09+00:00\" \/>\n<meta property=\"og:image\" content=\"https:\/\/www.minaromgallery.hu\/wp-content\/uploads\/sites\/31\/2022\/12\/MGallery_Minaro_homepage_slide01.jpg\" \/>\n\t<meta property=\"og:image:width\" content=\"2200\" \/>\n\t<meta property=\"og:image:height\" content=\"1200\" \/>\n\t<meta property=\"og:image:type\" content=\"image\/jpeg\" \/>\n<meta name=\"twitter:card\" content=\"summary_large_image\" \/>\n<meta name=\"twitter:label1\" content=\"Szacowany czas czytania\" \/>\n\t<meta name=\"twitter:data1\" content=\"1 minuta\" \/>\n<script type=\"application\/ld+json\" class=\"yoast-schema-graph\">{\"@context\":\"https:\/\/schema.org\",\"@graph\":[{\"@type\":\"WebPage\",\"@id\":\"https:\/\/www.minaromgallery.hu\/pl\/rendezvenyek\/\",\"url\":\"https:\/\/www.minaromgallery.hu\/pl\/rendezvenyek\/\",\"name\":\"Wydarzenia - MGallery Minaro Hotel Tokaj -\",\"isPartOf\":{\"@id\":\"https:\/\/www.minaromgallery.hu\/#website\"},\"datePublished\":\"2022-12-23T10:20:59+00:00\",\"dateModified\":\"2023-04-11T12:32:09+00:00\",\"description\":\"Pi\u0119ciogwiazdkowe doznania u podn\u00f3\u017ca G\u00f3r Tokajskich Je\u015bli pragn\u0105 Pa\u0144stwo zorganizowa\u0107 wydarzenie w po\u015br\u00f3d wzg\u00f3rz Tokaju, w towarzystwie wybornych win, le\u017c\u0105cy w blisko\u015bci malowniczych winnic Minaro Hotel Tokaj oferuje eleganck\u0105 i wyj\u0105tkowe miejsce dla organizacji wydarze\u0144 dla maksymalnie 200 os\u00f3b. Profesjonalna obs\u0142uga naszego Hotelu oraz Restauracji zrobi wszystko, aby Pa\u0144stwo oraz zaproszeni go\u015bcie czuli si\u0119 u nas swobodnie i komfortowo. Kompleksowe pakiety wy\u017cywienia i napoj\u00f3w najwy\u017cszej jako\u015bci Restauracja Tortuga gwarantuje doznania kulinarne na najwy\u017cszym poziomie. Oferujemy bogate menu, od tradyjnych smak\u00f3w, poprzez dania gourmet, znakomite wina az po desery. waterowanie w otoczeniu tokajskich winnic Ze wszystkich pokoi i apartament\u00f3w Minaro Hotel Tokaj MGallery**** rozpo\u015bciera si\u0119 magiczna, zapieraj\u0105ca dech w piersiach panorama za\u015b wystr\u00f3j wn\u0119trz zainspirowany jest staro\u017cytn\u0105 kultur\u0105 Maj\u00f3w.\",\"breadcrumb\":{\"@id\":\"https:\/\/www.minaromgallery.hu\/pl\/rendezvenyek\/#breadcrumb\"},\"inLanguage\":\"pl-PL\",\"potentialAction\":[{\"@type\":\"ReadAction\",\"target\":[\"https:\/\/www.minaromgallery.hu\/pl\/rendezvenyek\/\"]}]},{\"@type\":\"BreadcrumbList\",\"@id\":\"https:\/\/www.minaromgallery.hu\/pl\/rendezvenyek\/#breadcrumb\",\"itemListElement\":[{\"@type\":\"ListItem\",\"position\":1,\"name\":\"Home\",\"item\":\"https:\/\/www.minaromgallery.hu\/pl\/\"},{\"@type\":\"ListItem\",\"position\":2,\"name\":\"Wydarzenia\"}]},{\"@type\":\"WebSite\",\"@id\":\"https:\/\/www.minaromgallery.hu\/#website\",\"url\":\"https:\/\/www.minaromgallery.hu\/\",\"name\":\"MGallery Minaro Hotel Tokaj\",\"description\":\"\",\"potentialAction\":[{\"@type\":\"SearchAction\",\"target\":{\"@type\":\"EntryPoint\",\"urlTemplate\":\"https:\/\/www.minaromgallery.hu\/?s={search_term_string}\"},\"query-input\":{\"@type\":\"PropertyValueSpecification\",\"valueRequired\":true,\"valueName\":\"search_term_string\"}}],\"inLanguage\":\"pl-PL\"}]}<\/script>\n<!-- \/ Yoast SEO plugin. -->","yoast_head_json":{"title":"Wydarzenia - MGallery Minaro Hotel Tokaj -","description":"Pi\u0119ciogwiazdkowe doznania u podn\u00f3\u017ca G\u00f3r Tokajskich  Je\u015bli pragn\u0105 Pa\u0144stwo zorganizowa\u0107 wydarzenie w po\u015br\u00f3d wzg\u00f3rz Tokaju, w towarzystwie wybornych win, le\u017c\u0105cy w blisko\u015bci malowniczych winnic Minaro Hotel Tokaj oferuje eleganck\u0105 i wyj\u0105tkowe miejsce dla organizacji wydarze\u0144 dla maksymalnie 200 os\u00f3b.  Profesjonalna obs\u0142uga naszego Hotelu oraz Restauracji zrobi wszystko, aby Pa\u0144stwo oraz zaproszeni go\u015bcie czuli si\u0119 u nas swobodnie i komfortowo.  Kompleksowe pakiety wy\u017cywienia i napoj\u00f3w najwy\u017cszej jako\u015bci  Restauracja Tortuga gwarantuje doznania kulinarne na najwy\u017cszym poziomie. Oferujemy bogate menu, od tradyjnych smak\u00f3w, poprzez dania gourmet, znakomite wina az po desery.  waterowanie w otoczeniu tokajskich winnic  Ze wszystkich pokoi i apartament\u00f3w Minaro Hotel Tokaj MGallery**** rozpo\u015bciera si\u0119 magiczna, zapieraj\u0105ca dech w piersiach panorama za\u015b wystr\u00f3j wn\u0119trz zainspirowany jest staro\u017cytn\u0105 kultur\u0105 Maj\u00f3w.","robots":{"index":"index","follow":"follow","max-snippet":"max-snippet:-1","max-image-preview":"max-image-preview:large","max-video-preview":"max-video-preview:-1"},"canonical":"https:\/\/www.minaromgallery.hu\/pl\/rendezvenyek\/","og_locale":"pl_PL","og_type":"article","og_title":"Wydarzenia - MGallery Minaro Hotel Tokaj -","og_description":"Pi\u0119ciogwiazdkowe doznania u podn\u00f3\u017ca G\u00f3r Tokajskich  Je\u015bli pragn\u0105 Pa\u0144stwo zorganizowa\u0107 wydarzenie w po\u015br\u00f3d wzg\u00f3rz Tokaju, w towarzystwie wybornych win, le\u017c\u0105cy w blisko\u015bci malowniczych winnic Minaro Hotel Tokaj oferuje eleganck\u0105 i wyj\u0105tkowe miejsce dla organizacji wydarze\u0144 dla maksymalnie 200 os\u00f3b.  Profesjonalna obs\u0142uga naszego Hotelu oraz Restauracji zrobi wszystko, aby Pa\u0144stwo oraz zaproszeni go\u015bcie czuli si\u0119 u nas swobodnie i komfortowo.  Kompleksowe pakiety wy\u017cywienia i napoj\u00f3w najwy\u017cszej jako\u015bci  Restauracja Tortuga gwarantuje doznania kulinarne na najwy\u017cszym poziomie. Oferujemy bogate menu, od tradyjnych smak\u00f3w, poprzez dania gourmet, znakomite wina az po desery.  waterowanie w otoczeniu tokajskich winnic  Ze wszystkich pokoi i apartament\u00f3w Minaro Hotel Tokaj MGallery**** rozpo\u015bciera si\u0119 magiczna, zapieraj\u0105ca dech w piersiach panorama za\u015b wystr\u00f3j wn\u0119trz zainspirowany jest staro\u017cytn\u0105 kultur\u0105 Maj\u00f3w.","og_url":"https:\/\/www.minaromgallery.hu\/pl\/rendezvenyek\/","og_site_name":"MGallery Minaro Hotel Tokaj","article_modified_time":"2023-04-11T12:32:09+00:00","og_image":[{"width":2200,"height":1200,"url":"https:\/\/www.minaromgallery.hu\/wp-content\/uploads\/sites\/31\/2022\/12\/MGallery_Minaro_homepage_slide01.jpg","type":"image\/jpeg"}],"twitter_card":"summary_large_image","twitter_misc":{"Szacowany czas czytania":"1 minuta"},"schema":{"@context":"https:\/\/schema.org","@graph":[{"@type":"WebPage","@id":"https:\/\/www.minaromgallery.hu\/pl\/rendezvenyek\/","url":"https:\/\/www.minaromgallery.hu\/pl\/rendezvenyek\/","name":"Wydarzenia - MGallery Minaro Hotel Tokaj -","isPartOf":{"@id":"https:\/\/www.minaromgallery.hu\/#website"},"datePublished":"2022-12-23T10:20:59+00:00","dateModified":"2023-04-11T12:32:09+00:00","description":"Pi\u0119ciogwiazdkowe doznania u podn\u00f3\u017ca G\u00f3r Tokajskich Je\u015bli pragn\u0105 Pa\u0144stwo zorganizowa\u0107 wydarzenie w po\u015br\u00f3d wzg\u00f3rz Tokaju, w towarzystwie wybornych win, le\u017c\u0105cy w blisko\u015bci malowniczych winnic Minaro Hotel Tokaj oferuje eleganck\u0105 i wyj\u0105tkowe miejsce dla organizacji wydarze\u0144 dla maksymalnie 200 os\u00f3b. Profesjonalna obs\u0142uga naszego Hotelu oraz Restauracji zrobi wszystko, aby Pa\u0144stwo oraz zaproszeni go\u015bcie czuli si\u0119 u nas swobodnie i komfortowo. Kompleksowe pakiety wy\u017cywienia i napoj\u00f3w najwy\u017cszej jako\u015bci Restauracja Tortuga gwarantuje doznania kulinarne na najwy\u017cszym poziomie. Oferujemy bogate menu, od tradyjnych smak\u00f3w, poprzez dania gourmet, znakomite wina az po desery. waterowanie w otoczeniu tokajskich winnic Ze wszystkich pokoi i apartament\u00f3w Minaro Hotel Tokaj MGallery**** rozpo\u015bciera si\u0119 magiczna, zapieraj\u0105ca dech w piersiach panorama za\u015b wystr\u00f3j wn\u0119trz zainspirowany jest staro\u017cytn\u0105 kultur\u0105 Maj\u00f3w.","breadcrumb":{"@id":"https:\/\/www.minaromgallery.hu\/pl\/rendezvenyek\/#breadcrumb"},"inLanguage":"pl-PL","potentialAction":[{"@type":"ReadAction","target":["https:\/\/www.minaromgallery.hu\/pl\/rendezvenyek\/"]}]},{"@type":"BreadcrumbList","@id":"https:\/\/www.minaromgallery.hu\/pl\/rendezvenyek\/#breadcrumb","itemListElement":[{"@type":"ListItem","position":1,"name":"Home","item":"https:\/\/www.minaromgallery.hu\/pl\/"},{"@type":"ListItem","position":2,"name":"Wydarzenia"}]},{"@type":"WebSite","@id":"https:\/\/www.minaromgallery.hu\/#website","url":"https:\/\/www.minaromgallery.hu\/","name":"MGallery Minaro Hotel Tokaj","description":"","potentialAction":[{"@type":"SearchAction","target":{"@type":"EntryPoint","urlTemplate":"https:\/\/www.minaromgallery.hu\/?s={search_term_string}"},"query-input":{"@type":"PropertyValueSpecification","valueRequired":true,"valueName":"search_term_string"}}],"inLanguage":"pl-PL"}]}},"_links":{"self":[{"href":"https:\/\/www.minaromgallery.hu\/pl\/wp-json\/wp\/v2\/pages\/330","targetHints":{"allow":["GET"]}}],"collection":[{"href":"https:\/\/www.minaromgallery.hu\/pl\/wp-json\/wp\/v2\/pages"}],"about":[{"href":"https:\/\/www.minaromgallery.hu\/pl\/wp-json\/wp\/v2\/types\/page"}],"author":[{"embeddable":true,"href":"https:\/\/www.minaromgallery.hu\/pl\/wp-json\/wp\/v2\/users\/67"}],"replies":[{"embeddable":true,"href":"https:\/\/www.minaromgallery.hu\/pl\/wp-json\/wp\/v2\/comments?post=330"}],"version-history":[{"count":0,"href":"https:\/\/www.minaromgallery.hu\/pl\/wp-json\/wp\/v2\/pages\/330\/revisions"}],"wp:attachment":[{"href":"https:\/\/www.minaromgallery.hu\/pl\/wp-json\/wp\/v2\/media?parent=330"}],"wp:term":[{"taxonomy":"category","embeddable":true,"href":"https:\/\/www.minaromgallery.hu\/pl\/wp-json\/wp\/v2\/categories?post=330"}],"curies":[{"name":"wp","href":"https:\/\/api.w.org\/{rel}","templated":true}]}}