{"id":325,"date":"2022-12-21T13:26:56","date_gmt":"2022-12-21T13:26:56","guid":{"rendered":"https:\/\/www.minaromgallery.hu\/?page_id=325"},"modified":"2026-04-03T12:53:07","modified_gmt":"2026-04-03T12:53:07","slug":"uslugi-masazu-by-loccitane","status":"publish","type":"page","link":"https:\/\/www.minaromgallery.hu\/pl\/wellness-spa\/uslugi-masazu-by-loccitane\/","title":{"rendered":"Us\u0142ugi masa\u017cu by L&#8217;OCCITANE"},"content":{"rendered":"<p style=\"text-align: center\" data-start=\"57\" data-end=\"135\">Do\u015bwiadczenie masa\u017cu L\u2019OCCITANE w Minaro Hotel Tokaj \u2013 MGallery Collection<\/p>\n<p style=\"text-align: center\" data-start=\"137\" data-end=\"483\">Zabiegi Spa L\u2019OCCITANE w Minaro Hotel Tokaj \u2013 MGallery Collection przenosz\u0105 naturaln\u0105 elegancj\u0119 prowansalskiego stylu \u017cycia do serca Tokaju. Starannie dobrane sk\u0142adniki ro\u015blinne, dzia\u0142aj\u0105ce na zmys\u0142y aromaty oraz indywidualnie dopasowane techniki masa\u017cu tworz\u0105 wyj\u0105tkowy rytua\u0142, kt\u00f3ry nie tylko rozlu\u017ania mi\u0119\u015bnie, ale tak\u017ce g\u0142\u0119boko wycisza umys\u0142.<\/p>\n<p style=\"text-align: center\" data-start=\"485\" data-end=\"772\">Niezale\u017cnie od tego, czy szukasz kr\u00f3tkiego, regeneruj\u0105cego od\u015bwie\u017cenia, czy d\u0142ugotrwa\u0142ego, g\u0142\u0119boko relaksuj\u0105cego do\u015bwiadczenia, nasze zabiegi maj\u0105 na celu przywr\u00f3cenie wewn\u0119trznej r\u00f3wnowagi i zapewnienie prawdziwego, d\u0142ugotrwa\u0142ego odpr\u0119\u017cenia w ekskluzywnej i spokojnej atmosferze Minaro.<\/p>\n<p style=\"text-align: center\" data-start=\"779\" data-end=\"800\">Specjalna oferta:<\/p>\n<p style=\"text-align: center\" data-start=\"802\" data-end=\"931\">W przypadku rezerwacji masa\u017cu co najmniej 48 godzin przed planowanym terminem zabiegu oferujemy 10% rabatu na wybran\u0105 us\u0142ug\u0119.<\/p>\n<p style=\"text-align: center\" data-start=\"938\" data-end=\"966\">Rezerwacja bezpo\u015brednia:<\/p>\n<p style=\"text-align: center\" data-start=\"968\" data-end=\"1010\" data-is-last-node=\"\" data-is-only-node=\"\">\ud83d\udce7 <a class=\"decorated-link cursor-pointer\" rel=\"noopener\" data-start=\"971\" data-end=\"990\">viki.toth@accor.com<\/a><br data-start=\"990\" data-end=\"993\" \/>\ud83d\udcde +36 47 346 431<\/p>\n","protected":false},"excerpt":{"rendered":"<p>Do\u015bwiadczenie masa\u017cu L\u2019OCCITANE w Minaro Hotel Tokaj \u2013 MGallery Collection Zabiegi Spa L\u2019OCCITANE w Minaro Hotel Tokaj \u2013 MGallery Collection przenosz\u0105 naturaln\u0105 elegancj\u0119 prowansalskiego stylu \u017cycia do serca Tokaju. Starannie dobrane sk\u0142adniki ro\u015blinne, dzia\u0142aj\u0105ce na zmys\u0142y aromaty oraz indywidualnie dopasowane techniki masa\u017cu tworz\u0105 wyj\u0105tkowy rytua\u0142, kt\u00f3ry nie tylko rozlu\u017ania mi\u0119\u015bnie, ale tak\u017ce g\u0142\u0119boko wycisza umys\u0142. [&hellip;]<\/p>\n","protected":false},"author":67,"featured_media":0,"parent":326,"menu_order":5,"comment_status":"closed","ping_status":"closed","template":"template-spa.php","meta":{"footnotes":""},"categories":[],"class_list":["post-325","page","type-page","status-publish","hentry"],"acf":[],"yoast_head":"<!-- This site is optimized with the Yoast SEO plugin v26.9 - https:\/\/yoast.com\/product\/yoast-seo-wordpress\/ -->\n<title>Us\u0142ugi masa\u017cu by L&#039;OCCITANE - MGallery Minaro Hotel Tokaj -<\/title>\n<meta name=\"description\" content=\"Do\u015bwiadczenie masa\u017cu L\u2019OCCITANE w Minaro Hotel Tokaj \u2013 MGallery Collection Zabiegi Spa L\u2019OCCITANE w Minaro Hotel Tokaj \u2013 MGallery Collection przenosz\u0105 naturaln\u0105 elegancj\u0119 prowansalskiego stylu \u017cycia do serca Tokaju. Starannie dobrane sk\u0142adniki ro\u015blinne, dzia\u0142aj\u0105ce na zmys\u0142y aromaty oraz indywidualnie dopasowane techniki masa\u017cu tworz\u0105 wyj\u0105tkowy rytua\u0142, kt\u00f3ry nie tylko rozlu\u017ania mi\u0119\u015bnie, ale tak\u017ce g\u0142\u0119boko wycisza umys\u0142. Niezale\u017cnie od tego, czy szukasz kr\u00f3tkiego, regeneruj\u0105cego od\u015bwie\u017cenia, czy d\u0142ugotrwa\u0142ego, g\u0142\u0119boko relaksuj\u0105cego do\u015bwiadczenia, nasze zabiegi maj\u0105 na celu przywr\u00f3cenie wewn\u0119trznej r\u00f3wnowagi i zapewnienie prawdziwego, d\u0142ugotrwa\u0142ego odpr\u0119\u017cenia w ekskluzywnej i spokojnej atmosferze Minaro. Specjalna oferta: W przypadku rezerwacji masa\u017cu co najmniej 48 godzin przed planowanym terminem zabiegu oferujemy 10% rabatu na wybran\u0105 us\u0142ug\u0119. Rezerwacja bezpo\u015brednia: \ud83d\udce7 viki.toth@accor.com\ud83d\udcde +36 47 346 431\" \/>\n<meta name=\"robots\" content=\"index, follow, max-snippet:-1, max-image-preview:large, max-video-preview:-1\" \/>\n<link rel=\"canonical\" href=\"https:\/\/www.minaromgallery.hu\/pl\/wellness-spa\/uslugi-masazu-by-loccitane\/\" \/>\n<meta property=\"og:locale\" content=\"pl_PL\" \/>\n<meta property=\"og:type\" content=\"article\" \/>\n<meta property=\"og:title\" content=\"Us\u0142ugi masa\u017cu by L&#039;OCCITANE - MGallery Minaro Hotel Tokaj -\" \/>\n<meta property=\"og:description\" content=\"Do\u015bwiadczenie masa\u017cu L\u2019OCCITANE w Minaro Hotel Tokaj \u2013 MGallery Collection Zabiegi Spa L\u2019OCCITANE w Minaro Hotel Tokaj \u2013 MGallery Collection przenosz\u0105 naturaln\u0105 elegancj\u0119 prowansalskiego stylu \u017cycia do serca Tokaju. Starannie dobrane sk\u0142adniki ro\u015blinne, dzia\u0142aj\u0105ce na zmys\u0142y aromaty oraz indywidualnie dopasowane techniki masa\u017cu tworz\u0105 wyj\u0105tkowy rytua\u0142, kt\u00f3ry nie tylko rozlu\u017ania mi\u0119\u015bnie, ale tak\u017ce g\u0142\u0119boko wycisza umys\u0142. Niezale\u017cnie od tego, czy szukasz kr\u00f3tkiego, regeneruj\u0105cego od\u015bwie\u017cenia, czy d\u0142ugotrwa\u0142ego, g\u0142\u0119boko relaksuj\u0105cego do\u015bwiadczenia, nasze zabiegi maj\u0105 na celu przywr\u00f3cenie wewn\u0119trznej r\u00f3wnowagi i zapewnienie prawdziwego, d\u0142ugotrwa\u0142ego odpr\u0119\u017cenia w ekskluzywnej i spokojnej atmosferze Minaro. Specjalna oferta: W przypadku rezerwacji masa\u017cu co najmniej 48 godzin przed planowanym terminem zabiegu oferujemy 10% rabatu na wybran\u0105 us\u0142ug\u0119. Rezerwacja bezpo\u015brednia: \ud83d\udce7 viki.toth@accor.com\ud83d\udcde +36 47 346 431\" \/>\n<meta property=\"og:url\" content=\"https:\/\/www.minaromgallery.hu\/pl\/wellness-spa\/uslugi-masazu-by-loccitane\/\" \/>\n<meta property=\"og:site_name\" content=\"MGallery Minaro Hotel Tokaj\" \/>\n<meta property=\"article:modified_time\" content=\"2026-04-03T12:53:07+00:00\" \/>\n<meta property=\"og:image\" content=\"https:\/\/www.minaromgallery.hu\/wp-content\/uploads\/sites\/31\/2022\/12\/MGallery_Minaro_homepage_slide01.jpg\" \/>\n\t<meta property=\"og:image:width\" content=\"2200\" \/>\n\t<meta property=\"og:image:height\" content=\"1200\" \/>\n\t<meta property=\"og:image:type\" content=\"image\/jpeg\" \/>\n<meta name=\"twitter:card\" content=\"summary_large_image\" \/>\n<meta name=\"twitter:label1\" content=\"Szacowany czas czytania\" \/>\n\t<meta name=\"twitter:data1\" content=\"1 minuta\" \/>\n<script type=\"application\/ld+json\" class=\"yoast-schema-graph\">{\"@context\":\"https:\/\/schema.org\",\"@graph\":[{\"@type\":\"WebPage\",\"@id\":\"https:\/\/www.minaromgallery.hu\/pl\/wellness-spa\/uslugi-masazu-by-loccitane\/\",\"url\":\"https:\/\/www.minaromgallery.hu\/pl\/wellness-spa\/uslugi-masazu-by-loccitane\/\",\"name\":\"Us\u0142ugi masa\u017cu by L'OCCITANE - MGallery Minaro Hotel Tokaj -\",\"isPartOf\":{\"@id\":\"https:\/\/www.minaromgallery.hu\/#website\"},\"datePublished\":\"2022-12-21T13:26:56+00:00\",\"dateModified\":\"2026-04-03T12:53:07+00:00\",\"description\":\"Do\u015bwiadczenie masa\u017cu L\u2019OCCITANE w Minaro Hotel Tokaj \u2013 MGallery Collection Zabiegi Spa L\u2019OCCITANE w Minaro Hotel Tokaj \u2013 MGallery Collection przenosz\u0105 naturaln\u0105 elegancj\u0119 prowansalskiego stylu \u017cycia do serca Tokaju. Starannie dobrane sk\u0142adniki ro\u015blinne, dzia\u0142aj\u0105ce na zmys\u0142y aromaty oraz indywidualnie dopasowane techniki masa\u017cu tworz\u0105 wyj\u0105tkowy rytua\u0142, kt\u00f3ry nie tylko rozlu\u017ania mi\u0119\u015bnie, ale tak\u017ce g\u0142\u0119boko wycisza umys\u0142. Niezale\u017cnie od tego, czy szukasz kr\u00f3tkiego, regeneruj\u0105cego od\u015bwie\u017cenia, czy d\u0142ugotrwa\u0142ego, g\u0142\u0119boko relaksuj\u0105cego do\u015bwiadczenia, nasze zabiegi maj\u0105 na celu przywr\u00f3cenie wewn\u0119trznej r\u00f3wnowagi i zapewnienie prawdziwego, d\u0142ugotrwa\u0142ego odpr\u0119\u017cenia w ekskluzywnej i spokojnej atmosferze Minaro. Specjalna oferta: W przypadku rezerwacji masa\u017cu co najmniej 48 godzin przed planowanym terminem zabiegu oferujemy 10% rabatu na wybran\u0105 us\u0142ug\u0119. Rezerwacja bezpo\u015brednia: \ud83d\udce7 viki.toth@accor.com\ud83d\udcde +36 47 346 431\",\"breadcrumb\":{\"@id\":\"https:\/\/www.minaromgallery.hu\/pl\/wellness-spa\/uslugi-masazu-by-loccitane\/#breadcrumb\"},\"inLanguage\":\"pl-PL\",\"potentialAction\":[{\"@type\":\"ReadAction\",\"target\":[\"https:\/\/www.minaromgallery.hu\/pl\/wellness-spa\/uslugi-masazu-by-loccitane\/\"]}]},{\"@type\":\"BreadcrumbList\",\"@id\":\"https:\/\/www.minaromgallery.hu\/pl\/wellness-spa\/uslugi-masazu-by-loccitane\/#breadcrumb\",\"itemListElement\":[{\"@type\":\"ListItem\",\"position\":1,\"name\":\"Home\",\"item\":\"https:\/\/www.minaromgallery.hu\/pl\/\"},{\"@type\":\"ListItem\",\"position\":2,\"name\":\"Wellness &amp; Spa\",\"item\":\"https:\/\/www.minaromgallery.hu\/pl\/wellness-spa\/\"},{\"@type\":\"ListItem\",\"position\":3,\"name\":\"Us\u0142ugi masa\u017cu by L&#8217;OCCITANE\"}]},{\"@type\":\"WebSite\",\"@id\":\"https:\/\/www.minaromgallery.hu\/#website\",\"url\":\"https:\/\/www.minaromgallery.hu\/\",\"name\":\"MGallery Minaro Hotel Tokaj\",\"description\":\"\",\"potentialAction\":[{\"@type\":\"SearchAction\",\"target\":{\"@type\":\"EntryPoint\",\"urlTemplate\":\"https:\/\/www.minaromgallery.hu\/?s={search_term_string}\"},\"query-input\":{\"@type\":\"PropertyValueSpecification\",\"valueRequired\":true,\"valueName\":\"search_term_string\"}}],\"inLanguage\":\"pl-PL\"}]}<\/script>\n<!-- \/ Yoast SEO plugin. -->","yoast_head_json":{"title":"Us\u0142ugi masa\u017cu by L'OCCITANE - MGallery Minaro Hotel Tokaj -","description":"Do\u015bwiadczenie masa\u017cu L\u2019OCCITANE w Minaro Hotel Tokaj \u2013 MGallery Collection Zabiegi Spa L\u2019OCCITANE w Minaro Hotel Tokaj \u2013 MGallery Collection przenosz\u0105 naturaln\u0105 elegancj\u0119 prowansalskiego stylu \u017cycia do serca Tokaju. Starannie dobrane sk\u0142adniki ro\u015blinne, dzia\u0142aj\u0105ce na zmys\u0142y aromaty oraz indywidualnie dopasowane techniki masa\u017cu tworz\u0105 wyj\u0105tkowy rytua\u0142, kt\u00f3ry nie tylko rozlu\u017ania mi\u0119\u015bnie, ale tak\u017ce g\u0142\u0119boko wycisza umys\u0142. Niezale\u017cnie od tego, czy szukasz kr\u00f3tkiego, regeneruj\u0105cego od\u015bwie\u017cenia, czy d\u0142ugotrwa\u0142ego, g\u0142\u0119boko relaksuj\u0105cego do\u015bwiadczenia, nasze zabiegi maj\u0105 na celu przywr\u00f3cenie wewn\u0119trznej r\u00f3wnowagi i zapewnienie prawdziwego, d\u0142ugotrwa\u0142ego odpr\u0119\u017cenia w ekskluzywnej i spokojnej atmosferze Minaro. Specjalna oferta: W przypadku rezerwacji masa\u017cu co najmniej 48 godzin przed planowanym terminem zabiegu oferujemy 10% rabatu na wybran\u0105 us\u0142ug\u0119. Rezerwacja bezpo\u015brednia: \ud83d\udce7 viki.toth@accor.com\ud83d\udcde +36 47 346 431","robots":{"index":"index","follow":"follow","max-snippet":"max-snippet:-1","max-image-preview":"max-image-preview:large","max-video-preview":"max-video-preview:-1"},"canonical":"https:\/\/www.minaromgallery.hu\/pl\/wellness-spa\/uslugi-masazu-by-loccitane\/","og_locale":"pl_PL","og_type":"article","og_title":"Us\u0142ugi masa\u017cu by L'OCCITANE - MGallery Minaro Hotel Tokaj -","og_description":"Do\u015bwiadczenie masa\u017cu L\u2019OCCITANE w Minaro Hotel Tokaj \u2013 MGallery Collection Zabiegi Spa L\u2019OCCITANE w Minaro Hotel Tokaj \u2013 MGallery Collection przenosz\u0105 naturaln\u0105 elegancj\u0119 prowansalskiego stylu \u017cycia do serca Tokaju. Starannie dobrane sk\u0142adniki ro\u015blinne, dzia\u0142aj\u0105ce na zmys\u0142y aromaty oraz indywidualnie dopasowane techniki masa\u017cu tworz\u0105 wyj\u0105tkowy rytua\u0142, kt\u00f3ry nie tylko rozlu\u017ania mi\u0119\u015bnie, ale tak\u017ce g\u0142\u0119boko wycisza umys\u0142. Niezale\u017cnie od tego, czy szukasz kr\u00f3tkiego, regeneruj\u0105cego od\u015bwie\u017cenia, czy d\u0142ugotrwa\u0142ego, g\u0142\u0119boko relaksuj\u0105cego do\u015bwiadczenia, nasze zabiegi maj\u0105 na celu przywr\u00f3cenie wewn\u0119trznej r\u00f3wnowagi i zapewnienie prawdziwego, d\u0142ugotrwa\u0142ego odpr\u0119\u017cenia w ekskluzywnej i spokojnej atmosferze Minaro. Specjalna oferta: W przypadku rezerwacji masa\u017cu co najmniej 48 godzin przed planowanym terminem zabiegu oferujemy 10% rabatu na wybran\u0105 us\u0142ug\u0119. Rezerwacja bezpo\u015brednia: \ud83d\udce7 viki.toth@accor.com\ud83d\udcde +36 47 346 431","og_url":"https:\/\/www.minaromgallery.hu\/pl\/wellness-spa\/uslugi-masazu-by-loccitane\/","og_site_name":"MGallery Minaro Hotel Tokaj","article_modified_time":"2026-04-03T12:53:07+00:00","og_image":[{"width":2200,"height":1200,"url":"https:\/\/www.minaromgallery.hu\/wp-content\/uploads\/sites\/31\/2022\/12\/MGallery_Minaro_homepage_slide01.jpg","type":"image\/jpeg"}],"twitter_card":"summary_large_image","twitter_misc":{"Szacowany czas czytania":"1 minuta"},"schema":{"@context":"https:\/\/schema.org","@graph":[{"@type":"WebPage","@id":"https:\/\/www.minaromgallery.hu\/pl\/wellness-spa\/uslugi-masazu-by-loccitane\/","url":"https:\/\/www.minaromgallery.hu\/pl\/wellness-spa\/uslugi-masazu-by-loccitane\/","name":"Us\u0142ugi masa\u017cu by L'OCCITANE - MGallery Minaro Hotel Tokaj -","isPartOf":{"@id":"https:\/\/www.minaromgallery.hu\/#website"},"datePublished":"2022-12-21T13:26:56+00:00","dateModified":"2026-04-03T12:53:07+00:00","description":"Do\u015bwiadczenie masa\u017cu L\u2019OCCITANE w Minaro Hotel Tokaj \u2013 MGallery Collection Zabiegi Spa L\u2019OCCITANE w Minaro Hotel Tokaj \u2013 MGallery Collection przenosz\u0105 naturaln\u0105 elegancj\u0119 prowansalskiego stylu \u017cycia do serca Tokaju. Starannie dobrane sk\u0142adniki ro\u015blinne, dzia\u0142aj\u0105ce na zmys\u0142y aromaty oraz indywidualnie dopasowane techniki masa\u017cu tworz\u0105 wyj\u0105tkowy rytua\u0142, kt\u00f3ry nie tylko rozlu\u017ania mi\u0119\u015bnie, ale tak\u017ce g\u0142\u0119boko wycisza umys\u0142. Niezale\u017cnie od tego, czy szukasz kr\u00f3tkiego, regeneruj\u0105cego od\u015bwie\u017cenia, czy d\u0142ugotrwa\u0142ego, g\u0142\u0119boko relaksuj\u0105cego do\u015bwiadczenia, nasze zabiegi maj\u0105 na celu przywr\u00f3cenie wewn\u0119trznej r\u00f3wnowagi i zapewnienie prawdziwego, d\u0142ugotrwa\u0142ego odpr\u0119\u017cenia w ekskluzywnej i spokojnej atmosferze Minaro. Specjalna oferta: W przypadku rezerwacji masa\u017cu co najmniej 48 godzin przed planowanym terminem zabiegu oferujemy 10% rabatu na wybran\u0105 us\u0142ug\u0119. Rezerwacja bezpo\u015brednia: \ud83d\udce7 viki.toth@accor.com\ud83d\udcde +36 47 346 431","breadcrumb":{"@id":"https:\/\/www.minaromgallery.hu\/pl\/wellness-spa\/uslugi-masazu-by-loccitane\/#breadcrumb"},"inLanguage":"pl-PL","potentialAction":[{"@type":"ReadAction","target":["https:\/\/www.minaromgallery.hu\/pl\/wellness-spa\/uslugi-masazu-by-loccitane\/"]}]},{"@type":"BreadcrumbList","@id":"https:\/\/www.minaromgallery.hu\/pl\/wellness-spa\/uslugi-masazu-by-loccitane\/#breadcrumb","itemListElement":[{"@type":"ListItem","position":1,"name":"Home","item":"https:\/\/www.minaromgallery.hu\/pl\/"},{"@type":"ListItem","position":2,"name":"Wellness &amp; Spa","item":"https:\/\/www.minaromgallery.hu\/pl\/wellness-spa\/"},{"@type":"ListItem","position":3,"name":"Us\u0142ugi masa\u017cu by L&#8217;OCCITANE"}]},{"@type":"WebSite","@id":"https:\/\/www.minaromgallery.hu\/#website","url":"https:\/\/www.minaromgallery.hu\/","name":"MGallery Minaro Hotel Tokaj","description":"","potentialAction":[{"@type":"SearchAction","target":{"@type":"EntryPoint","urlTemplate":"https:\/\/www.minaromgallery.hu\/?s={search_term_string}"},"query-input":{"@type":"PropertyValueSpecification","valueRequired":true,"valueName":"search_term_string"}}],"inLanguage":"pl-PL"}]}},"_links":{"self":[{"href":"https:\/\/www.minaromgallery.hu\/pl\/wp-json\/wp\/v2\/pages\/325","targetHints":{"allow":["GET"]}}],"collection":[{"href":"https:\/\/www.minaromgallery.hu\/pl\/wp-json\/wp\/v2\/pages"}],"about":[{"href":"https:\/\/www.minaromgallery.hu\/pl\/wp-json\/wp\/v2\/types\/page"}],"author":[{"embeddable":true,"href":"https:\/\/www.minaromgallery.hu\/pl\/wp-json\/wp\/v2\/users\/67"}],"replies":[{"embeddable":true,"href":"https:\/\/www.minaromgallery.hu\/pl\/wp-json\/wp\/v2\/comments?post=325"}],"version-history":[{"count":1,"href":"https:\/\/www.minaromgallery.hu\/pl\/wp-json\/wp\/v2\/pages\/325\/revisions"}],"predecessor-version":[{"id":1826,"href":"https:\/\/www.minaromgallery.hu\/pl\/wp-json\/wp\/v2\/pages\/325\/revisions\/1826"}],"up":[{"embeddable":true,"href":"https:\/\/www.minaromgallery.hu\/pl\/wp-json\/wp\/v2\/pages\/326"}],"wp:attachment":[{"href":"https:\/\/www.minaromgallery.hu\/pl\/wp-json\/wp\/v2\/media?parent=325"}],"wp:term":[{"taxonomy":"category","embeddable":true,"href":"https:\/\/www.minaromgallery.hu\/pl\/wp-json\/wp\/v2\/categories?post=325"}],"curies":[{"name":"wp","href":"https:\/\/api.w.org\/{rel}","templated":true}]}}