{"id":324,"date":"2023-01-10T10:22:32","date_gmt":"2023-01-10T10:22:32","guid":{"rendered":"https:\/\/www.minaromgallery.hu\/?page_id=324"},"modified":"2023-04-11T12:17:39","modified_gmt":"2023-04-11T12:17:39","slug":"wellness","status":"publish","type":"page","link":"https:\/\/www.minaromgallery.hu\/pl\/wellness-spa\/wellness\/","title":{"rendered":"Wellness"},"content":{"rendered":"<p>Rozpieszczaj\u0105cy cia\u0142o masa\u017c<\/p>\n<p>Ukoronuj swoje doznania w tokajskim wellness dopasowanym do potrzeb relaksuj\u0105cym masa\u017cem. Udekorowane wszystkimi odcieniami z\u0142ota wn\u0119trze pokoju masa\u017cu bedzie azylem dla cia\u0142a i duszy.<\/p>\n","protected":false},"excerpt":{"rendered":"<p>Rozpieszczaj\u0105cy cia\u0142o masa\u017c Ukoronuj swoje doznania w tokajskim wellness dopasowanym do potrzeb relaksuj\u0105cym masa\u017cem. Udekorowane wszystkimi odcieniami z\u0142ota wn\u0119trze pokoju masa\u017cu bedzie azylem dla cia\u0142a i duszy.<\/p>\n","protected":false},"author":67,"featured_media":0,"parent":326,"menu_order":1,"comment_status":"closed","ping_status":"closed","template":"template-spa.php","meta":{"footnotes":""},"categories":[],"class_list":["post-324","page","type-page","status-publish","hentry"],"acf":[],"yoast_head":"<!-- This site is optimized with the Yoast SEO plugin v26.9 - https:\/\/yoast.com\/product\/yoast-seo-wordpress\/ -->\n<title>Wellness - MGallery Minaro Hotel Tokaj -<\/title>\n<meta name=\"description\" content=\"Rozpieszczaj\u0105cy cia\u0142o masa\u017c  Ukoronuj swoje doznania w tokajskim wellness dopasowanym do potrzeb relaksuj\u0105cym masa\u017cem. Udekorowane wszystkimi odcieniami z\u0142ota wn\u0119trze pokoju masa\u017cu bedzie azylem dla cia\u0142a i duszy.\" \/>\n<meta name=\"robots\" content=\"index, follow, max-snippet:-1, max-image-preview:large, max-video-preview:-1\" \/>\n<link rel=\"canonical\" href=\"https:\/\/www.minaromgallery.hu\/pl\/wellness-spa\/wellness\/\" \/>\n<meta property=\"og:locale\" content=\"pl_PL\" \/>\n<meta property=\"og:type\" content=\"article\" \/>\n<meta property=\"og:title\" content=\"Wellness - MGallery Minaro Hotel Tokaj -\" \/>\n<meta property=\"og:description\" content=\"Rozpieszczaj\u0105cy cia\u0142o masa\u017c  Ukoronuj swoje doznania w tokajskim wellness dopasowanym do potrzeb relaksuj\u0105cym masa\u017cem. Udekorowane wszystkimi odcieniami z\u0142ota wn\u0119trze pokoju masa\u017cu bedzie azylem dla cia\u0142a i duszy.\" \/>\n<meta property=\"og:url\" content=\"https:\/\/www.minaromgallery.hu\/pl\/wellness-spa\/wellness\/\" \/>\n<meta property=\"og:site_name\" content=\"MGallery Minaro Hotel Tokaj\" \/>\n<meta property=\"article:modified_time\" content=\"2023-04-11T12:17:39+00:00\" \/>\n<meta property=\"og:image\" content=\"https:\/\/www.minaromgallery.hu\/wp-content\/uploads\/sites\/31\/2022\/12\/MGallery_Minaro_homepage_slide01.jpg\" \/>\n\t<meta property=\"og:image:width\" content=\"2200\" \/>\n\t<meta property=\"og:image:height\" content=\"1200\" \/>\n\t<meta property=\"og:image:type\" content=\"image\/jpeg\" \/>\n<meta name=\"twitter:card\" content=\"summary_large_image\" \/>\n<meta name=\"twitter:label1\" content=\"Szacowany czas czytania\" \/>\n\t<meta name=\"twitter:data1\" content=\"1 minuta\" \/>\n<script type=\"application\/ld+json\" class=\"yoast-schema-graph\">{\"@context\":\"https:\/\/schema.org\",\"@graph\":[{\"@type\":\"WebPage\",\"@id\":\"https:\/\/www.minaromgallery.hu\/pl\/wellness-spa\/wellness\/\",\"url\":\"https:\/\/www.minaromgallery.hu\/pl\/wellness-spa\/wellness\/\",\"name\":\"Wellness - MGallery Minaro Hotel Tokaj -\",\"isPartOf\":{\"@id\":\"https:\/\/www.minaromgallery.hu\/#website\"},\"datePublished\":\"2023-01-10T10:22:32+00:00\",\"dateModified\":\"2023-04-11T12:17:39+00:00\",\"description\":\"Rozpieszczaj\u0105cy cia\u0142o masa\u017c Ukoronuj swoje doznania w tokajskim wellness dopasowanym do potrzeb relaksuj\u0105cym masa\u017cem. Udekorowane wszystkimi odcieniami z\u0142ota wn\u0119trze pokoju masa\u017cu bedzie azylem dla cia\u0142a i duszy.\",\"breadcrumb\":{\"@id\":\"https:\/\/www.minaromgallery.hu\/pl\/wellness-spa\/wellness\/#breadcrumb\"},\"inLanguage\":\"pl-PL\",\"potentialAction\":[{\"@type\":\"ReadAction\",\"target\":[\"https:\/\/www.minaromgallery.hu\/pl\/wellness-spa\/wellness\/\"]}]},{\"@type\":\"BreadcrumbList\",\"@id\":\"https:\/\/www.minaromgallery.hu\/pl\/wellness-spa\/wellness\/#breadcrumb\",\"itemListElement\":[{\"@type\":\"ListItem\",\"position\":1,\"name\":\"Home\",\"item\":\"https:\/\/www.minaromgallery.hu\/pl\/\"},{\"@type\":\"ListItem\",\"position\":2,\"name\":\"Wellness &amp; Spa\",\"item\":\"https:\/\/www.minaromgallery.hu\/pl\/wellness-spa\/\"},{\"@type\":\"ListItem\",\"position\":3,\"name\":\"Wellness\"}]},{\"@type\":\"WebSite\",\"@id\":\"https:\/\/www.minaromgallery.hu\/#website\",\"url\":\"https:\/\/www.minaromgallery.hu\/\",\"name\":\"MGallery Minaro Hotel Tokaj\",\"description\":\"\",\"potentialAction\":[{\"@type\":\"SearchAction\",\"target\":{\"@type\":\"EntryPoint\",\"urlTemplate\":\"https:\/\/www.minaromgallery.hu\/?s={search_term_string}\"},\"query-input\":{\"@type\":\"PropertyValueSpecification\",\"valueRequired\":true,\"valueName\":\"search_term_string\"}}],\"inLanguage\":\"pl-PL\"}]}<\/script>\n<!-- \/ Yoast SEO plugin. -->","yoast_head_json":{"title":"Wellness - MGallery Minaro Hotel Tokaj -","description":"Rozpieszczaj\u0105cy cia\u0142o masa\u017c  Ukoronuj swoje doznania w tokajskim wellness dopasowanym do potrzeb relaksuj\u0105cym masa\u017cem. Udekorowane wszystkimi odcieniami z\u0142ota wn\u0119trze pokoju masa\u017cu bedzie azylem dla cia\u0142a i duszy.","robots":{"index":"index","follow":"follow","max-snippet":"max-snippet:-1","max-image-preview":"max-image-preview:large","max-video-preview":"max-video-preview:-1"},"canonical":"https:\/\/www.minaromgallery.hu\/pl\/wellness-spa\/wellness\/","og_locale":"pl_PL","og_type":"article","og_title":"Wellness - MGallery Minaro Hotel Tokaj -","og_description":"Rozpieszczaj\u0105cy cia\u0142o masa\u017c  Ukoronuj swoje doznania w tokajskim wellness dopasowanym do potrzeb relaksuj\u0105cym masa\u017cem. Udekorowane wszystkimi odcieniami z\u0142ota wn\u0119trze pokoju masa\u017cu bedzie azylem dla cia\u0142a i duszy.","og_url":"https:\/\/www.minaromgallery.hu\/pl\/wellness-spa\/wellness\/","og_site_name":"MGallery Minaro Hotel Tokaj","article_modified_time":"2023-04-11T12:17:39+00:00","og_image":[{"width":2200,"height":1200,"url":"https:\/\/www.minaromgallery.hu\/wp-content\/uploads\/sites\/31\/2022\/12\/MGallery_Minaro_homepage_slide01.jpg","type":"image\/jpeg"}],"twitter_card":"summary_large_image","twitter_misc":{"Szacowany czas czytania":"1 minuta"},"schema":{"@context":"https:\/\/schema.org","@graph":[{"@type":"WebPage","@id":"https:\/\/www.minaromgallery.hu\/pl\/wellness-spa\/wellness\/","url":"https:\/\/www.minaromgallery.hu\/pl\/wellness-spa\/wellness\/","name":"Wellness - MGallery Minaro Hotel Tokaj -","isPartOf":{"@id":"https:\/\/www.minaromgallery.hu\/#website"},"datePublished":"2023-01-10T10:22:32+00:00","dateModified":"2023-04-11T12:17:39+00:00","description":"Rozpieszczaj\u0105cy cia\u0142o masa\u017c Ukoronuj swoje doznania w tokajskim wellness dopasowanym do potrzeb relaksuj\u0105cym masa\u017cem. Udekorowane wszystkimi odcieniami z\u0142ota wn\u0119trze pokoju masa\u017cu bedzie azylem dla cia\u0142a i duszy.","breadcrumb":{"@id":"https:\/\/www.minaromgallery.hu\/pl\/wellness-spa\/wellness\/#breadcrumb"},"inLanguage":"pl-PL","potentialAction":[{"@type":"ReadAction","target":["https:\/\/www.minaromgallery.hu\/pl\/wellness-spa\/wellness\/"]}]},{"@type":"BreadcrumbList","@id":"https:\/\/www.minaromgallery.hu\/pl\/wellness-spa\/wellness\/#breadcrumb","itemListElement":[{"@type":"ListItem","position":1,"name":"Home","item":"https:\/\/www.minaromgallery.hu\/pl\/"},{"@type":"ListItem","position":2,"name":"Wellness &amp; Spa","item":"https:\/\/www.minaromgallery.hu\/pl\/wellness-spa\/"},{"@type":"ListItem","position":3,"name":"Wellness"}]},{"@type":"WebSite","@id":"https:\/\/www.minaromgallery.hu\/#website","url":"https:\/\/www.minaromgallery.hu\/","name":"MGallery Minaro Hotel Tokaj","description":"","potentialAction":[{"@type":"SearchAction","target":{"@type":"EntryPoint","urlTemplate":"https:\/\/www.minaromgallery.hu\/?s={search_term_string}"},"query-input":{"@type":"PropertyValueSpecification","valueRequired":true,"valueName":"search_term_string"}}],"inLanguage":"pl-PL"}]}},"_links":{"self":[{"href":"https:\/\/www.minaromgallery.hu\/pl\/wp-json\/wp\/v2\/pages\/324","targetHints":{"allow":["GET"]}}],"collection":[{"href":"https:\/\/www.minaromgallery.hu\/pl\/wp-json\/wp\/v2\/pages"}],"about":[{"href":"https:\/\/www.minaromgallery.hu\/pl\/wp-json\/wp\/v2\/types\/page"}],"author":[{"embeddable":true,"href":"https:\/\/www.minaromgallery.hu\/pl\/wp-json\/wp\/v2\/users\/67"}],"replies":[{"embeddable":true,"href":"https:\/\/www.minaromgallery.hu\/pl\/wp-json\/wp\/v2\/comments?post=324"}],"version-history":[{"count":0,"href":"https:\/\/www.minaromgallery.hu\/pl\/wp-json\/wp\/v2\/pages\/324\/revisions"}],"up":[{"embeddable":true,"href":"https:\/\/www.minaromgallery.hu\/pl\/wp-json\/wp\/v2\/pages\/326"}],"wp:attachment":[{"href":"https:\/\/www.minaromgallery.hu\/pl\/wp-json\/wp\/v2\/media?parent=324"}],"wp:term":[{"taxonomy":"category","embeddable":true,"href":"https:\/\/www.minaromgallery.hu\/pl\/wp-json\/wp\/v2\/categories?post=324"}],"curies":[{"name":"wp","href":"https:\/\/api.w.org\/{rel}","templated":true}]}}