{"id":320,"date":"2022-12-20T15:58:36","date_gmt":"2022-12-20T15:58:36","guid":{"rendered":"https:\/\/www.minaromgallery.hu\/?page_id=320"},"modified":"2026-04-03T12:20:22","modified_gmt":"2026-04-03T12:20:22","slug":"bar-viracocha","status":"publish","type":"page","link":"https:\/\/www.minaromgallery.hu\/pl\/gasztronomia\/bar-viracocha\/","title":{"rendered":"Bar Viracocha"},"content":{"rendered":"<p style=\"text-align: center\" data-start=\"84\" data-end=\"224\">Wejd\u017a do \u015bwiata wyrafinowanej mixologii w Viracocha Bar, gdzie atmosfera Tokaju spotyka si\u0119 z kreatywno\u015bci\u0105 nowoczesnej kultury koktajlowej.<\/p>\n<p style=\"text-align: center\" data-start=\"226\" data-end=\"461\">Bar inspirowany mitycznym inkaskim bogiem stw\u00f3rc\u0105 Viracoch\u0105 oferuje wyj\u0105tkowe menu napoj\u00f3w, w kt\u00f3rym legendarne tokajskie wina i lokalne sk\u0142adniki \u0142\u0105cz\u0105 si\u0119 z mi\u0119dzynarodowymi alkoholami premium oraz wsp\u00f3\u0142czesnymi technikami mixologii.<\/p>\n<p style=\"text-align: center\" data-start=\"463\" data-end=\"809\">Nasza starannie skomponowana karta obejmuje autorskie koktajle, alkohole premium oraz wyj\u0105tkowe tokajskie wina, daj\u0105c Go\u015bciom mo\u017cliwo\u015b\u0107 odkrywania zar\u00f3wno klasycznych smak\u00f3w, jak i innowacyjnych kompozycji koktajlowych. Od eleganckich do\u015bwiadcze\u0144 winnych po charakterystyczne koktajle \u2013 ka\u017cdy nap\u00f3j przygotowywany jest z precyzj\u0105 i kreatywno\u015bci\u0105.<\/p>\n<p style=\"text-align: center\" data-start=\"811\" data-end=\"1072\">Niezale\u017cnie od tego, czy rozpoczniesz wiecz\u00f3r idealnie zbalansowanym aperitifem, czy zako\u0144czysz dzie\u0144 eleganckim koktajlem, Viracocha Bar zaprasza do relaksu, odkrywania nowych smak\u00f3w i cieszenia si\u0119 wyj\u0105tkow\u0105 atmosfer\u0105 Minaro Hotel Tokaj \u2013 MGallery Collection.<\/p>\n<p style=\"text-align: center\" data-start=\"1079\" data-end=\"1114\"><strong data-start=\"1079\" data-end=\"1114\">Godziny otwarcia Viracocha Bar:<\/strong><\/p>\n<p style=\"text-align: center\" data-start=\"1116\" data-end=\"1211\" data-is-last-node=\"\" data-is-only-node=\"\">Poniedzia\u0142ek \u2013 Czwartek: 7:30 \u2013 22:00<br data-start=\"1153\" data-end=\"1156\" \/>Pi\u0105tek \u2013 Sobota: 7:30 \u2013 00:00<br data-start=\"1185\" data-end=\"1188\" \/>Niedziela: 7:30 \u2013 22:00<\/p>\n","protected":false},"excerpt":{"rendered":"<p>Wejd\u017a do \u015bwiata wyrafinowanej mixologii w Viracocha Bar, gdzie atmosfera Tokaju spotyka si\u0119 z kreatywno\u015bci\u0105 nowoczesnej kultury koktajlowej. Bar inspirowany mitycznym inkaskim bogiem stw\u00f3rc\u0105 Viracoch\u0105 oferuje wyj\u0105tkowe menu napoj\u00f3w, w kt\u00f3rym legendarne tokajskie wina i lokalne sk\u0142adniki \u0142\u0105cz\u0105 si\u0119 z mi\u0119dzynarodowymi alkoholami premium oraz wsp\u00f3\u0142czesnymi technikami mixologii. Nasza starannie skomponowana karta obejmuje autorskie koktajle, alkohole [&hellip;]<\/p>\n","protected":false},"author":67,"featured_media":0,"parent":318,"menu_order":10,"comment_status":"closed","ping_status":"closed","template":"template-restaurant.php","meta":{"footnotes":""},"categories":[],"class_list":["post-320","page","type-page","status-publish","hentry"],"acf":[],"yoast_head":"<!-- This site is optimized with the Yoast SEO plugin v26.9 - https:\/\/yoast.com\/product\/yoast-seo-wordpress\/ -->\n<title>Bar Viracocha - MGallery Minaro Hotel Tokaj -<\/title>\n<meta name=\"description\" content=\"Wejd\u017a do \u015bwiata wyrafinowanej mixologii w Viracocha Bar, gdzie atmosfera Tokaju spotyka si\u0119 z kreatywno\u015bci\u0105 nowoczesnej kultury koktajlowej. Bar inspirowany mitycznym inkaskim bogiem stw\u00f3rc\u0105 Viracoch\u0105 oferuje wyj\u0105tkowe menu napoj\u00f3w, w kt\u00f3rym legendarne tokajskie wina i lokalne sk\u0142adniki \u0142\u0105cz\u0105 si\u0119 z mi\u0119dzynarodowymi alkoholami premium oraz wsp\u00f3\u0142czesnymi technikami mixologii. Nasza starannie skomponowana karta obejmuje autorskie koktajle, alkohole premium oraz wyj\u0105tkowe tokajskie wina, daj\u0105c Go\u015bciom mo\u017cliwo\u015b\u0107 odkrywania zar\u00f3wno klasycznych smak\u00f3w, jak i innowacyjnych kompozycji koktajlowych. Od eleganckich do\u015bwiadcze\u0144 winnych po charakterystyczne koktajle \u2013 ka\u017cdy nap\u00f3j przygotowywany jest z precyzj\u0105 i kreatywno\u015bci\u0105. Niezale\u017cnie od tego, czy rozpoczniesz wiecz\u00f3r idealnie zbalansowanym aperitifem, czy zako\u0144czysz dzie\u0144 eleganckim koktajlem, Viracocha Bar zaprasza do relaksu, odkrywania nowych smak\u00f3w i cieszenia si\u0119 wyj\u0105tkow\u0105 atmosfer\u0105 Minaro Hotel Tokaj \u2013 MGallery Collection. Godziny otwarcia Viracocha Bar: Poniedzia\u0142ek \u2013 Czwartek: 7:30 \u2013 22:00Pi\u0105tek \u2013 Sobota: 7:30 \u2013 00:00Niedziela: 7:30 \u2013 22:00\" \/>\n<meta name=\"robots\" content=\"index, follow, max-snippet:-1, max-image-preview:large, max-video-preview:-1\" \/>\n<link rel=\"canonical\" href=\"https:\/\/www.minaromgallery.hu\/pl\/gasztronomia\/bar-viracocha\/\" \/>\n<meta property=\"og:locale\" content=\"pl_PL\" \/>\n<meta property=\"og:type\" content=\"article\" \/>\n<meta property=\"og:title\" content=\"Bar Viracocha - MGallery Minaro Hotel Tokaj -\" \/>\n<meta property=\"og:description\" content=\"Wejd\u017a do \u015bwiata wyrafinowanej mixologii w Viracocha Bar, gdzie atmosfera Tokaju spotyka si\u0119 z kreatywno\u015bci\u0105 nowoczesnej kultury koktajlowej. Bar inspirowany mitycznym inkaskim bogiem stw\u00f3rc\u0105 Viracoch\u0105 oferuje wyj\u0105tkowe menu napoj\u00f3w, w kt\u00f3rym legendarne tokajskie wina i lokalne sk\u0142adniki \u0142\u0105cz\u0105 si\u0119 z mi\u0119dzynarodowymi alkoholami premium oraz wsp\u00f3\u0142czesnymi technikami mixologii. Nasza starannie skomponowana karta obejmuje autorskie koktajle, alkohole premium oraz wyj\u0105tkowe tokajskie wina, daj\u0105c Go\u015bciom mo\u017cliwo\u015b\u0107 odkrywania zar\u00f3wno klasycznych smak\u00f3w, jak i innowacyjnych kompozycji koktajlowych. Od eleganckich do\u015bwiadcze\u0144 winnych po charakterystyczne koktajle \u2013 ka\u017cdy nap\u00f3j przygotowywany jest z precyzj\u0105 i kreatywno\u015bci\u0105. Niezale\u017cnie od tego, czy rozpoczniesz wiecz\u00f3r idealnie zbalansowanym aperitifem, czy zako\u0144czysz dzie\u0144 eleganckim koktajlem, Viracocha Bar zaprasza do relaksu, odkrywania nowych smak\u00f3w i cieszenia si\u0119 wyj\u0105tkow\u0105 atmosfer\u0105 Minaro Hotel Tokaj \u2013 MGallery Collection. Godziny otwarcia Viracocha Bar: Poniedzia\u0142ek \u2013 Czwartek: 7:30 \u2013 22:00Pi\u0105tek \u2013 Sobota: 7:30 \u2013 00:00Niedziela: 7:30 \u2013 22:00\" \/>\n<meta property=\"og:url\" content=\"https:\/\/www.minaromgallery.hu\/pl\/gasztronomia\/bar-viracocha\/\" \/>\n<meta property=\"og:site_name\" content=\"MGallery Minaro Hotel Tokaj\" \/>\n<meta property=\"article:modified_time\" content=\"2026-04-03T12:20:22+00:00\" \/>\n<meta property=\"og:image\" content=\"https:\/\/www.minaromgallery.hu\/wp-content\/uploads\/sites\/31\/2022\/12\/MGallery_Minaro_homepage_slide01.jpg\" \/>\n\t<meta property=\"og:image:width\" content=\"2200\" \/>\n\t<meta property=\"og:image:height\" content=\"1200\" \/>\n\t<meta property=\"og:image:type\" content=\"image\/jpeg\" \/>\n<meta name=\"twitter:card\" content=\"summary_large_image\" \/>\n<meta name=\"twitter:label1\" content=\"Szacowany czas czytania\" \/>\n\t<meta name=\"twitter:data1\" content=\"1 minuta\" \/>\n<script type=\"application\/ld+json\" class=\"yoast-schema-graph\">{\"@context\":\"https:\/\/schema.org\",\"@graph\":[{\"@type\":\"WebPage\",\"@id\":\"https:\/\/www.minaromgallery.hu\/pl\/gasztronomia\/bar-viracocha\/\",\"url\":\"https:\/\/www.minaromgallery.hu\/pl\/gasztronomia\/bar-viracocha\/\",\"name\":\"Bar Viracocha - MGallery Minaro Hotel Tokaj -\",\"isPartOf\":{\"@id\":\"https:\/\/www.minaromgallery.hu\/#website\"},\"datePublished\":\"2022-12-20T15:58:36+00:00\",\"dateModified\":\"2026-04-03T12:20:22+00:00\",\"description\":\"Wejd\u017a do \u015bwiata wyrafinowanej mixologii w Viracocha Bar, gdzie atmosfera Tokaju spotyka si\u0119 z kreatywno\u015bci\u0105 nowoczesnej kultury koktajlowej. Bar inspirowany mitycznym inkaskim bogiem stw\u00f3rc\u0105 Viracoch\u0105 oferuje wyj\u0105tkowe menu napoj\u00f3w, w kt\u00f3rym legendarne tokajskie wina i lokalne sk\u0142adniki \u0142\u0105cz\u0105 si\u0119 z mi\u0119dzynarodowymi alkoholami premium oraz wsp\u00f3\u0142czesnymi technikami mixologii. Nasza starannie skomponowana karta obejmuje autorskie koktajle, alkohole premium oraz wyj\u0105tkowe tokajskie wina, daj\u0105c Go\u015bciom mo\u017cliwo\u015b\u0107 odkrywania zar\u00f3wno klasycznych smak\u00f3w, jak i innowacyjnych kompozycji koktajlowych. Od eleganckich do\u015bwiadcze\u0144 winnych po charakterystyczne koktajle \u2013 ka\u017cdy nap\u00f3j przygotowywany jest z precyzj\u0105 i kreatywno\u015bci\u0105. Niezale\u017cnie od tego, czy rozpoczniesz wiecz\u00f3r idealnie zbalansowanym aperitifem, czy zako\u0144czysz dzie\u0144 eleganckim koktajlem, Viracocha Bar zaprasza do relaksu, odkrywania nowych smak\u00f3w i cieszenia si\u0119 wyj\u0105tkow\u0105 atmosfer\u0105 Minaro Hotel Tokaj \u2013 MGallery Collection. Godziny otwarcia Viracocha Bar: Poniedzia\u0142ek \u2013 Czwartek: 7:30 \u2013 22:00Pi\u0105tek \u2013 Sobota: 7:30 \u2013 00:00Niedziela: 7:30 \u2013 22:00\",\"breadcrumb\":{\"@id\":\"https:\/\/www.minaromgallery.hu\/pl\/gasztronomia\/bar-viracocha\/#breadcrumb\"},\"inLanguage\":\"pl-PL\",\"potentialAction\":[{\"@type\":\"ReadAction\",\"target\":[\"https:\/\/www.minaromgallery.hu\/pl\/gasztronomia\/bar-viracocha\/\"]}]},{\"@type\":\"BreadcrumbList\",\"@id\":\"https:\/\/www.minaromgallery.hu\/pl\/gasztronomia\/bar-viracocha\/#breadcrumb\",\"itemListElement\":[{\"@type\":\"ListItem\",\"position\":1,\"name\":\"Home\",\"item\":\"https:\/\/www.minaromgallery.hu\/pl\/\"},{\"@type\":\"ListItem\",\"position\":2,\"name\":\"Gastronomia\",\"item\":\"https:\/\/www.minaromgallery.hu\/pl\/gasztronomia\/\"},{\"@type\":\"ListItem\",\"position\":3,\"name\":\"Bar Viracocha\"}]},{\"@type\":\"WebSite\",\"@id\":\"https:\/\/www.minaromgallery.hu\/#website\",\"url\":\"https:\/\/www.minaromgallery.hu\/\",\"name\":\"MGallery Minaro Hotel Tokaj\",\"description\":\"\",\"potentialAction\":[{\"@type\":\"SearchAction\",\"target\":{\"@type\":\"EntryPoint\",\"urlTemplate\":\"https:\/\/www.minaromgallery.hu\/?s={search_term_string}\"},\"query-input\":{\"@type\":\"PropertyValueSpecification\",\"valueRequired\":true,\"valueName\":\"search_term_string\"}}],\"inLanguage\":\"pl-PL\"}]}<\/script>\n<!-- \/ Yoast SEO plugin. -->","yoast_head_json":{"title":"Bar Viracocha - MGallery Minaro Hotel Tokaj -","description":"Wejd\u017a do \u015bwiata wyrafinowanej mixologii w Viracocha Bar, gdzie atmosfera Tokaju spotyka si\u0119 z kreatywno\u015bci\u0105 nowoczesnej kultury koktajlowej. Bar inspirowany mitycznym inkaskim bogiem stw\u00f3rc\u0105 Viracoch\u0105 oferuje wyj\u0105tkowe menu napoj\u00f3w, w kt\u00f3rym legendarne tokajskie wina i lokalne sk\u0142adniki \u0142\u0105cz\u0105 si\u0119 z mi\u0119dzynarodowymi alkoholami premium oraz wsp\u00f3\u0142czesnymi technikami mixologii. Nasza starannie skomponowana karta obejmuje autorskie koktajle, alkohole premium oraz wyj\u0105tkowe tokajskie wina, daj\u0105c Go\u015bciom mo\u017cliwo\u015b\u0107 odkrywania zar\u00f3wno klasycznych smak\u00f3w, jak i innowacyjnych kompozycji koktajlowych. Od eleganckich do\u015bwiadcze\u0144 winnych po charakterystyczne koktajle \u2013 ka\u017cdy nap\u00f3j przygotowywany jest z precyzj\u0105 i kreatywno\u015bci\u0105. Niezale\u017cnie od tego, czy rozpoczniesz wiecz\u00f3r idealnie zbalansowanym aperitifem, czy zako\u0144czysz dzie\u0144 eleganckim koktajlem, Viracocha Bar zaprasza do relaksu, odkrywania nowych smak\u00f3w i cieszenia si\u0119 wyj\u0105tkow\u0105 atmosfer\u0105 Minaro Hotel Tokaj \u2013 MGallery Collection. Godziny otwarcia Viracocha Bar: Poniedzia\u0142ek \u2013 Czwartek: 7:30 \u2013 22:00Pi\u0105tek \u2013 Sobota: 7:30 \u2013 00:00Niedziela: 7:30 \u2013 22:00","robots":{"index":"index","follow":"follow","max-snippet":"max-snippet:-1","max-image-preview":"max-image-preview:large","max-video-preview":"max-video-preview:-1"},"canonical":"https:\/\/www.minaromgallery.hu\/pl\/gasztronomia\/bar-viracocha\/","og_locale":"pl_PL","og_type":"article","og_title":"Bar Viracocha - MGallery Minaro Hotel Tokaj -","og_description":"Wejd\u017a do \u015bwiata wyrafinowanej mixologii w Viracocha Bar, gdzie atmosfera Tokaju spotyka si\u0119 z kreatywno\u015bci\u0105 nowoczesnej kultury koktajlowej. Bar inspirowany mitycznym inkaskim bogiem stw\u00f3rc\u0105 Viracoch\u0105 oferuje wyj\u0105tkowe menu napoj\u00f3w, w kt\u00f3rym legendarne tokajskie wina i lokalne sk\u0142adniki \u0142\u0105cz\u0105 si\u0119 z mi\u0119dzynarodowymi alkoholami premium oraz wsp\u00f3\u0142czesnymi technikami mixologii. Nasza starannie skomponowana karta obejmuje autorskie koktajle, alkohole premium oraz wyj\u0105tkowe tokajskie wina, daj\u0105c Go\u015bciom mo\u017cliwo\u015b\u0107 odkrywania zar\u00f3wno klasycznych smak\u00f3w, jak i innowacyjnych kompozycji koktajlowych. Od eleganckich do\u015bwiadcze\u0144 winnych po charakterystyczne koktajle \u2013 ka\u017cdy nap\u00f3j przygotowywany jest z precyzj\u0105 i kreatywno\u015bci\u0105. Niezale\u017cnie od tego, czy rozpoczniesz wiecz\u00f3r idealnie zbalansowanym aperitifem, czy zako\u0144czysz dzie\u0144 eleganckim koktajlem, Viracocha Bar zaprasza do relaksu, odkrywania nowych smak\u00f3w i cieszenia si\u0119 wyj\u0105tkow\u0105 atmosfer\u0105 Minaro Hotel Tokaj \u2013 MGallery Collection. Godziny otwarcia Viracocha Bar: Poniedzia\u0142ek \u2013 Czwartek: 7:30 \u2013 22:00Pi\u0105tek \u2013 Sobota: 7:30 \u2013 00:00Niedziela: 7:30 \u2013 22:00","og_url":"https:\/\/www.minaromgallery.hu\/pl\/gasztronomia\/bar-viracocha\/","og_site_name":"MGallery Minaro Hotel Tokaj","article_modified_time":"2026-04-03T12:20:22+00:00","og_image":[{"width":2200,"height":1200,"url":"https:\/\/www.minaromgallery.hu\/wp-content\/uploads\/sites\/31\/2022\/12\/MGallery_Minaro_homepage_slide01.jpg","type":"image\/jpeg"}],"twitter_card":"summary_large_image","twitter_misc":{"Szacowany czas czytania":"1 minuta"},"schema":{"@context":"https:\/\/schema.org","@graph":[{"@type":"WebPage","@id":"https:\/\/www.minaromgallery.hu\/pl\/gasztronomia\/bar-viracocha\/","url":"https:\/\/www.minaromgallery.hu\/pl\/gasztronomia\/bar-viracocha\/","name":"Bar Viracocha - MGallery Minaro Hotel Tokaj -","isPartOf":{"@id":"https:\/\/www.minaromgallery.hu\/#website"},"datePublished":"2022-12-20T15:58:36+00:00","dateModified":"2026-04-03T12:20:22+00:00","description":"Wejd\u017a do \u015bwiata wyrafinowanej mixologii w Viracocha Bar, gdzie atmosfera Tokaju spotyka si\u0119 z kreatywno\u015bci\u0105 nowoczesnej kultury koktajlowej. Bar inspirowany mitycznym inkaskim bogiem stw\u00f3rc\u0105 Viracoch\u0105 oferuje wyj\u0105tkowe menu napoj\u00f3w, w kt\u00f3rym legendarne tokajskie wina i lokalne sk\u0142adniki \u0142\u0105cz\u0105 si\u0119 z mi\u0119dzynarodowymi alkoholami premium oraz wsp\u00f3\u0142czesnymi technikami mixologii. Nasza starannie skomponowana karta obejmuje autorskie koktajle, alkohole premium oraz wyj\u0105tkowe tokajskie wina, daj\u0105c Go\u015bciom mo\u017cliwo\u015b\u0107 odkrywania zar\u00f3wno klasycznych smak\u00f3w, jak i innowacyjnych kompozycji koktajlowych. Od eleganckich do\u015bwiadcze\u0144 winnych po charakterystyczne koktajle \u2013 ka\u017cdy nap\u00f3j przygotowywany jest z precyzj\u0105 i kreatywno\u015bci\u0105. Niezale\u017cnie od tego, czy rozpoczniesz wiecz\u00f3r idealnie zbalansowanym aperitifem, czy zako\u0144czysz dzie\u0144 eleganckim koktajlem, Viracocha Bar zaprasza do relaksu, odkrywania nowych smak\u00f3w i cieszenia si\u0119 wyj\u0105tkow\u0105 atmosfer\u0105 Minaro Hotel Tokaj \u2013 MGallery Collection. Godziny otwarcia Viracocha Bar: Poniedzia\u0142ek \u2013 Czwartek: 7:30 \u2013 22:00Pi\u0105tek \u2013 Sobota: 7:30 \u2013 00:00Niedziela: 7:30 \u2013 22:00","breadcrumb":{"@id":"https:\/\/www.minaromgallery.hu\/pl\/gasztronomia\/bar-viracocha\/#breadcrumb"},"inLanguage":"pl-PL","potentialAction":[{"@type":"ReadAction","target":["https:\/\/www.minaromgallery.hu\/pl\/gasztronomia\/bar-viracocha\/"]}]},{"@type":"BreadcrumbList","@id":"https:\/\/www.minaromgallery.hu\/pl\/gasztronomia\/bar-viracocha\/#breadcrumb","itemListElement":[{"@type":"ListItem","position":1,"name":"Home","item":"https:\/\/www.minaromgallery.hu\/pl\/"},{"@type":"ListItem","position":2,"name":"Gastronomia","item":"https:\/\/www.minaromgallery.hu\/pl\/gasztronomia\/"},{"@type":"ListItem","position":3,"name":"Bar Viracocha"}]},{"@type":"WebSite","@id":"https:\/\/www.minaromgallery.hu\/#website","url":"https:\/\/www.minaromgallery.hu\/","name":"MGallery Minaro Hotel Tokaj","description":"","potentialAction":[{"@type":"SearchAction","target":{"@type":"EntryPoint","urlTemplate":"https:\/\/www.minaromgallery.hu\/?s={search_term_string}"},"query-input":{"@type":"PropertyValueSpecification","valueRequired":true,"valueName":"search_term_string"}}],"inLanguage":"pl-PL"}]}},"_links":{"self":[{"href":"https:\/\/www.minaromgallery.hu\/pl\/wp-json\/wp\/v2\/pages\/320","targetHints":{"allow":["GET"]}}],"collection":[{"href":"https:\/\/www.minaromgallery.hu\/pl\/wp-json\/wp\/v2\/pages"}],"about":[{"href":"https:\/\/www.minaromgallery.hu\/pl\/wp-json\/wp\/v2\/types\/page"}],"author":[{"embeddable":true,"href":"https:\/\/www.minaromgallery.hu\/pl\/wp-json\/wp\/v2\/users\/67"}],"replies":[{"embeddable":true,"href":"https:\/\/www.minaromgallery.hu\/pl\/wp-json\/wp\/v2\/comments?post=320"}],"version-history":[{"count":3,"href":"https:\/\/www.minaromgallery.hu\/pl\/wp-json\/wp\/v2\/pages\/320\/revisions"}],"predecessor-version":[{"id":1818,"href":"https:\/\/www.minaromgallery.hu\/pl\/wp-json\/wp\/v2\/pages\/320\/revisions\/1818"}],"up":[{"embeddable":true,"href":"https:\/\/www.minaromgallery.hu\/pl\/wp-json\/wp\/v2\/pages\/318"}],"wp:attachment":[{"href":"https:\/\/www.minaromgallery.hu\/pl\/wp-json\/wp\/v2\/media?parent=320"}],"wp:term":[{"taxonomy":"category","embeddable":true,"href":"https:\/\/www.minaromgallery.hu\/pl\/wp-json\/wp\/v2\/categories?post=320"}],"curies":[{"name":"wp","href":"https:\/\/api.w.org\/{rel}","templated":true}]}}