{"id":316,"date":"2022-12-19T14:38:34","date_gmt":"2022-12-19T14:38:34","guid":{"rendered":"https:\/\/www.minaromgallery.hu\/?page_id=316"},"modified":"2026-04-03T11:56:32","modified_gmt":"2026-04-03T11:56:32","slug":"apartamenty-junior","status":"publish","type":"page","link":"https:\/\/www.minaromgallery.hu\/pl\/szobak-es-lakosztalyok\/apartamenty-junior\/","title":{"rendered":"Apartamenty Junior"},"content":{"rendered":"<p style=\"text-align: center\" data-start=\"59\" data-end=\"446\">W Junior Suite o powierzchni 60 m\u00b2 do\u015bwiadczysz komfortu i luksusu na najwy\u017cszym poziomie. O Tw\u00f3j wypoczynek zadba przestronna sypialnia z du\u017cym \u0142\u00f3\u017ckiem typu king-size, natomiast o wyj\u0105tkowe doznania \u2013 nowoczesny salon z du\u017cym Smart TV oraz dekoracje inspirowane sztuk\u0105 i histori\u0105 \u015bwiata Maj\u00f3w. Przez du\u017ce okna i z balkonu mo\u017cesz podziwia\u0107 zapieraj\u0105c\u0105 dech w piersiach, dziewicz\u0105 natur\u0119.<\/p>\n<p style=\"text-align: center\" data-start=\"448\" data-end=\"509\" data-is-last-node=\"\" data-is-only-node=\"\">Poczuj komfort i luksus w naszych apartamentach Junior Suite!<\/p>\n","protected":false},"excerpt":{"rendered":"<p>W Junior Suite o powierzchni 60 m\u00b2 do\u015bwiadczysz komfortu i luksusu na najwy\u017cszym poziomie. O Tw\u00f3j wypoczynek zadba przestronna sypialnia z du\u017cym \u0142\u00f3\u017ckiem typu king-size, natomiast o wyj\u0105tkowe doznania \u2013 nowoczesny salon z du\u017cym Smart TV oraz dekoracje inspirowane sztuk\u0105 i histori\u0105 \u015bwiata Maj\u00f3w. Przez du\u017ce okna i z balkonu mo\u017cesz podziwia\u0107 zapieraj\u0105c\u0105 dech w [&hellip;]<\/p>\n","protected":false},"author":67,"featured_media":0,"parent":314,"menu_order":15,"comment_status":"closed","ping_status":"closed","template":"template-room.php","meta":{"footnotes":""},"categories":[],"class_list":["post-316","page","type-page","status-publish","hentry"],"acf":[],"yoast_head":"<!-- This site is optimized with the Yoast SEO plugin v26.9 - https:\/\/yoast.com\/product\/yoast-seo-wordpress\/ -->\n<title>Apartamenty Junior - MGallery Minaro Hotel Tokaj -<\/title>\n<meta name=\"description\" content=\"W Junior Suite o powierzchni 60 m\u00b2 do\u015bwiadczysz komfortu i luksusu na najwy\u017cszym poziomie. O Tw\u00f3j wypoczynek zadba przestronna sypialnia z du\u017cym \u0142\u00f3\u017ckiem typu king-size, natomiast o wyj\u0105tkowe doznania \u2013 nowoczesny salon z du\u017cym Smart TV oraz dekoracje inspirowane sztuk\u0105 i histori\u0105 \u015bwiata Maj\u00f3w\" \/>\n<meta name=\"robots\" content=\"index, follow, max-snippet:-1, max-image-preview:large, max-video-preview:-1\" \/>\n<link rel=\"canonical\" href=\"https:\/\/www.minaromgallery.hu\/pl\/szobak-es-lakosztalyok\/apartamenty-junior\/\" \/>\n<meta property=\"og:locale\" content=\"pl_PL\" \/>\n<meta property=\"og:type\" content=\"article\" \/>\n<meta property=\"og:title\" content=\"Apartamenty Junior - MGallery Minaro Hotel Tokaj -\" \/>\n<meta property=\"og:description\" content=\"W Junior Suite o powierzchni 60 m\u00b2 do\u015bwiadczysz komfortu i luksusu na najwy\u017cszym poziomie. O Tw\u00f3j wypoczynek zadba przestronna sypialnia z du\u017cym \u0142\u00f3\u017ckiem typu king-size, natomiast o wyj\u0105tkowe doznania \u2013 nowoczesny salon z du\u017cym Smart TV oraz dekoracje inspirowane sztuk\u0105 i histori\u0105 \u015bwiata Maj\u00f3w\" \/>\n<meta property=\"og:url\" content=\"https:\/\/www.minaromgallery.hu\/pl\/szobak-es-lakosztalyok\/apartamenty-junior\/\" \/>\n<meta property=\"og:site_name\" content=\"MGallery Minaro Hotel Tokaj\" \/>\n<meta property=\"article:modified_time\" content=\"2026-04-03T11:56:32+00:00\" \/>\n<meta property=\"og:image\" content=\"https:\/\/www.minaromgallery.hu\/wp-content\/uploads\/sites\/31\/2022\/12\/MGallery_Minaro_homepage_slide01.jpg\" \/>\n\t<meta property=\"og:image:width\" content=\"2200\" \/>\n\t<meta property=\"og:image:height\" content=\"1200\" \/>\n\t<meta property=\"og:image:type\" content=\"image\/jpeg\" \/>\n<meta name=\"twitter:card\" content=\"summary_large_image\" \/>\n<meta name=\"twitter:label1\" content=\"Szacowany czas czytania\" \/>\n\t<meta name=\"twitter:data1\" content=\"1 minuta\" \/>\n<script type=\"application\/ld+json\" class=\"yoast-schema-graph\">{\"@context\":\"https:\/\/schema.org\",\"@graph\":[{\"@type\":\"WebPage\",\"@id\":\"https:\/\/www.minaromgallery.hu\/pl\/szobak-es-lakosztalyok\/apartamenty-junior\/\",\"url\":\"https:\/\/www.minaromgallery.hu\/pl\/szobak-es-lakosztalyok\/apartamenty-junior\/\",\"name\":\"Apartamenty Junior - MGallery Minaro Hotel Tokaj -\",\"isPartOf\":{\"@id\":\"https:\/\/www.minaromgallery.hu\/#website\"},\"datePublished\":\"2022-12-19T14:38:34+00:00\",\"dateModified\":\"2026-04-03T11:56:32+00:00\",\"description\":\"W Junior Suite o powierzchni 60 m\u00b2 do\u015bwiadczysz komfortu i luksusu na najwy\u017cszym poziomie. O Tw\u00f3j wypoczynek zadba przestronna sypialnia z du\u017cym \u0142\u00f3\u017ckiem typu king-size, natomiast o wyj\u0105tkowe doznania \u2013 nowoczesny salon z du\u017cym Smart TV oraz dekoracje inspirowane sztuk\u0105 i histori\u0105 \u015bwiata Maj\u00f3w\",\"breadcrumb\":{\"@id\":\"https:\/\/www.minaromgallery.hu\/pl\/szobak-es-lakosztalyok\/apartamenty-junior\/#breadcrumb\"},\"inLanguage\":\"pl-PL\",\"potentialAction\":[{\"@type\":\"ReadAction\",\"target\":[\"https:\/\/www.minaromgallery.hu\/pl\/szobak-es-lakosztalyok\/apartamenty-junior\/\"]}]},{\"@type\":\"BreadcrumbList\",\"@id\":\"https:\/\/www.minaromgallery.hu\/pl\/szobak-es-lakosztalyok\/apartamenty-junior\/#breadcrumb\",\"itemListElement\":[{\"@type\":\"ListItem\",\"position\":1,\"name\":\"Home\",\"item\":\"https:\/\/www.minaromgallery.hu\/pl\/\"},{\"@type\":\"ListItem\",\"position\":2,\"name\":\"Pokoje i apartamenty\",\"item\":\"https:\/\/www.minaromgallery.hu\/pl\/szobak-es-lakosztalyok\/\"},{\"@type\":\"ListItem\",\"position\":3,\"name\":\"Apartamenty Junior\"}]},{\"@type\":\"WebSite\",\"@id\":\"https:\/\/www.minaromgallery.hu\/#website\",\"url\":\"https:\/\/www.minaromgallery.hu\/\",\"name\":\"MGallery Minaro Hotel Tokaj\",\"description\":\"\",\"potentialAction\":[{\"@type\":\"SearchAction\",\"target\":{\"@type\":\"EntryPoint\",\"urlTemplate\":\"https:\/\/www.minaromgallery.hu\/?s={search_term_string}\"},\"query-input\":{\"@type\":\"PropertyValueSpecification\",\"valueRequired\":true,\"valueName\":\"search_term_string\"}}],\"inLanguage\":\"pl-PL\"}]}<\/script>\n<!-- \/ Yoast SEO plugin. -->","yoast_head_json":{"title":"Apartamenty Junior - MGallery Minaro Hotel Tokaj -","description":"W Junior Suite o powierzchni 60 m\u00b2 do\u015bwiadczysz komfortu i luksusu na najwy\u017cszym poziomie. O Tw\u00f3j wypoczynek zadba przestronna sypialnia z du\u017cym \u0142\u00f3\u017ckiem typu king-size, natomiast o wyj\u0105tkowe doznania \u2013 nowoczesny salon z du\u017cym Smart TV oraz dekoracje inspirowane sztuk\u0105 i histori\u0105 \u015bwiata Maj\u00f3w","robots":{"index":"index","follow":"follow","max-snippet":"max-snippet:-1","max-image-preview":"max-image-preview:large","max-video-preview":"max-video-preview:-1"},"canonical":"https:\/\/www.minaromgallery.hu\/pl\/szobak-es-lakosztalyok\/apartamenty-junior\/","og_locale":"pl_PL","og_type":"article","og_title":"Apartamenty Junior - MGallery Minaro Hotel Tokaj -","og_description":"W Junior Suite o powierzchni 60 m\u00b2 do\u015bwiadczysz komfortu i luksusu na najwy\u017cszym poziomie. O Tw\u00f3j wypoczynek zadba przestronna sypialnia z du\u017cym \u0142\u00f3\u017ckiem typu king-size, natomiast o wyj\u0105tkowe doznania \u2013 nowoczesny salon z du\u017cym Smart TV oraz dekoracje inspirowane sztuk\u0105 i histori\u0105 \u015bwiata Maj\u00f3w","og_url":"https:\/\/www.minaromgallery.hu\/pl\/szobak-es-lakosztalyok\/apartamenty-junior\/","og_site_name":"MGallery Minaro Hotel Tokaj","article_modified_time":"2026-04-03T11:56:32+00:00","og_image":[{"width":2200,"height":1200,"url":"https:\/\/www.minaromgallery.hu\/wp-content\/uploads\/sites\/31\/2022\/12\/MGallery_Minaro_homepage_slide01.jpg","type":"image\/jpeg"}],"twitter_card":"summary_large_image","twitter_misc":{"Szacowany czas czytania":"1 minuta"},"schema":{"@context":"https:\/\/schema.org","@graph":[{"@type":"WebPage","@id":"https:\/\/www.minaromgallery.hu\/pl\/szobak-es-lakosztalyok\/apartamenty-junior\/","url":"https:\/\/www.minaromgallery.hu\/pl\/szobak-es-lakosztalyok\/apartamenty-junior\/","name":"Apartamenty Junior - MGallery Minaro Hotel Tokaj -","isPartOf":{"@id":"https:\/\/www.minaromgallery.hu\/#website"},"datePublished":"2022-12-19T14:38:34+00:00","dateModified":"2026-04-03T11:56:32+00:00","description":"W Junior Suite o powierzchni 60 m\u00b2 do\u015bwiadczysz komfortu i luksusu na najwy\u017cszym poziomie. O Tw\u00f3j wypoczynek zadba przestronna sypialnia z du\u017cym \u0142\u00f3\u017ckiem typu king-size, natomiast o wyj\u0105tkowe doznania \u2013 nowoczesny salon z du\u017cym Smart TV oraz dekoracje inspirowane sztuk\u0105 i histori\u0105 \u015bwiata Maj\u00f3w","breadcrumb":{"@id":"https:\/\/www.minaromgallery.hu\/pl\/szobak-es-lakosztalyok\/apartamenty-junior\/#breadcrumb"},"inLanguage":"pl-PL","potentialAction":[{"@type":"ReadAction","target":["https:\/\/www.minaromgallery.hu\/pl\/szobak-es-lakosztalyok\/apartamenty-junior\/"]}]},{"@type":"BreadcrumbList","@id":"https:\/\/www.minaromgallery.hu\/pl\/szobak-es-lakosztalyok\/apartamenty-junior\/#breadcrumb","itemListElement":[{"@type":"ListItem","position":1,"name":"Home","item":"https:\/\/www.minaromgallery.hu\/pl\/"},{"@type":"ListItem","position":2,"name":"Pokoje i apartamenty","item":"https:\/\/www.minaromgallery.hu\/pl\/szobak-es-lakosztalyok\/"},{"@type":"ListItem","position":3,"name":"Apartamenty Junior"}]},{"@type":"WebSite","@id":"https:\/\/www.minaromgallery.hu\/#website","url":"https:\/\/www.minaromgallery.hu\/","name":"MGallery Minaro Hotel Tokaj","description":"","potentialAction":[{"@type":"SearchAction","target":{"@type":"EntryPoint","urlTemplate":"https:\/\/www.minaromgallery.hu\/?s={search_term_string}"},"query-input":{"@type":"PropertyValueSpecification","valueRequired":true,"valueName":"search_term_string"}}],"inLanguage":"pl-PL"}]}},"_links":{"self":[{"href":"https:\/\/www.minaromgallery.hu\/pl\/wp-json\/wp\/v2\/pages\/316","targetHints":{"allow":["GET"]}}],"collection":[{"href":"https:\/\/www.minaromgallery.hu\/pl\/wp-json\/wp\/v2\/pages"}],"about":[{"href":"https:\/\/www.minaromgallery.hu\/pl\/wp-json\/wp\/v2\/types\/page"}],"author":[{"embeddable":true,"href":"https:\/\/www.minaromgallery.hu\/pl\/wp-json\/wp\/v2\/users\/67"}],"replies":[{"embeddable":true,"href":"https:\/\/www.minaromgallery.hu\/pl\/wp-json\/wp\/v2\/comments?post=316"}],"version-history":[{"count":1,"href":"https:\/\/www.minaromgallery.hu\/pl\/wp-json\/wp\/v2\/pages\/316\/revisions"}],"predecessor-version":[{"id":1807,"href":"https:\/\/www.minaromgallery.hu\/pl\/wp-json\/wp\/v2\/pages\/316\/revisions\/1807"}],"up":[{"embeddable":true,"href":"https:\/\/www.minaromgallery.hu\/pl\/wp-json\/wp\/v2\/pages\/314"}],"wp:attachment":[{"href":"https:\/\/www.minaromgallery.hu\/pl\/wp-json\/wp\/v2\/media?parent=316"}],"wp:term":[{"taxonomy":"category","embeddable":true,"href":"https:\/\/www.minaromgallery.hu\/pl\/wp-json\/wp\/v2\/categories?post=316"}],"curies":[{"name":"wp","href":"https:\/\/api.w.org\/{rel}","templated":true}]}}