{"id":315,"date":"2022-12-19T11:16:22","date_gmt":"2022-12-19T11:16:22","guid":{"rendered":"https:\/\/www.minaromgallery.hu\/?page_id=315"},"modified":"2026-04-03T11:53:57","modified_gmt":"2026-04-03T11:53:57","slug":"pokoj-deluxe","status":"publish","type":"page","link":"https:\/\/www.minaromgallery.hu\/pl\/szobak-es-lakosztalyok\/pokoj-deluxe\/","title":{"rendered":"Pok\u00f3j Deluxe"},"content":{"rendered":"<p style=\"text-align: center\" data-start=\"97\" data-end=\"445\">Trzy luksusowe pokoje Deluxe o powierzchni 40 m\u00b2 wyr\u00f3\u017cniaj\u0105 si\u0119 nowoczesn\u0105 saun\u0105, dzi\u0119ki kt\u00f3rej Go\u015bcie mog\u0105 zrelaksowa\u0107 si\u0119 i zregenerowa\u0107 w dowolnym momencie. Po seansie saunowym mo\u017cna od\u015bwie\u017cy\u0107 si\u0119 w nowoczesnej \u0142azience wyposa\u017conej w prysznic typu rain shower. \u0141azienki zachwycaj\u0105 elementami designu oraz dekoracjami inspirowanymi \u015bwiatem Maj\u00f3w.<\/p>\n<p style=\"text-align: center\" data-start=\"447\" data-end=\"543\" data-is-last-node=\"\" data-is-only-node=\"\">Podziwiaj magiczne wzg\u00f3rza tokajskiego regionu winiarskiego z balkonu komfortowych pokoi Deluxe!<\/p>\n","protected":false},"excerpt":{"rendered":"<p>Trzy luksusowe pokoje Deluxe o powierzchni 40 m\u00b2 wyr\u00f3\u017cniaj\u0105 si\u0119 nowoczesn\u0105 saun\u0105, dzi\u0119ki kt\u00f3rej Go\u015bcie mog\u0105 zrelaksowa\u0107 si\u0119 i zregenerowa\u0107 w dowolnym momencie. Po seansie saunowym mo\u017cna od\u015bwie\u017cy\u0107 si\u0119 w nowoczesnej \u0142azience wyposa\u017conej w prysznic typu rain shower. \u0141azienki zachwycaj\u0105 elementami designu oraz dekoracjami inspirowanymi \u015bwiatem Maj\u00f3w. Podziwiaj magiczne wzg\u00f3rza tokajskiego regionu winiarskiego z balkonu [&hellip;]<\/p>\n","protected":false},"author":67,"featured_media":0,"parent":314,"menu_order":10,"comment_status":"closed","ping_status":"closed","template":"template-room.php","meta":{"footnotes":""},"categories":[],"class_list":["post-315","page","type-page","status-publish","hentry"],"acf":[],"yoast_head":"<!-- This site is optimized with the Yoast SEO plugin v26.9 - https:\/\/yoast.com\/product\/yoast-seo-wordpress\/ -->\n<title>Pok\u00f3j Deluxe - MGallery Minaro Hotel Tokaj -<\/title>\n<meta name=\"description\" content=\"Trzy luksusowe pokoje Deluxe o powierzchni 40 m\u00b2 wyr\u00f3\u017cniaj\u0105 si\u0119 nowoczesn\u0105 saun\u0105, dzi\u0119ki kt\u00f3rej Go\u015bcie mog\u0105 zrelaksowa\u0107 si\u0119 i zregenerowa\u0107 w dowolnym momencie. Po seansie saunowym mo\u017cna od\u015bwie\u017cy\u0107 si\u0119 w nowoczesnej \u0142azience wyposa\u017conej w prysznic typu rain shower\" \/>\n<meta name=\"robots\" content=\"index, follow, max-snippet:-1, max-image-preview:large, max-video-preview:-1\" \/>\n<link rel=\"canonical\" href=\"https:\/\/www.minaromgallery.hu\/pl\/szobak-es-lakosztalyok\/pokoj-deluxe\/\" \/>\n<meta property=\"og:locale\" content=\"pl_PL\" \/>\n<meta property=\"og:type\" content=\"article\" \/>\n<meta property=\"og:title\" content=\"Pok\u00f3j Deluxe - MGallery Minaro Hotel Tokaj -\" \/>\n<meta property=\"og:description\" content=\"Trzy luksusowe pokoje Deluxe o powierzchni 40 m\u00b2 wyr\u00f3\u017cniaj\u0105 si\u0119 nowoczesn\u0105 saun\u0105, dzi\u0119ki kt\u00f3rej Go\u015bcie mog\u0105 zrelaksowa\u0107 si\u0119 i zregenerowa\u0107 w dowolnym momencie. Po seansie saunowym mo\u017cna od\u015bwie\u017cy\u0107 si\u0119 w nowoczesnej \u0142azience wyposa\u017conej w prysznic typu rain shower\" \/>\n<meta property=\"og:url\" content=\"https:\/\/www.minaromgallery.hu\/pl\/szobak-es-lakosztalyok\/pokoj-deluxe\/\" \/>\n<meta property=\"og:site_name\" content=\"MGallery Minaro Hotel Tokaj\" \/>\n<meta property=\"article:modified_time\" content=\"2026-04-03T11:53:57+00:00\" \/>\n<meta property=\"og:image\" content=\"https:\/\/www.minaromgallery.hu\/wp-content\/uploads\/sites\/31\/2022\/12\/MGallery_Minaro_homepage_slide01.jpg\" \/>\n\t<meta property=\"og:image:width\" content=\"2200\" \/>\n\t<meta property=\"og:image:height\" content=\"1200\" \/>\n\t<meta property=\"og:image:type\" content=\"image\/jpeg\" \/>\n<meta name=\"twitter:card\" content=\"summary_large_image\" \/>\n<meta name=\"twitter:label1\" content=\"Szacowany czas czytania\" \/>\n\t<meta name=\"twitter:data1\" content=\"1 minuta\" \/>\n<script type=\"application\/ld+json\" class=\"yoast-schema-graph\">{\"@context\":\"https:\/\/schema.org\",\"@graph\":[{\"@type\":\"WebPage\",\"@id\":\"https:\/\/www.minaromgallery.hu\/pl\/szobak-es-lakosztalyok\/pokoj-deluxe\/\",\"url\":\"https:\/\/www.minaromgallery.hu\/pl\/szobak-es-lakosztalyok\/pokoj-deluxe\/\",\"name\":\"Pok\u00f3j Deluxe - MGallery Minaro Hotel Tokaj -\",\"isPartOf\":{\"@id\":\"https:\/\/www.minaromgallery.hu\/#website\"},\"datePublished\":\"2022-12-19T11:16:22+00:00\",\"dateModified\":\"2026-04-03T11:53:57+00:00\",\"description\":\"Trzy luksusowe pokoje Deluxe o powierzchni 40 m\u00b2 wyr\u00f3\u017cniaj\u0105 si\u0119 nowoczesn\u0105 saun\u0105, dzi\u0119ki kt\u00f3rej Go\u015bcie mog\u0105 zrelaksowa\u0107 si\u0119 i zregenerowa\u0107 w dowolnym momencie. Po seansie saunowym mo\u017cna od\u015bwie\u017cy\u0107 si\u0119 w nowoczesnej \u0142azience wyposa\u017conej w prysznic typu rain shower\",\"breadcrumb\":{\"@id\":\"https:\/\/www.minaromgallery.hu\/pl\/szobak-es-lakosztalyok\/pokoj-deluxe\/#breadcrumb\"},\"inLanguage\":\"pl-PL\",\"potentialAction\":[{\"@type\":\"ReadAction\",\"target\":[\"https:\/\/www.minaromgallery.hu\/pl\/szobak-es-lakosztalyok\/pokoj-deluxe\/\"]}]},{\"@type\":\"BreadcrumbList\",\"@id\":\"https:\/\/www.minaromgallery.hu\/pl\/szobak-es-lakosztalyok\/pokoj-deluxe\/#breadcrumb\",\"itemListElement\":[{\"@type\":\"ListItem\",\"position\":1,\"name\":\"Home\",\"item\":\"https:\/\/www.minaromgallery.hu\/pl\/\"},{\"@type\":\"ListItem\",\"position\":2,\"name\":\"Pokoje i apartamenty\",\"item\":\"https:\/\/www.minaromgallery.hu\/pl\/szobak-es-lakosztalyok\/\"},{\"@type\":\"ListItem\",\"position\":3,\"name\":\"Pok\u00f3j Deluxe\"}]},{\"@type\":\"WebSite\",\"@id\":\"https:\/\/www.minaromgallery.hu\/#website\",\"url\":\"https:\/\/www.minaromgallery.hu\/\",\"name\":\"MGallery Minaro Hotel Tokaj\",\"description\":\"\",\"potentialAction\":[{\"@type\":\"SearchAction\",\"target\":{\"@type\":\"EntryPoint\",\"urlTemplate\":\"https:\/\/www.minaromgallery.hu\/?s={search_term_string}\"},\"query-input\":{\"@type\":\"PropertyValueSpecification\",\"valueRequired\":true,\"valueName\":\"search_term_string\"}}],\"inLanguage\":\"pl-PL\"}]}<\/script>\n<!-- \/ Yoast SEO plugin. -->","yoast_head_json":{"title":"Pok\u00f3j Deluxe - MGallery Minaro Hotel Tokaj -","description":"Trzy luksusowe pokoje Deluxe o powierzchni 40 m\u00b2 wyr\u00f3\u017cniaj\u0105 si\u0119 nowoczesn\u0105 saun\u0105, dzi\u0119ki kt\u00f3rej Go\u015bcie mog\u0105 zrelaksowa\u0107 si\u0119 i zregenerowa\u0107 w dowolnym momencie. Po seansie saunowym mo\u017cna od\u015bwie\u017cy\u0107 si\u0119 w nowoczesnej \u0142azience wyposa\u017conej w prysznic typu rain shower","robots":{"index":"index","follow":"follow","max-snippet":"max-snippet:-1","max-image-preview":"max-image-preview:large","max-video-preview":"max-video-preview:-1"},"canonical":"https:\/\/www.minaromgallery.hu\/pl\/szobak-es-lakosztalyok\/pokoj-deluxe\/","og_locale":"pl_PL","og_type":"article","og_title":"Pok\u00f3j Deluxe - MGallery Minaro Hotel Tokaj -","og_description":"Trzy luksusowe pokoje Deluxe o powierzchni 40 m\u00b2 wyr\u00f3\u017cniaj\u0105 si\u0119 nowoczesn\u0105 saun\u0105, dzi\u0119ki kt\u00f3rej Go\u015bcie mog\u0105 zrelaksowa\u0107 si\u0119 i zregenerowa\u0107 w dowolnym momencie. Po seansie saunowym mo\u017cna od\u015bwie\u017cy\u0107 si\u0119 w nowoczesnej \u0142azience wyposa\u017conej w prysznic typu rain shower","og_url":"https:\/\/www.minaromgallery.hu\/pl\/szobak-es-lakosztalyok\/pokoj-deluxe\/","og_site_name":"MGallery Minaro Hotel Tokaj","article_modified_time":"2026-04-03T11:53:57+00:00","og_image":[{"width":2200,"height":1200,"url":"https:\/\/www.minaromgallery.hu\/wp-content\/uploads\/sites\/31\/2022\/12\/MGallery_Minaro_homepage_slide01.jpg","type":"image\/jpeg"}],"twitter_card":"summary_large_image","twitter_misc":{"Szacowany czas czytania":"1 minuta"},"schema":{"@context":"https:\/\/schema.org","@graph":[{"@type":"WebPage","@id":"https:\/\/www.minaromgallery.hu\/pl\/szobak-es-lakosztalyok\/pokoj-deluxe\/","url":"https:\/\/www.minaromgallery.hu\/pl\/szobak-es-lakosztalyok\/pokoj-deluxe\/","name":"Pok\u00f3j Deluxe - MGallery Minaro Hotel Tokaj -","isPartOf":{"@id":"https:\/\/www.minaromgallery.hu\/#website"},"datePublished":"2022-12-19T11:16:22+00:00","dateModified":"2026-04-03T11:53:57+00:00","description":"Trzy luksusowe pokoje Deluxe o powierzchni 40 m\u00b2 wyr\u00f3\u017cniaj\u0105 si\u0119 nowoczesn\u0105 saun\u0105, dzi\u0119ki kt\u00f3rej Go\u015bcie mog\u0105 zrelaksowa\u0107 si\u0119 i zregenerowa\u0107 w dowolnym momencie. Po seansie saunowym mo\u017cna od\u015bwie\u017cy\u0107 si\u0119 w nowoczesnej \u0142azience wyposa\u017conej w prysznic typu rain shower","breadcrumb":{"@id":"https:\/\/www.minaromgallery.hu\/pl\/szobak-es-lakosztalyok\/pokoj-deluxe\/#breadcrumb"},"inLanguage":"pl-PL","potentialAction":[{"@type":"ReadAction","target":["https:\/\/www.minaromgallery.hu\/pl\/szobak-es-lakosztalyok\/pokoj-deluxe\/"]}]},{"@type":"BreadcrumbList","@id":"https:\/\/www.minaromgallery.hu\/pl\/szobak-es-lakosztalyok\/pokoj-deluxe\/#breadcrumb","itemListElement":[{"@type":"ListItem","position":1,"name":"Home","item":"https:\/\/www.minaromgallery.hu\/pl\/"},{"@type":"ListItem","position":2,"name":"Pokoje i apartamenty","item":"https:\/\/www.minaromgallery.hu\/pl\/szobak-es-lakosztalyok\/"},{"@type":"ListItem","position":3,"name":"Pok\u00f3j Deluxe"}]},{"@type":"WebSite","@id":"https:\/\/www.minaromgallery.hu\/#website","url":"https:\/\/www.minaromgallery.hu\/","name":"MGallery Minaro Hotel Tokaj","description":"","potentialAction":[{"@type":"SearchAction","target":{"@type":"EntryPoint","urlTemplate":"https:\/\/www.minaromgallery.hu\/?s={search_term_string}"},"query-input":{"@type":"PropertyValueSpecification","valueRequired":true,"valueName":"search_term_string"}}],"inLanguage":"pl-PL"}]}},"_links":{"self":[{"href":"https:\/\/www.minaromgallery.hu\/pl\/wp-json\/wp\/v2\/pages\/315","targetHints":{"allow":["GET"]}}],"collection":[{"href":"https:\/\/www.minaromgallery.hu\/pl\/wp-json\/wp\/v2\/pages"}],"about":[{"href":"https:\/\/www.minaromgallery.hu\/pl\/wp-json\/wp\/v2\/types\/page"}],"author":[{"embeddable":true,"href":"https:\/\/www.minaromgallery.hu\/pl\/wp-json\/wp\/v2\/users\/67"}],"replies":[{"embeddable":true,"href":"https:\/\/www.minaromgallery.hu\/pl\/wp-json\/wp\/v2\/comments?post=315"}],"version-history":[{"count":1,"href":"https:\/\/www.minaromgallery.hu\/pl\/wp-json\/wp\/v2\/pages\/315\/revisions"}],"predecessor-version":[{"id":1806,"href":"https:\/\/www.minaromgallery.hu\/pl\/wp-json\/wp\/v2\/pages\/315\/revisions\/1806"}],"up":[{"embeddable":true,"href":"https:\/\/www.minaromgallery.hu\/pl\/wp-json\/wp\/v2\/pages\/314"}],"wp:attachment":[{"href":"https:\/\/www.minaromgallery.hu\/pl\/wp-json\/wp\/v2\/media?parent=315"}],"wp:term":[{"taxonomy":"category","embeddable":true,"href":"https:\/\/www.minaromgallery.hu\/pl\/wp-json\/wp\/v2\/categories?post=315"}],"curies":[{"name":"wp","href":"https:\/\/api.w.org\/{rel}","templated":true}]}}