{"id":1903,"date":"2026-03-30T13:03:40","date_gmt":"2026-03-30T13:03:40","guid":{"rendered":"https:\/\/www.minaromgallery.hu\/szobak-es-lakosztalyok\/premium-szoba\/"},"modified":"2026-04-16T07:38:56","modified_gmt":"2026-04-16T07:38:56","slug":"premium-szoba","status":"publish","type":"page","link":"https:\/\/www.minaromgallery.hu\/pl\/szobak-es-lakosztalyok\/premium-szoba\/","title":{"rendered":"Pok\u00f3j Premium"},"content":{"rendered":"<p style=\"text-align: center\" data-start=\"0\" data-end=\"144\">Ciesz si\u0119 wyrafinowanym komfortem w naszych pokojach Premium, inspirowanych t\u0119tni\u0105c\u0105 \u017cyciem atmosfer\u0105 Ameryki Po\u0142udniowej.<\/p>\n<p style=\"text-align: center\" data-start=\"146\" data-end=\"305\">Naturalne tekstury, ciep\u0142e odcienie ziemi oraz motyw kalendarza Maj\u00f3w w sypialni tworz\u0105 wyj\u0105tkow\u0105 atmosfer\u0119, uzupe\u0142nion\u0105 widokiem na zewn\u0119trzny basen hotelu.<\/p>\n<p style=\"text-align: center\" data-start=\"307\" data-end=\"493\">Pok\u00f3j wyposa\u017cony jest w \u0142\u00f3\u017cko typu king-size z po\u015bciel\u0105 premium oraz nowoczesn\u0105 \u0142azienk\u0119 inspirowan\u0105 tropikalnym lasem, z kosmetykami L\u2019Occitane, w tym balsamem do ust i kremem do r\u0105k.<\/p>\n<p style=\"text-align: center\" data-start=\"495\" data-end=\"651\">Dope\u0142nieniem do\u015bwiadczenia jest minibar w cenie, oferuj\u0105cy gotowe koktajle, napoje bezalkoholowe oraz szeroki wyb\u00f3r po\u0142udniowoameryka\u0144skich kaw Nespresso.<\/p>\n<p style=\"text-align: center\" data-start=\"653\" data-end=\"664\">\n","protected":false},"excerpt":{"rendered":"<p>Ciesz si\u0119 wyrafinowanym komfortem w naszych pokojach Premium, inspirowanych t\u0119tni\u0105c\u0105 \u017cyciem atmosfer\u0105 Ameryki Po\u0142udniowej. Naturalne tekstury, ciep\u0142e odcienie ziemi oraz motyw kalendarza Maj\u00f3w w sypialni tworz\u0105 wyj\u0105tkow\u0105 atmosfer\u0119, uzupe\u0142nion\u0105 widokiem na zewn\u0119trzny basen hotelu. Pok\u00f3j wyposa\u017cony jest w \u0142\u00f3\u017cko typu king-size z po\u015bciel\u0105 premium oraz nowoczesn\u0105 \u0142azienk\u0119 inspirowan\u0105 tropikalnym lasem, z kosmetykami L\u2019Occitane, w tym [&hellip;]<\/p>\n","protected":false},"author":362,"featured_media":5,"parent":314,"menu_order":5,"comment_status":"closed","ping_status":"closed","template":"template-room.php","meta":{"footnotes":""},"categories":[49],"class_list":["post-1903","page","type-page","status-publish","has-post-thumbnail","hentry","category-szoba-pl"],"acf":[],"yoast_head":"<!-- This site is optimized with the Yoast SEO plugin v26.9 - https:\/\/yoast.com\/product\/yoast-seo-wordpress\/ -->\n<title>Pok\u00f3j Premium - MGallery Minaro Hotel Tokaj -<\/title>\n<meta name=\"description\" content=\"Ciesz si\u0119 wyrafinowanym komfortem w naszych pokojach Premium, inspirowanych t\u0119tni\u0105c\u0105 \u017cyciem atmosfer\u0105 Ameryki Po\u0142udniowej. Naturalne tekstury, ciep\u0142e odcienie ziemi oraz motyw kalendarza Maj\u00f3w w sypialni tworz\u0105 wyj\u0105tkow\u0105 atmosfer\u0119, uzupe\u0142nion\u0105 widokiem na zewn\u0119trzny basen hotelu. Pok\u00f3j wyposa\u017cony jest w \u0142\u00f3\u017cko typu king-size z po\u015bciel\u0105 premium oraz nowoczesn\u0105 \u0142azienk\u0119 inspirowan\u0105 tropikalnym lasem, z kosmetykami L\u2019Occitane, w tym balsamem do ust i kremem do r\u0105k. Dope\u0142nieniem do\u015bwiadczenia jest minibar w cenie, oferuj\u0105cy gotowe koktajle, napoje bezalkoholowe oraz szeroki wyb\u00f3r po\u0142udniowoameryka\u0144skich kaw Nespresso. .\" \/>\n<meta name=\"robots\" content=\"index, follow, max-snippet:-1, max-image-preview:large, max-video-preview:-1\" \/>\n<link rel=\"canonical\" href=\"https:\/\/www.minaromgallery.hu\/pl\/szobak-es-lakosztalyok\/premium-szoba\/\" \/>\n<meta property=\"og:locale\" content=\"pl_PL\" \/>\n<meta property=\"og:type\" content=\"article\" \/>\n<meta property=\"og:title\" content=\"Pok\u00f3j Premium - MGallery Minaro Hotel Tokaj -\" \/>\n<meta property=\"og:description\" content=\"Ciesz si\u0119 wyrafinowanym komfortem w naszych pokojach Premium, inspirowanych t\u0119tni\u0105c\u0105 \u017cyciem atmosfer\u0105 Ameryki Po\u0142udniowej. Naturalne tekstury, ciep\u0142e odcienie ziemi oraz motyw kalendarza Maj\u00f3w w sypialni tworz\u0105 wyj\u0105tkow\u0105 atmosfer\u0119, uzupe\u0142nion\u0105 widokiem na zewn\u0119trzny basen hotelu. Pok\u00f3j wyposa\u017cony jest w \u0142\u00f3\u017cko typu king-size z po\u015bciel\u0105 premium oraz nowoczesn\u0105 \u0142azienk\u0119 inspirowan\u0105 tropikalnym lasem, z kosmetykami L\u2019Occitane, w tym balsamem do ust i kremem do r\u0105k. Dope\u0142nieniem do\u015bwiadczenia jest minibar w cenie, oferuj\u0105cy gotowe koktajle, napoje bezalkoholowe oraz szeroki wyb\u00f3r po\u0142udniowoameryka\u0144skich kaw Nespresso. .\" \/>\n<meta property=\"og:url\" content=\"https:\/\/www.minaromgallery.hu\/pl\/szobak-es-lakosztalyok\/premium-szoba\/\" \/>\n<meta property=\"og:site_name\" content=\"MGallery Minaro Hotel Tokaj\" \/>\n<meta property=\"article:modified_time\" content=\"2026-04-16T07:38:56+00:00\" \/>\n<meta property=\"og:image\" content=\"https:\/\/www.minaromgallery.hu\/wp-content\/uploads\/sites\/31\/2022\/12\/MGallery_Minaro_homepage_slide01.jpg\" \/>\n\t<meta property=\"og:image:width\" content=\"2200\" \/>\n\t<meta property=\"og:image:height\" content=\"1200\" \/>\n\t<meta property=\"og:image:type\" content=\"image\/jpeg\" \/>\n<meta name=\"twitter:card\" content=\"summary_large_image\" \/>\n<script type=\"application\/ld+json\" class=\"yoast-schema-graph\">{\"@context\":\"https:\/\/schema.org\",\"@graph\":[{\"@type\":\"WebPage\",\"@id\":\"https:\/\/www.minaromgallery.hu\/pl\/szobak-es-lakosztalyok\/premium-szoba\/\",\"url\":\"https:\/\/www.minaromgallery.hu\/pl\/szobak-es-lakosztalyok\/premium-szoba\/\",\"name\":\"Pok\u00f3j Premium - MGallery Minaro Hotel Tokaj -\",\"isPartOf\":{\"@id\":\"https:\/\/www.minaromgallery.hu\/#website\"},\"primaryImageOfPage\":{\"@id\":\"https:\/\/www.minaromgallery.hu\/pl\/szobak-es-lakosztalyok\/premium-szoba\/#primaryimage\"},\"image\":{\"@id\":\"https:\/\/www.minaromgallery.hu\/pl\/szobak-es-lakosztalyok\/premium-szoba\/#primaryimage\"},\"thumbnailUrl\":\"https:\/\/www.minaromgallery.hu\/wp-content\/uploads\/sites\/31\/2022\/12\/MGallery_Minaro_homepage_slide01.jpg\",\"datePublished\":\"2026-03-30T13:03:40+00:00\",\"dateModified\":\"2026-04-16T07:38:56+00:00\",\"description\":\"Ciesz si\u0119 wyrafinowanym komfortem w naszych pokojach Premium, inspirowanych t\u0119tni\u0105c\u0105 \u017cyciem atmosfer\u0105 Ameryki Po\u0142udniowej. Naturalne tekstury, ciep\u0142e odcienie ziemi oraz motyw kalendarza Maj\u00f3w w sypialni tworz\u0105 wyj\u0105tkow\u0105 atmosfer\u0119, uzupe\u0142nion\u0105 widokiem na zewn\u0119trzny basen hotelu. Pok\u00f3j wyposa\u017cony jest w \u0142\u00f3\u017cko typu king-size z po\u015bciel\u0105 premium oraz nowoczesn\u0105 \u0142azienk\u0119 inspirowan\u0105 tropikalnym lasem, z kosmetykami L\u2019Occitane, w tym balsamem do ust i kremem do r\u0105k. Dope\u0142nieniem do\u015bwiadczenia jest minibar w cenie, oferuj\u0105cy gotowe koktajle, napoje bezalkoholowe oraz szeroki wyb\u00f3r po\u0142udniowoameryka\u0144skich kaw Nespresso. .\",\"breadcrumb\":{\"@id\":\"https:\/\/www.minaromgallery.hu\/pl\/szobak-es-lakosztalyok\/premium-szoba\/#breadcrumb\"},\"inLanguage\":\"pl-PL\",\"potentialAction\":[{\"@type\":\"ReadAction\",\"target\":[\"https:\/\/www.minaromgallery.hu\/pl\/szobak-es-lakosztalyok\/premium-szoba\/\"]}]},{\"@type\":\"ImageObject\",\"inLanguage\":\"pl-PL\",\"@id\":\"https:\/\/www.minaromgallery.hu\/pl\/szobak-es-lakosztalyok\/premium-szoba\/#primaryimage\",\"url\":\"https:\/\/www.minaromgallery.hu\/wp-content\/uploads\/sites\/31\/2022\/12\/MGallery_Minaro_homepage_slide01.jpg\",\"contentUrl\":\"https:\/\/www.minaromgallery.hu\/wp-content\/uploads\/sites\/31\/2022\/12\/MGallery_Minaro_homepage_slide01.jpg\",\"width\":2200,\"height\":1200},{\"@type\":\"BreadcrumbList\",\"@id\":\"https:\/\/www.minaromgallery.hu\/pl\/szobak-es-lakosztalyok\/premium-szoba\/#breadcrumb\",\"itemListElement\":[{\"@type\":\"ListItem\",\"position\":1,\"name\":\"Home\",\"item\":\"https:\/\/www.minaromgallery.hu\/pl\/\"},{\"@type\":\"ListItem\",\"position\":2,\"name\":\"Pokoje i apartamenty\",\"item\":\"https:\/\/www.minaromgallery.hu\/pl\/szobak-es-lakosztalyok\/\"},{\"@type\":\"ListItem\",\"position\":3,\"name\":\"Pok\u00f3j Premium\"}]},{\"@type\":\"WebSite\",\"@id\":\"https:\/\/www.minaromgallery.hu\/#website\",\"url\":\"https:\/\/www.minaromgallery.hu\/\",\"name\":\"MGallery Minaro Hotel Tokaj\",\"description\":\"\",\"potentialAction\":[{\"@type\":\"SearchAction\",\"target\":{\"@type\":\"EntryPoint\",\"urlTemplate\":\"https:\/\/www.minaromgallery.hu\/?s={search_term_string}\"},\"query-input\":{\"@type\":\"PropertyValueSpecification\",\"valueRequired\":true,\"valueName\":\"search_term_string\"}}],\"inLanguage\":\"pl-PL\"}]}<\/script>\n<!-- \/ Yoast SEO plugin. -->","yoast_head_json":{"title":"Pok\u00f3j Premium - MGallery Minaro Hotel Tokaj -","description":"Ciesz si\u0119 wyrafinowanym komfortem w naszych pokojach Premium, inspirowanych t\u0119tni\u0105c\u0105 \u017cyciem atmosfer\u0105 Ameryki Po\u0142udniowej. Naturalne tekstury, ciep\u0142e odcienie ziemi oraz motyw kalendarza Maj\u00f3w w sypialni tworz\u0105 wyj\u0105tkow\u0105 atmosfer\u0119, uzupe\u0142nion\u0105 widokiem na zewn\u0119trzny basen hotelu. Pok\u00f3j wyposa\u017cony jest w \u0142\u00f3\u017cko typu king-size z po\u015bciel\u0105 premium oraz nowoczesn\u0105 \u0142azienk\u0119 inspirowan\u0105 tropikalnym lasem, z kosmetykami L\u2019Occitane, w tym balsamem do ust i kremem do r\u0105k. Dope\u0142nieniem do\u015bwiadczenia jest minibar w cenie, oferuj\u0105cy gotowe koktajle, napoje bezalkoholowe oraz szeroki wyb\u00f3r po\u0142udniowoameryka\u0144skich kaw Nespresso. .","robots":{"index":"index","follow":"follow","max-snippet":"max-snippet:-1","max-image-preview":"max-image-preview:large","max-video-preview":"max-video-preview:-1"},"canonical":"https:\/\/www.minaromgallery.hu\/pl\/szobak-es-lakosztalyok\/premium-szoba\/","og_locale":"pl_PL","og_type":"article","og_title":"Pok\u00f3j Premium - MGallery Minaro Hotel Tokaj -","og_description":"Ciesz si\u0119 wyrafinowanym komfortem w naszych pokojach Premium, inspirowanych t\u0119tni\u0105c\u0105 \u017cyciem atmosfer\u0105 Ameryki Po\u0142udniowej. Naturalne tekstury, ciep\u0142e odcienie ziemi oraz motyw kalendarza Maj\u00f3w w sypialni tworz\u0105 wyj\u0105tkow\u0105 atmosfer\u0119, uzupe\u0142nion\u0105 widokiem na zewn\u0119trzny basen hotelu. Pok\u00f3j wyposa\u017cony jest w \u0142\u00f3\u017cko typu king-size z po\u015bciel\u0105 premium oraz nowoczesn\u0105 \u0142azienk\u0119 inspirowan\u0105 tropikalnym lasem, z kosmetykami L\u2019Occitane, w tym balsamem do ust i kremem do r\u0105k. Dope\u0142nieniem do\u015bwiadczenia jest minibar w cenie, oferuj\u0105cy gotowe koktajle, napoje bezalkoholowe oraz szeroki wyb\u00f3r po\u0142udniowoameryka\u0144skich kaw Nespresso. .","og_url":"https:\/\/www.minaromgallery.hu\/pl\/szobak-es-lakosztalyok\/premium-szoba\/","og_site_name":"MGallery Minaro Hotel Tokaj","article_modified_time":"2026-04-16T07:38:56+00:00","og_image":[{"width":2200,"height":1200,"url":"https:\/\/www.minaromgallery.hu\/wp-content\/uploads\/sites\/31\/2022\/12\/MGallery_Minaro_homepage_slide01.jpg","type":"image\/jpeg"}],"twitter_card":"summary_large_image","schema":{"@context":"https:\/\/schema.org","@graph":[{"@type":"WebPage","@id":"https:\/\/www.minaromgallery.hu\/pl\/szobak-es-lakosztalyok\/premium-szoba\/","url":"https:\/\/www.minaromgallery.hu\/pl\/szobak-es-lakosztalyok\/premium-szoba\/","name":"Pok\u00f3j Premium - MGallery Minaro Hotel Tokaj -","isPartOf":{"@id":"https:\/\/www.minaromgallery.hu\/#website"},"primaryImageOfPage":{"@id":"https:\/\/www.minaromgallery.hu\/pl\/szobak-es-lakosztalyok\/premium-szoba\/#primaryimage"},"image":{"@id":"https:\/\/www.minaromgallery.hu\/pl\/szobak-es-lakosztalyok\/premium-szoba\/#primaryimage"},"thumbnailUrl":"https:\/\/www.minaromgallery.hu\/wp-content\/uploads\/sites\/31\/2022\/12\/MGallery_Minaro_homepage_slide01.jpg","datePublished":"2026-03-30T13:03:40+00:00","dateModified":"2026-04-16T07:38:56+00:00","description":"Ciesz si\u0119 wyrafinowanym komfortem w naszych pokojach Premium, inspirowanych t\u0119tni\u0105c\u0105 \u017cyciem atmosfer\u0105 Ameryki Po\u0142udniowej. Naturalne tekstury, ciep\u0142e odcienie ziemi oraz motyw kalendarza Maj\u00f3w w sypialni tworz\u0105 wyj\u0105tkow\u0105 atmosfer\u0119, uzupe\u0142nion\u0105 widokiem na zewn\u0119trzny basen hotelu. Pok\u00f3j wyposa\u017cony jest w \u0142\u00f3\u017cko typu king-size z po\u015bciel\u0105 premium oraz nowoczesn\u0105 \u0142azienk\u0119 inspirowan\u0105 tropikalnym lasem, z kosmetykami L\u2019Occitane, w tym balsamem do ust i kremem do r\u0105k. Dope\u0142nieniem do\u015bwiadczenia jest minibar w cenie, oferuj\u0105cy gotowe koktajle, napoje bezalkoholowe oraz szeroki wyb\u00f3r po\u0142udniowoameryka\u0144skich kaw Nespresso. .","breadcrumb":{"@id":"https:\/\/www.minaromgallery.hu\/pl\/szobak-es-lakosztalyok\/premium-szoba\/#breadcrumb"},"inLanguage":"pl-PL","potentialAction":[{"@type":"ReadAction","target":["https:\/\/www.minaromgallery.hu\/pl\/szobak-es-lakosztalyok\/premium-szoba\/"]}]},{"@type":"ImageObject","inLanguage":"pl-PL","@id":"https:\/\/www.minaromgallery.hu\/pl\/szobak-es-lakosztalyok\/premium-szoba\/#primaryimage","url":"https:\/\/www.minaromgallery.hu\/wp-content\/uploads\/sites\/31\/2022\/12\/MGallery_Minaro_homepage_slide01.jpg","contentUrl":"https:\/\/www.minaromgallery.hu\/wp-content\/uploads\/sites\/31\/2022\/12\/MGallery_Minaro_homepage_slide01.jpg","width":2200,"height":1200},{"@type":"BreadcrumbList","@id":"https:\/\/www.minaromgallery.hu\/pl\/szobak-es-lakosztalyok\/premium-szoba\/#breadcrumb","itemListElement":[{"@type":"ListItem","position":1,"name":"Home","item":"https:\/\/www.minaromgallery.hu\/pl\/"},{"@type":"ListItem","position":2,"name":"Pokoje i apartamenty","item":"https:\/\/www.minaromgallery.hu\/pl\/szobak-es-lakosztalyok\/"},{"@type":"ListItem","position":3,"name":"Pok\u00f3j Premium"}]},{"@type":"WebSite","@id":"https:\/\/www.minaromgallery.hu\/#website","url":"https:\/\/www.minaromgallery.hu\/","name":"MGallery Minaro Hotel Tokaj","description":"","potentialAction":[{"@type":"SearchAction","target":{"@type":"EntryPoint","urlTemplate":"https:\/\/www.minaromgallery.hu\/?s={search_term_string}"},"query-input":{"@type":"PropertyValueSpecification","valueRequired":true,"valueName":"search_term_string"}}],"inLanguage":"pl-PL"}]}},"_links":{"self":[{"href":"https:\/\/www.minaromgallery.hu\/pl\/wp-json\/wp\/v2\/pages\/1903","targetHints":{"allow":["GET"]}}],"collection":[{"href":"https:\/\/www.minaromgallery.hu\/pl\/wp-json\/wp\/v2\/pages"}],"about":[{"href":"https:\/\/www.minaromgallery.hu\/pl\/wp-json\/wp\/v2\/types\/page"}],"author":[{"embeddable":true,"href":"https:\/\/www.minaromgallery.hu\/pl\/wp-json\/wp\/v2\/users\/362"}],"replies":[{"embeddable":true,"href":"https:\/\/www.minaromgallery.hu\/pl\/wp-json\/wp\/v2\/comments?post=1903"}],"version-history":[{"count":2,"href":"https:\/\/www.minaromgallery.hu\/pl\/wp-json\/wp\/v2\/pages\/1903\/revisions"}],"predecessor-version":[{"id":1905,"href":"https:\/\/www.minaromgallery.hu\/pl\/wp-json\/wp\/v2\/pages\/1903\/revisions\/1905"}],"up":[{"embeddable":true,"href":"https:\/\/www.minaromgallery.hu\/pl\/wp-json\/wp\/v2\/pages\/314"}],"wp:featuredmedia":[{"embeddable":true,"href":"https:\/\/www.minaromgallery.hu\/pl\/wp-json\/wp\/v2\/media\/5"}],"wp:attachment":[{"href":"https:\/\/www.minaromgallery.hu\/pl\/wp-json\/wp\/v2\/media?parent=1903"}],"wp:term":[{"taxonomy":"category","embeddable":true,"href":"https:\/\/www.minaromgallery.hu\/pl\/wp-json\/wp\/v2\/categories?post=1903"}],"curies":[{"name":"wp","href":"https:\/\/api.w.org\/{rel}","templated":true}]}}